{"id":144723,"date":"2025-05-18T23:31:52","date_gmt":"2025-05-18T23:31:52","guid":{"rendered":"https:\/\/staging2.stylingagenten.com\/fi\/produkt\/batiste-dry-shampoo-tropical-200ml\/"},"modified":"2026-03-11T21:42:21","modified_gmt":"2026-03-11T21:42:21","slug":"batiste-dry-shampoo-tropical-200ml","status":"publish","type":"product","link":"https:\/\/stylingagenten.com\/fi\/tuote\/batiste-dry-shampoo-tropical-200ml\/","title":{"rendered":"Batiste Dry Shampoo Tropical 200ml"},"content":{"rendered":"<p>Batiste kuivashampoo on t\u00e4ydellinen tuote, joka puhdistaa ja virkist\u00e4\u00e4 hiuksesi v\u00e4litt\u00f6m\u00e4sti pesujen v\u00e4lill\u00e4. Batiste-kuivashampoota on saatavana useissa eri muodoissa, se on helppo levitt\u00e4\u00e4 ja antaa hiuksillesi &#8221;tuorepestyn&#8221; ilmeen. ulkon\u00e4k\u00f6.<\/p>\n<p>Batiste Dry Shampoo Tropical on eksoottinen kookoksen tuoksu.<\/p>\n","protected":false},"excerpt":{"rendered":"<p>Batiste kuivashampoo on t\u00e4ydellinen tuote, joka puhdistaa ja virkist\u00e4\u00e4 hiuksesi v\u00e4litt\u00f6m\u00e4sti pesujen v\u00e4lill\u00e4. Batiste-kuivashampoota on saatavana useissa eri muodoissa, se on helppo levitt\u00e4\u00e4 ja antaa hiuksillesi &#8221;tuorepestyn&#8221; ilmeen. ulkon\u00e4k\u00f6. Batiste Dry Shampoo Tropical on eksoottinen kookoksen tuoksu.<\/p>\n","protected":false},"featured_media":144721,"comment_status":"open","ping_status":"closed","template":"","meta":{"_trash_the_other_posts":false},"product_brand":[],"product_cat":[575],"product_tag":[],"berocket_brand":[1136],"class_list":{"0":"post-144723","1":"product","2":"type-product","3":"status-publish","4":"has-post-thumbnail","6":"product_cat-kuivashampoo","7":"pa_brand-batiste","8":"berocket_brand-batiste","10":"first","11":"instock","12":"sale","13":"taxable","14":"shipping-taxable","15":"purchasable","16":"product-type-simple"},"_links":{"self":[{"href":"https:\/\/stylingagenten.com\/fi\/wp-json\/wp\/v2\/product\/144723","targetHints":{"allow":["GET"]}}],"collection":[{"href":"https:\/\/stylingagenten.com\/fi\/wp-json\/wp\/v2\/product"}],"about":[{"href":"https:\/\/stylingagenten.com\/fi\/wp-json\/wp\/v2\/types\/product"}],"replies":[{"embeddable":true,"href":"https:\/\/stylingagenten.com\/fi\/wp-json\/wp\/v2\/comments?post=144723"}],"version-history":[{"count":0,"href":"https:\/\/stylingagenten.com\/fi\/wp-json\/wp\/v2\/product\/144723\/revisions"}],"wp:featuredmedia":[{"embeddable":true,"href":"https:\/\/stylingagenten.com\/fi\/wp-json\/wp\/v2\/media\/144721"}],"wp:attachment":[{"href":"https:\/\/stylingagenten.com\/fi\/wp-json\/wp\/v2\/media?parent=144723"}],"wp:term":[{"taxonomy":"product_brand","embeddable":true,"href":"https:\/\/stylingagenten.com\/fi\/wp-json\/wp\/v2\/product_brand?post=144723"},{"taxonomy":"product_cat","embeddable":true,"href":"https:\/\/stylingagenten.com\/fi\/wp-json\/wp\/v2\/product_cat?post=144723"},{"taxonomy":"product_tag","embeddable":true,"href":"https:\/\/stylingagenten.com\/fi\/wp-json\/wp\/v2\/product_tag?post=144723"},{"taxonomy":"berocket_brand","embeddable":true,"href":"https:\/\/stylingagenten.com\/fi\/wp-json\/wp\/v2\/berocket_brand?post=144723"}],"curies":[{"name":"wp","href":"https:\/\/api.w.org\/{rel}","templated":true}]}}