{"id":144698,"date":"2025-05-18T23:31:45","date_gmt":"2025-05-18T23:31:45","guid":{"rendered":"https:\/\/staging2.stylingagenten.com\/fi\/produkt\/wella-eimi-dry-me-dry-shampoo-180ml\/"},"modified":"2026-04-01T13:57:40","modified_gmt":"2026-04-01T13:57:40","slug":"wella-eimi-dry-me-dry-shampoo-180ml","status":"publish","type":"product","link":"https:\/\/stylingagenten.com\/fi\/tuote\/wella-eimi-dry-me-dry-shampoo-180ml\/","title":{"rendered":"Wella EIMI Dry Me Dry Shampoo 180ml"},"content":{"rendered":"<p>Luo \u00e4\u00e4nenvoimakkuus ja f&aring; Wella EIMI Dry Me Dry Shampoo tuo juuri pestyjen hiusten tunteen. <br \/>T\u00e4m\u00e4 kuivashampoo sis\u00e4lt\u00e4\u00e4 tapioka-risiiniuutetta, joka imee hiuksiin ylim\u00e4\u00e4r\u00e4isen \u00f6ljyn j\u00e4tt\u00e4en hiukset paksummiksi, vaaleammiksi ja puhtaammiksi.<\/p>\n","protected":false},"excerpt":{"rendered":"<p>Luo \u00e4\u00e4nenvoimakkuus ja f&aring; Wella EIMI Dry Me Dry Shampoo tuo juuri pestyjen hiusten tunteen. T\u00e4m\u00e4 kuivashampoo sis\u00e4lt\u00e4\u00e4 tapioka-risiiniuutetta, joka imee hiuksiin ylim\u00e4\u00e4r\u00e4isen \u00f6ljyn j\u00e4tt\u00e4en hiukset paksummiksi, vaaleammiksi ja puhtaammiksi.<\/p>\n","protected":false},"featured_media":144695,"comment_status":"open","ping_status":"closed","template":"","meta":{"_trash_the_other_posts":false},"product_brand":[],"product_cat":[575],"product_tag":[],"berocket_brand":[1030],"class_list":{"0":"post-144698","1":"product","2":"type-product","3":"status-publish","4":"has-post-thumbnail","6":"product_cat-kuivashampoo","7":"pa_brand-wella","8":"berocket_brand-wella","10":"first","11":"instock","12":"sale","13":"taxable","14":"shipping-taxable","15":"purchasable","16":"product-type-simple"},"_links":{"self":[{"href":"https:\/\/stylingagenten.com\/fi\/wp-json\/wp\/v2\/product\/144698","targetHints":{"allow":["GET"]}}],"collection":[{"href":"https:\/\/stylingagenten.com\/fi\/wp-json\/wp\/v2\/product"}],"about":[{"href":"https:\/\/stylingagenten.com\/fi\/wp-json\/wp\/v2\/types\/product"}],"replies":[{"embeddable":true,"href":"https:\/\/stylingagenten.com\/fi\/wp-json\/wp\/v2\/comments?post=144698"}],"version-history":[{"count":0,"href":"https:\/\/stylingagenten.com\/fi\/wp-json\/wp\/v2\/product\/144698\/revisions"}],"wp:featuredmedia":[{"embeddable":true,"href":"https:\/\/stylingagenten.com\/fi\/wp-json\/wp\/v2\/media\/144695"}],"wp:attachment":[{"href":"https:\/\/stylingagenten.com\/fi\/wp-json\/wp\/v2\/media?parent=144698"}],"wp:term":[{"taxonomy":"product_brand","embeddable":true,"href":"https:\/\/stylingagenten.com\/fi\/wp-json\/wp\/v2\/product_brand?post=144698"},{"taxonomy":"product_cat","embeddable":true,"href":"https:\/\/stylingagenten.com\/fi\/wp-json\/wp\/v2\/product_cat?post=144698"},{"taxonomy":"product_tag","embeddable":true,"href":"https:\/\/stylingagenten.com\/fi\/wp-json\/wp\/v2\/product_tag?post=144698"},{"taxonomy":"berocket_brand","embeddable":true,"href":"https:\/\/stylingagenten.com\/fi\/wp-json\/wp\/v2\/berocket_brand?post=144698"}],"curies":[{"name":"wp","href":"https:\/\/api.w.org\/{rel}","templated":true}]}}