{"id":144689,"date":"2025-05-18T23:31:43","date_gmt":"2025-05-18T23:31:43","guid":{"rendered":"https:\/\/staging2.stylingagenten.com\/fi\/produkt\/batiste-bare-dry-shampoo-200ml\/"},"modified":"2026-04-14T07:09:18","modified_gmt":"2026-04-14T07:09:18","slug":"batiste-bare-dry-shampoo-200ml","status":"publish","type":"product","link":"https:\/\/stylingagenten.com\/fi\/tuote\/batiste-bare-dry-shampoo-200ml\/","title":{"rendered":"Batiste Bare Dry Shampoo 200ml"},"content":{"rendered":"<p>Batiste kuivashampoo on t\u00e4ydellinen tuote, joka puhdistaa ja virkist\u00e4\u00e4 hiuksesi v\u00e4litt\u00f6m\u00e4sti pesujen v\u00e4lill\u00e4. Batiste-kuivashampoota on saatavana useita eri muotoja, ja se on helppo levitt\u00e4\u00e4.<\/p>\n<p>Sill\u00e4 on vain kevyempi ja hillitty tuoksu, joka ei kilpaile suosikkihajuvedesi kanssa. Hell\u00e4varaisia \u200b\u200bkukkia, ripaus sitrushedelmi\u00e4, vihreit\u00e4 lehti\u00e4 ja ripaus vaniljaa.<\/p>\n<p><\/p>\n","protected":false},"excerpt":{"rendered":"<p>Batiste kuivashampoo on t\u00e4ydellinen tuote, joka puhdistaa ja virkist\u00e4\u00e4 hiuksesi v\u00e4litt\u00f6m\u00e4sti pesujen v\u00e4lill\u00e4. Batiste-kuivashampoota on saatavana useita eri muotoja, ja se on helppo levitt\u00e4\u00e4. Sill\u00e4 on vain kevyempi ja hillitty tuoksu, joka ei kilpaile suosikkihajuvedesi kanssa. Hell\u00e4varaisia \u200b\u200bkukkia, ripaus sitrushedelmi\u00e4, vihreit\u00e4 lehti\u00e4 ja ripaus vaniljaa.<\/p>\n","protected":false},"featured_media":144687,"comment_status":"open","ping_status":"closed","template":"","meta":{"_trash_the_other_posts":false},"product_brand":[],"product_cat":[575],"product_tag":[],"berocket_brand":[1136],"class_list":{"0":"post-144689","1":"product","2":"type-product","3":"status-publish","4":"has-post-thumbnail","6":"product_cat-kuivashampoo","7":"pa_brand-batiste","8":"berocket_brand-batiste","10":"first","11":"instock","12":"sale","13":"taxable","14":"shipping-taxable","15":"purchasable","16":"product-type-simple"},"_links":{"self":[{"href":"https:\/\/stylingagenten.com\/fi\/wp-json\/wp\/v2\/product\/144689","targetHints":{"allow":["GET"]}}],"collection":[{"href":"https:\/\/stylingagenten.com\/fi\/wp-json\/wp\/v2\/product"}],"about":[{"href":"https:\/\/stylingagenten.com\/fi\/wp-json\/wp\/v2\/types\/product"}],"replies":[{"embeddable":true,"href":"https:\/\/stylingagenten.com\/fi\/wp-json\/wp\/v2\/comments?post=144689"}],"version-history":[{"count":0,"href":"https:\/\/stylingagenten.com\/fi\/wp-json\/wp\/v2\/product\/144689\/revisions"}],"wp:featuredmedia":[{"embeddable":true,"href":"https:\/\/stylingagenten.com\/fi\/wp-json\/wp\/v2\/media\/144687"}],"wp:attachment":[{"href":"https:\/\/stylingagenten.com\/fi\/wp-json\/wp\/v2\/media?parent=144689"}],"wp:term":[{"taxonomy":"product_brand","embeddable":true,"href":"https:\/\/stylingagenten.com\/fi\/wp-json\/wp\/v2\/product_brand?post=144689"},{"taxonomy":"product_cat","embeddable":true,"href":"https:\/\/stylingagenten.com\/fi\/wp-json\/wp\/v2\/product_cat?post=144689"},{"taxonomy":"product_tag","embeddable":true,"href":"https:\/\/stylingagenten.com\/fi\/wp-json\/wp\/v2\/product_tag?post=144689"},{"taxonomy":"berocket_brand","embeddable":true,"href":"https:\/\/stylingagenten.com\/fi\/wp-json\/wp\/v2\/berocket_brand?post=144689"}],"curies":[{"name":"wp","href":"https:\/\/api.w.org\/{rel}","templated":true}]}}