{"id":144685,"date":"2025-05-18T23:31:42","date_gmt":"2025-05-18T23:31:42","guid":{"rendered":"https:\/\/staging2.stylingagenten.com\/fi\/produkt\/ellwo-dry-shampoo-200ml\/"},"modified":"2026-04-03T15:16:53","modified_gmt":"2026-04-03T15:16:53","slug":"ellwo-dry-shampoo-200ml","status":"publish","type":"product","link":"https:\/\/stylingagenten.com\/fi\/tuote\/ellwo-dry-shampoo-200ml\/","title":{"rendered":"Ellwo Dry Shampoo 200ml"},"content":{"rendered":"<p>Ellwo Dry Shampoo on volyymia lis\u00e4\u00e4v\u00e4 ja v\u00e4ri\u00e4 s\u00e4ilytt\u00e4v\u00e4 kuivashampoo, joka poistaa ja neutraloi rasvan hiuksista. <br \/>Antaa pitoa ja tekstuuria muotoilun aikana. T\u00e4ydellinen niille hiusten osille, jotka tarvitsevat lis\u00e4\u00e4 volyymia tai nopeaa virkistyst\u00e4. <br \/>Sopii kaikkiin hiuksiin ja pituuksiin. Rikastettu argan\u00f6ljyll\u00e4.<\/p>\n<p>Sulfaatti- ja parabeeniton<br \/>vegaaninen<br \/>v\u00e4rien s\u00e4il\u00f6nt\u00e4<\/p>\n","protected":false},"excerpt":{"rendered":"<p>Ellwo Dry Shampoo on volyymia lis\u00e4\u00e4v\u00e4 ja v\u00e4ri\u00e4 s\u00e4ilytt\u00e4v\u00e4 kuivashampoo, joka poistaa ja neutraloi rasvan hiuksista. Antaa pitoa ja tekstuuria muotoilun aikana. T\u00e4ydellinen niille hiusten osille, jotka tarvitsevat lis\u00e4\u00e4 volyymia tai nopeaa virkistyst\u00e4. Sopii kaikkiin hiuksiin ja pituuksiin. Rikastettu argan\u00f6ljyll\u00e4. Sulfaatti- ja parabeenitonvegaaninenv\u00e4rien s\u00e4il\u00f6nt\u00e4<\/p>\n","protected":false},"featured_media":144683,"comment_status":"open","ping_status":"closed","template":"","meta":{"_trash_the_other_posts":false},"product_brand":[],"product_cat":[575],"product_tag":[],"berocket_brand":[1305],"class_list":{"0":"post-144685","1":"product","2":"type-product","3":"status-publish","4":"has-post-thumbnail","6":"product_cat-kuivashampoo","7":"pa_brand-ellwo-professional","8":"berocket_brand-ellwo-professional","10":"first","11":"instock","12":"sale","13":"taxable","14":"shipping-taxable","15":"purchasable","16":"product-type-simple"},"_links":{"self":[{"href":"https:\/\/stylingagenten.com\/fi\/wp-json\/wp\/v2\/product\/144685","targetHints":{"allow":["GET"]}}],"collection":[{"href":"https:\/\/stylingagenten.com\/fi\/wp-json\/wp\/v2\/product"}],"about":[{"href":"https:\/\/stylingagenten.com\/fi\/wp-json\/wp\/v2\/types\/product"}],"replies":[{"embeddable":true,"href":"https:\/\/stylingagenten.com\/fi\/wp-json\/wp\/v2\/comments?post=144685"}],"version-history":[{"count":0,"href":"https:\/\/stylingagenten.com\/fi\/wp-json\/wp\/v2\/product\/144685\/revisions"}],"wp:featuredmedia":[{"embeddable":true,"href":"https:\/\/stylingagenten.com\/fi\/wp-json\/wp\/v2\/media\/144683"}],"wp:attachment":[{"href":"https:\/\/stylingagenten.com\/fi\/wp-json\/wp\/v2\/media?parent=144685"}],"wp:term":[{"taxonomy":"product_brand","embeddable":true,"href":"https:\/\/stylingagenten.com\/fi\/wp-json\/wp\/v2\/product_brand?post=144685"},{"taxonomy":"product_cat","embeddable":true,"href":"https:\/\/stylingagenten.com\/fi\/wp-json\/wp\/v2\/product_cat?post=144685"},{"taxonomy":"product_tag","embeddable":true,"href":"https:\/\/stylingagenten.com\/fi\/wp-json\/wp\/v2\/product_tag?post=144685"},{"taxonomy":"berocket_brand","embeddable":true,"href":"https:\/\/stylingagenten.com\/fi\/wp-json\/wp\/v2\/berocket_brand?post=144685"}],"curies":[{"name":"wp","href":"https:\/\/api.w.org\/{rel}","templated":true}]}}