{"id":144684,"date":"2025-05-18T23:31:41","date_gmt":"2025-05-18T23:31:41","guid":{"rendered":"https:\/\/staging2.stylingagenten.com\/fi\/produkt\/2-pack-batiste-dry-shampoo-original-stor-200ml\/"},"modified":"2025-12-17T20:05:31","modified_gmt":"2025-12-17T20:05:31","slug":"2-pack-batiste-dry-shampoo-original-stor-200ml","status":"publish","type":"product","link":"https:\/\/stylingagenten.com\/fi\/tuote\/2-pack-batiste-dry-shampoo-original-stor-200ml\/","title":{"rendered":"2-pack Batiste Dry Shampoo Original 200ml"},"content":{"rendered":"<p>Batiste kuivashampoo on t\u00e4ydellinen tuote, joka puhdistaa ja virkist\u00e4\u00e4 hiuksesi v\u00e4litt\u00f6m\u00e4sti pesujen v\u00e4lill\u00e4. Batiste-kuivashampoota on saatavana useissa eri muodoissa, se on helppo levitt\u00e4\u00e4 ja antaa hiuksillesi &#8221;tuorepestyn&#8221; ilmeen. ulkon\u00e4k\u00f6.<\/p>\n<p>Batiste Dry Shampoo Originalissa on klassinen raikas tuoksu.<\/p>\n","protected":false},"excerpt":{"rendered":"<p>Batiste kuivashampoo on t\u00e4ydellinen tuote, joka puhdistaa ja virkist\u00e4\u00e4 hiuksesi v\u00e4litt\u00f6m\u00e4sti pesujen v\u00e4lill\u00e4. Batiste-kuivashampoota on saatavana useissa eri muodoissa, se on helppo levitt\u00e4\u00e4 ja antaa hiuksillesi &#8221;tuorepestyn&#8221; ilmeen. ulkon\u00e4k\u00f6. Batiste Dry Shampoo Originalissa on klassinen raikas tuoksu.<\/p>\n","protected":false},"featured_media":144682,"comment_status":"open","ping_status":"closed","template":"","meta":{"_trash_the_other_posts":false},"product_brand":[],"product_cat":[575,672],"product_tag":[],"berocket_brand":[1136],"class_list":{"0":"post-144684","1":"product","2":"type-product","3":"status-publish","4":"has-post-thumbnail","6":"product_cat-kuivashampoo","7":"product_cat-monipakkaus-hiukset","8":"pa_brand-batiste","9":"berocket_brand-batiste","11":"first","12":"instock","13":"sale","14":"taxable","15":"shipping-taxable","16":"purchasable","17":"product-type-simple"},"_links":{"self":[{"href":"https:\/\/stylingagenten.com\/fi\/wp-json\/wp\/v2\/product\/144684","targetHints":{"allow":["GET"]}}],"collection":[{"href":"https:\/\/stylingagenten.com\/fi\/wp-json\/wp\/v2\/product"}],"about":[{"href":"https:\/\/stylingagenten.com\/fi\/wp-json\/wp\/v2\/types\/product"}],"replies":[{"embeddable":true,"href":"https:\/\/stylingagenten.com\/fi\/wp-json\/wp\/v2\/comments?post=144684"}],"version-history":[{"count":0,"href":"https:\/\/stylingagenten.com\/fi\/wp-json\/wp\/v2\/product\/144684\/revisions"}],"wp:featuredmedia":[{"embeddable":true,"href":"https:\/\/stylingagenten.com\/fi\/wp-json\/wp\/v2\/media\/144682"}],"wp:attachment":[{"href":"https:\/\/stylingagenten.com\/fi\/wp-json\/wp\/v2\/media?parent=144684"}],"wp:term":[{"taxonomy":"product_brand","embeddable":true,"href":"https:\/\/stylingagenten.com\/fi\/wp-json\/wp\/v2\/product_brand?post=144684"},{"taxonomy":"product_cat","embeddable":true,"href":"https:\/\/stylingagenten.com\/fi\/wp-json\/wp\/v2\/product_cat?post=144684"},{"taxonomy":"product_tag","embeddable":true,"href":"https:\/\/stylingagenten.com\/fi\/wp-json\/wp\/v2\/product_tag?post=144684"},{"taxonomy":"berocket_brand","embeddable":true,"href":"https:\/\/stylingagenten.com\/fi\/wp-json\/wp\/v2\/berocket_brand?post=144684"}],"curies":[{"name":"wp","href":"https:\/\/api.w.org\/{rel}","templated":true}]}}