{"id":144649,"date":"2025-05-18T23:31:34","date_gmt":"2025-05-18T23:31:34","guid":{"rendered":"https:\/\/staging2.stylingagenten.com\/fi\/produkt\/balmain-dry-shampoo-300ml\/"},"modified":"2026-03-11T21:59:31","modified_gmt":"2026-03-11T21:59:31","slug":"balmain-dry-shampoo-300ml","status":"publish","type":"product","link":"https:\/\/stylingagenten.com\/fi\/tuote\/balmain-dry-shampoo-300ml\/","title":{"rendered":"Balmain Dry Shampoo 300ml"},"content":{"rendered":"<p>Balmain Hair Couture Dry Shampoo on erityisesti kehitetty v\u00e4litt\u00f6m\u00e4sti virkist\u00e4m\u00e4\u00e4n \u00f6ljyisi\u00e4 ja rasvaisia \u200b\u200bhiuksia. T\u00e4m\u00e4 monipuolinen tuote, joka on rikastettu tunnusomaisella Argan Elixirin ja Silk Proteiinin sekoituksella, puhdistaa hiukset ja lis\u00e4\u00e4 samalla volyymia. Tuote imee likaa j\u00e4tt\u00e4en hiuksiin &#8221;tuorepestyn&#8221; tunteen. Kevyt koostumus nostaa hiukset tyvest\u00e4 luoden \u00e4\u00e4rimm\u00e4isen sile\u00e4n lopputuloksen. Ainutlaatuinen tuoksu poistaa ei-toivotut hajut ja j\u00e4tt\u00e4\u00e4 hiuksiin hienovaraisen virkist\u00e4v\u00e4n tuoksun.<\/p>\n","protected":false},"excerpt":{"rendered":"<p>Balmain Hair Couture Dry Shampoo on erityisesti kehitetty v\u00e4litt\u00f6m\u00e4sti virkist\u00e4m\u00e4\u00e4n \u00f6ljyisi\u00e4 ja rasvaisia \u200b\u200bhiuksia. T\u00e4m\u00e4 monipuolinen tuote, joka on rikastettu tunnusomaisella Argan Elixirin ja Silk Proteiinin sekoituksella, puhdistaa hiukset ja lis\u00e4\u00e4 samalla volyymia. Tuote imee likaa j\u00e4tt\u00e4en hiuksiin &#8221;tuorepestyn&#8221; tunteen. Kevyt koostumus nostaa hiukset tyvest\u00e4 luoden \u00e4\u00e4rimm\u00e4isen sile\u00e4n lopputuloksen. Ainutlaatuinen tuoksu poistaa ei-toivotut hajut ja [&hellip;]<\/p>\n","protected":false},"featured_media":144647,"comment_status":"open","ping_status":"closed","template":"","meta":{"_trash_the_other_posts":false},"product_brand":[],"product_cat":[575],"product_tag":[2456],"berocket_brand":[1144],"class_list":{"0":"post-144649","1":"product","2":"type-product","3":"status-publish","4":"has-post-thumbnail","6":"product_cat-kuivashampoo","7":"product_tag-balmain-dry-shampoo","8":"pa_brand-balmain","9":"pa_variantti-300ml","10":"berocket_brand-balmain","12":"first","13":"instock","14":"sale","15":"taxable","16":"shipping-taxable","17":"purchasable","18":"product-type-simple"},"_links":{"self":[{"href":"https:\/\/stylingagenten.com\/fi\/wp-json\/wp\/v2\/product\/144649","targetHints":{"allow":["GET"]}}],"collection":[{"href":"https:\/\/stylingagenten.com\/fi\/wp-json\/wp\/v2\/product"}],"about":[{"href":"https:\/\/stylingagenten.com\/fi\/wp-json\/wp\/v2\/types\/product"}],"replies":[{"embeddable":true,"href":"https:\/\/stylingagenten.com\/fi\/wp-json\/wp\/v2\/comments?post=144649"}],"version-history":[{"count":0,"href":"https:\/\/stylingagenten.com\/fi\/wp-json\/wp\/v2\/product\/144649\/revisions"}],"wp:featuredmedia":[{"embeddable":true,"href":"https:\/\/stylingagenten.com\/fi\/wp-json\/wp\/v2\/media\/144647"}],"wp:attachment":[{"href":"https:\/\/stylingagenten.com\/fi\/wp-json\/wp\/v2\/media?parent=144649"}],"wp:term":[{"taxonomy":"product_brand","embeddable":true,"href":"https:\/\/stylingagenten.com\/fi\/wp-json\/wp\/v2\/product_brand?post=144649"},{"taxonomy":"product_cat","embeddable":true,"href":"https:\/\/stylingagenten.com\/fi\/wp-json\/wp\/v2\/product_cat?post=144649"},{"taxonomy":"product_tag","embeddable":true,"href":"https:\/\/stylingagenten.com\/fi\/wp-json\/wp\/v2\/product_tag?post=144649"},{"taxonomy":"berocket_brand","embeddable":true,"href":"https:\/\/stylingagenten.com\/fi\/wp-json\/wp\/v2\/berocket_brand?post=144649"}],"curies":[{"name":"wp","href":"https:\/\/api.w.org\/{rel}","templated":true}]}}