{"id":144643,"date":"2025-05-18T23:31:33","date_gmt":"2025-05-18T23:31:33","guid":{"rendered":"https:\/\/staging2.stylingagenten.com\/fi\/produkt\/maria-nila-invisidry-shampoo-100ml\/"},"modified":"2026-03-11T21:48:50","modified_gmt":"2026-03-11T21:48:50","slug":"maria-nila-invisidry-shampoo-100ml","status":"publish","type":"product","link":"https:\/\/stylingagenten.com\/fi\/tuote\/maria-nila-invisidry-shampoo-100ml\/","title":{"rendered":"Maria Nila Invisidry Shampoo 100ml"},"content":{"rendered":"<p>Kevyt kuivashampoo suihkemuodossa, joka raikastaa hiukset ja p\u00e4\u00e4nahan nopeasti rasvalta ja lialta pesujen v\u00e4lill\u00e4. Invisidry Shampoo ei j\u00e4t\u00e4 n\u00e4kyv\u00e4\u00e4 tuotetta hiuksiin innovatiivisen koostumuksensa ansiosta ja on siksi t\u00e4ydellinen sek\u00e4 vaaleille ett\u00e4 tummille hiuksille. Tuotteessa on hedelm\u00e4inen passionhedelm\u00e4n ja omenan tuoksu.<br \/>Arvo 1\/5<br \/>Rakistaa hiuksia pesujen v\u00e4lill\u00e4<br \/>Sopii sek\u00e4 vaaleille ett\u00e4 tummille hiuksille<br \/>100 % vegaaninen ja el\u00e4inyst\u00e4v\u00e4llinen<\/p>\n","protected":false},"excerpt":{"rendered":"<p>Kevyt kuivashampoo suihkemuodossa, joka raikastaa hiukset ja p\u00e4\u00e4nahan nopeasti rasvalta ja lialta pesujen v\u00e4lill\u00e4. Invisidry Shampoo ei j\u00e4t\u00e4 n\u00e4kyv\u00e4\u00e4 tuotetta hiuksiin innovatiivisen koostumuksensa ansiosta ja on siksi t\u00e4ydellinen sek\u00e4 vaaleille ett\u00e4 tummille hiuksille. Tuotteessa on hedelm\u00e4inen passionhedelm\u00e4n ja omenan tuoksu.Arvo 1\/5Rakistaa hiuksia pesujen v\u00e4lill\u00e4Sopii sek\u00e4 vaaleille ett\u00e4 tummille hiuksille100 % vegaaninen ja el\u00e4inyst\u00e4v\u00e4llinen<\/p>\n","protected":false},"featured_media":144642,"comment_status":"open","ping_status":"closed","template":"","meta":{"_trash_the_other_posts":false},"product_brand":[],"product_cat":[575],"product_tag":[3412],"berocket_brand":[1388],"class_list":{"0":"post-144643","1":"product","2":"type-product","3":"status-publish","4":"has-post-thumbnail","6":"product_cat-kuivashampoo","7":"product_tag-maria-nila-invisidry-shampoo","8":"pa_brand-maria-nila","9":"pa_variantti-100ml","10":"berocket_brand-maria-nila","12":"first","13":"instock","14":"sale","15":"taxable","16":"shipping-taxable","17":"purchasable","18":"product-type-simple"},"_links":{"self":[{"href":"https:\/\/stylingagenten.com\/fi\/wp-json\/wp\/v2\/product\/144643","targetHints":{"allow":["GET"]}}],"collection":[{"href":"https:\/\/stylingagenten.com\/fi\/wp-json\/wp\/v2\/product"}],"about":[{"href":"https:\/\/stylingagenten.com\/fi\/wp-json\/wp\/v2\/types\/product"}],"replies":[{"embeddable":true,"href":"https:\/\/stylingagenten.com\/fi\/wp-json\/wp\/v2\/comments?post=144643"}],"version-history":[{"count":0,"href":"https:\/\/stylingagenten.com\/fi\/wp-json\/wp\/v2\/product\/144643\/revisions"}],"wp:featuredmedia":[{"embeddable":true,"href":"https:\/\/stylingagenten.com\/fi\/wp-json\/wp\/v2\/media\/144642"}],"wp:attachment":[{"href":"https:\/\/stylingagenten.com\/fi\/wp-json\/wp\/v2\/media?parent=144643"}],"wp:term":[{"taxonomy":"product_brand","embeddable":true,"href":"https:\/\/stylingagenten.com\/fi\/wp-json\/wp\/v2\/product_brand?post=144643"},{"taxonomy":"product_cat","embeddable":true,"href":"https:\/\/stylingagenten.com\/fi\/wp-json\/wp\/v2\/product_cat?post=144643"},{"taxonomy":"product_tag","embeddable":true,"href":"https:\/\/stylingagenten.com\/fi\/wp-json\/wp\/v2\/product_tag?post=144643"},{"taxonomy":"berocket_brand","embeddable":true,"href":"https:\/\/stylingagenten.com\/fi\/wp-json\/wp\/v2\/berocket_brand?post=144643"}],"curies":[{"name":"wp","href":"https:\/\/api.w.org\/{rel}","templated":true}]}}