{"id":144639,"date":"2025-05-18T23:31:31","date_gmt":"2025-05-18T23:31:31","guid":{"rendered":"https:\/\/staging2.stylingagenten.com\/fi\/produkt\/rco-death-valley-dry-shampoo-75ml\/"},"modified":"2025-11-19T12:15:42","modified_gmt":"2025-11-19T12:15:42","slug":"rco-death-valley-dry-shampoo-75ml","status":"publish","type":"product","link":"https:\/\/stylingagenten.com\/fi\/tuote\/rco-death-valley-dry-shampoo-75ml\/","title":{"rendered":"R+Co Death Valley Dry Shampoo 75ml"},"content":{"rendered":"<p>Death Valley Dry Shampoo<br \/>Ei suoraan kuin tavallinen kuivashampoo. Death Vally on nopein tapa luoda volyymia ja t\u00e4ytel\u00e4isyytt\u00e4. <\/p>\n<p>Sopii: Isoille, sotkuisille Bardot- tai Bon Jovi -hiuksille.<\/p>\n<p>K\u00e4ytt\u00f6:<br \/>Suihkuta hiuksiisi, kun silt\u00e4 tuntuu, niin siit\u00e4 tulee heti hauskempaa.<\/p>\n","protected":false},"excerpt":{"rendered":"<p>Death Valley Dry ShampooEi suoraan kuin tavallinen kuivashampoo. Death Vally on nopein tapa luoda volyymia ja t\u00e4ytel\u00e4isyytt\u00e4. Sopii: Isoille, sotkuisille Bardot- tai Bon Jovi -hiuksille. K\u00e4ytt\u00f6:Suihkuta hiuksiisi, kun silt\u00e4 tuntuu, niin siit\u00e4 tulee heti hauskempaa.<\/p>\n","protected":false},"featured_media":144638,"comment_status":"open","ping_status":"closed","template":"","meta":{"_trash_the_other_posts":false},"product_brand":[],"product_cat":[575],"product_tag":[],"berocket_brand":[1373],"class_list":{"0":"post-144639","1":"product","2":"type-product","3":"status-publish","4":"has-post-thumbnail","6":"product_cat-kuivashampoo","7":"pa_brand-rco","8":"berocket_brand-rco","10":"first","11":"outofstock","12":"sale","13":"taxable","14":"shipping-taxable","15":"purchasable","16":"product-type-simple"},"_links":{"self":[{"href":"https:\/\/stylingagenten.com\/fi\/wp-json\/wp\/v2\/product\/144639","targetHints":{"allow":["GET"]}}],"collection":[{"href":"https:\/\/stylingagenten.com\/fi\/wp-json\/wp\/v2\/product"}],"about":[{"href":"https:\/\/stylingagenten.com\/fi\/wp-json\/wp\/v2\/types\/product"}],"replies":[{"embeddable":true,"href":"https:\/\/stylingagenten.com\/fi\/wp-json\/wp\/v2\/comments?post=144639"}],"version-history":[{"count":0,"href":"https:\/\/stylingagenten.com\/fi\/wp-json\/wp\/v2\/product\/144639\/revisions"}],"wp:featuredmedia":[{"embeddable":true,"href":"https:\/\/stylingagenten.com\/fi\/wp-json\/wp\/v2\/media\/144638"}],"wp:attachment":[{"href":"https:\/\/stylingagenten.com\/fi\/wp-json\/wp\/v2\/media?parent=144639"}],"wp:term":[{"taxonomy":"product_brand","embeddable":true,"href":"https:\/\/stylingagenten.com\/fi\/wp-json\/wp\/v2\/product_brand?post=144639"},{"taxonomy":"product_cat","embeddable":true,"href":"https:\/\/stylingagenten.com\/fi\/wp-json\/wp\/v2\/product_cat?post=144639"},{"taxonomy":"product_tag","embeddable":true,"href":"https:\/\/stylingagenten.com\/fi\/wp-json\/wp\/v2\/product_tag?post=144639"},{"taxonomy":"berocket_brand","embeddable":true,"href":"https:\/\/stylingagenten.com\/fi\/wp-json\/wp\/v2\/berocket_brand?post=144639"}],"curies":[{"name":"wp","href":"https:\/\/api.w.org\/{rel}","templated":true}]}}