{"id":144624,"date":"2025-05-18T23:31:29","date_gmt":"2025-05-18T23:31:29","guid":{"rendered":"https:\/\/staging2.stylingagenten.com\/fi\/produkt\/living-proof-perfect-hair-day-advanced-clean-dry-shampoo-198ml\/"},"modified":"2026-04-08T15:29:30","modified_gmt":"2026-04-08T15:29:30","slug":"living-proof-perfect-hair-day-advanced-clean-dry-shampoo-198ml","status":"publish","type":"product","link":"https:\/\/stylingagenten.com\/fi\/tuote\/living-proof-perfect-hair-day-advanced-clean-dry-shampoo-198ml\/","title":{"rendered":"Living Proof Perfect Hair Day Advanced Clean Dry Shampoo 198ml"},"content":{"rendered":"<p>Living Proof on tehnyt mahdottomasta mahdollista. Kuivashampoo, joka antaa yht\u00e4 puhtaan tunteen kuin perinteinen shampoo. Mutta ilman vett\u00e4. Uuden Advanced Clean Dry Shampoon avulla p\u00e4\u00e4set helposti eroon \u00f6ljyst\u00e4, hiest\u00e4 ja hajuista samalla kun se lis\u00e4\u00e4 pehmeytt\u00e4, kiiltoa ja vastapestyn tunteen.<\/p>\n<p>\u2022 Puhdistaa kuten perinteinen shampoo<br \/>\n<br \/>\u2022 Antaa saman tunteen ja ulkon\u00e4\u00f6n kuin vastapestyill\u00e4 hiuksilla<br \/>\n<br \/>\u2022 Todella puhdistaa hiukset ja poistaa \u00f6ljyn, hien ja hajun<br \/>\n<br \/>\u2022 Hoitavat ominaisuudet, jotka tekev\u00e4t hiuksista pehme\u00e4t, kiilt\u00e4v\u00e4t ja helposti k\u00e4sitelt\u00e4v\u00e4t<br \/>\n<br \/>\u2022 Tasapainottaa talinerityst\u00e4, joten voit odottaa viel\u00e4 pidemp\u00e4\u00e4n hiustenpesujen v\u00e4lill\u00e4<br \/>\n<br \/>\u2022 Ei j\u00e4t\u00e4 n\u00e4kyvi\u00e4 tai teksturoituja j\u00e4\u00e4mi\u00e4<br \/>\n<br \/>\u2022 Virkist\u00e4\u00e4 hiuspohjaa<\/p>\n<p>198 ml<\/p>\n","protected":false},"excerpt":{"rendered":"<p>Living Proof on tehnyt mahdottomasta mahdollista. Kuivashampoo, joka antaa yht\u00e4 puhtaan tunteen kuin perinteinen shampoo. Mutta ilman vett\u00e4. Uuden Advanced Clean Dry Shampoon avulla p\u00e4\u00e4set helposti eroon \u00f6ljyst\u00e4, hiest\u00e4 ja hajuista samalla kun se lis\u00e4\u00e4 pehmeytt\u00e4, kiiltoa ja vastapestyn tunteen. \u2022 Puhdistaa kuten perinteinen shampoo \u2022 Antaa saman tunteen ja ulkon\u00e4\u00f6n kuin vastapestyill\u00e4 hiuksilla \u2022 [&hellip;]<\/p>\n","protected":false},"featured_media":144605,"comment_status":"open","ping_status":"closed","template":"","meta":{"_trash_the_other_posts":false},"product_brand":[],"product_cat":[575],"product_tag":[3224],"berocket_brand":[1392],"class_list":{"0":"post-144624","1":"product","2":"type-product","3":"status-publish","4":"has-post-thumbnail","6":"product_cat-kuivashampoo","7":"product_tag-living-proof-perfect-hair-day-advanced-clean-dry-shampoo","8":"pa_brand-living-proof","9":"pa_variantti-198ml","10":"berocket_brand-living-proof","12":"first","13":"instock","14":"sale","15":"taxable","16":"shipping-taxable","17":"purchasable","18":"product-type-simple"},"_links":{"self":[{"href":"https:\/\/stylingagenten.com\/fi\/wp-json\/wp\/v2\/product\/144624","targetHints":{"allow":["GET"]}}],"collection":[{"href":"https:\/\/stylingagenten.com\/fi\/wp-json\/wp\/v2\/product"}],"about":[{"href":"https:\/\/stylingagenten.com\/fi\/wp-json\/wp\/v2\/types\/product"}],"replies":[{"embeddable":true,"href":"https:\/\/stylingagenten.com\/fi\/wp-json\/wp\/v2\/comments?post=144624"}],"version-history":[{"count":0,"href":"https:\/\/stylingagenten.com\/fi\/wp-json\/wp\/v2\/product\/144624\/revisions"}],"wp:featuredmedia":[{"embeddable":true,"href":"https:\/\/stylingagenten.com\/fi\/wp-json\/wp\/v2\/media\/144605"}],"wp:attachment":[{"href":"https:\/\/stylingagenten.com\/fi\/wp-json\/wp\/v2\/media?parent=144624"}],"wp:term":[{"taxonomy":"product_brand","embeddable":true,"href":"https:\/\/stylingagenten.com\/fi\/wp-json\/wp\/v2\/product_brand?post=144624"},{"taxonomy":"product_cat","embeddable":true,"href":"https:\/\/stylingagenten.com\/fi\/wp-json\/wp\/v2\/product_cat?post=144624"},{"taxonomy":"product_tag","embeddable":true,"href":"https:\/\/stylingagenten.com\/fi\/wp-json\/wp\/v2\/product_tag?post=144624"},{"taxonomy":"berocket_brand","embeddable":true,"href":"https:\/\/stylingagenten.com\/fi\/wp-json\/wp\/v2\/berocket_brand?post=144624"}],"curies":[{"name":"wp","href":"https:\/\/api.w.org\/{rel}","templated":true}]}}