{"id":144618,"date":"2025-05-18T23:31:27","date_gmt":"2025-05-18T23:31:27","guid":{"rendered":"https:\/\/staging2.stylingagenten.com\/fi\/produkt\/eleven-australia-give-me-clean-hair-dry-shampoo-130g\/"},"modified":"2026-03-11T21:49:21","modified_gmt":"2026-03-11T21:49:21","slug":"eleven-australia-give-me-clean-hair-dry-shampoo-130g","status":"publish","type":"product","link":"https:\/\/stylingagenten.com\/fi\/tuote\/eleven-australia-give-me-clean-hair-dry-shampoo-130g\/","title":{"rendered":"Eleven Australia Give Me Clean Hair Dry Shampoo 130g"},"content":{"rendered":"<p>Pesujen v\u00e4lill\u00e4 menn\u00e4\u00e4n pidemp\u00e4\u00e4n kuin koskaan. Give Me Clean Hair Dry Shampoo on pikakorjaus, joka antaa v\u00e4litt\u00f6m\u00e4n raikkaan tunteen kastelematta hiuksia. Sit\u00e4 on helppo levitt\u00e4\u00e4 ja se neutraloi \u00f6ljyj\u00e4 ja hajuja s\u00e4ilytt\u00e4en samalla hiusten luonnollisen rakenteen ja volyymin. Ravista hyvin ennen k\u00e4ytt\u00f6\u00e4 ja suihkuta 25 cm et\u00e4isyydelt\u00e4 kuiviin hiuksiin rasvaisiin osiin. Harjaa tai levit\u00e4 sormin.<\/p>\n","protected":false},"excerpt":{"rendered":"<p>Pesujen v\u00e4lill\u00e4 menn\u00e4\u00e4n pidemp\u00e4\u00e4n kuin koskaan. Give Me Clean Hair Dry Shampoo on pikakorjaus, joka antaa v\u00e4litt\u00f6m\u00e4n raikkaan tunteen kastelematta hiuksia. Sit\u00e4 on helppo levitt\u00e4\u00e4 ja se neutraloi \u00f6ljyj\u00e4 ja hajuja s\u00e4ilytt\u00e4en samalla hiusten luonnollisen rakenteen ja volyymin. Ravista hyvin ennen k\u00e4ytt\u00f6\u00e4 ja suihkuta 25 cm et\u00e4isyydelt\u00e4 kuiviin hiuksiin rasvaisiin osiin. Harjaa tai levit\u00e4 sormin.<\/p>\n","protected":false},"featured_media":144611,"comment_status":"open","ping_status":"closed","template":"","meta":{"_trash_the_other_posts":false},"product_brand":[],"product_cat":[575],"product_tag":[],"berocket_brand":[1386],"class_list":{"0":"post-144618","1":"product","2":"type-product","3":"status-publish","4":"has-post-thumbnail","6":"product_cat-kuivashampoo","7":"pa_brand-eleven-australia","8":"berocket_brand-eleven-australia","10":"first","11":"instock","12":"sale","13":"taxable","14":"shipping-taxable","15":"purchasable","16":"product-type-simple"},"_links":{"self":[{"href":"https:\/\/stylingagenten.com\/fi\/wp-json\/wp\/v2\/product\/144618","targetHints":{"allow":["GET"]}}],"collection":[{"href":"https:\/\/stylingagenten.com\/fi\/wp-json\/wp\/v2\/product"}],"about":[{"href":"https:\/\/stylingagenten.com\/fi\/wp-json\/wp\/v2\/types\/product"}],"replies":[{"embeddable":true,"href":"https:\/\/stylingagenten.com\/fi\/wp-json\/wp\/v2\/comments?post=144618"}],"version-history":[{"count":0,"href":"https:\/\/stylingagenten.com\/fi\/wp-json\/wp\/v2\/product\/144618\/revisions"}],"wp:featuredmedia":[{"embeddable":true,"href":"https:\/\/stylingagenten.com\/fi\/wp-json\/wp\/v2\/media\/144611"}],"wp:attachment":[{"href":"https:\/\/stylingagenten.com\/fi\/wp-json\/wp\/v2\/media?parent=144618"}],"wp:term":[{"taxonomy":"product_brand","embeddable":true,"href":"https:\/\/stylingagenten.com\/fi\/wp-json\/wp\/v2\/product_brand?post=144618"},{"taxonomy":"product_cat","embeddable":true,"href":"https:\/\/stylingagenten.com\/fi\/wp-json\/wp\/v2\/product_cat?post=144618"},{"taxonomy":"product_tag","embeddable":true,"href":"https:\/\/stylingagenten.com\/fi\/wp-json\/wp\/v2\/product_tag?post=144618"},{"taxonomy":"berocket_brand","embeddable":true,"href":"https:\/\/stylingagenten.com\/fi\/wp-json\/wp\/v2\/berocket_brand?post=144618"}],"curies":[{"name":"wp","href":"https:\/\/api.w.org\/{rel}","templated":true}]}}