{"id":144595,"date":"2025-05-18T23:31:23","date_gmt":"2025-05-18T23:31:23","guid":{"rendered":"https:\/\/staging2.stylingagenten.com\/fi\/produkt\/maria-nila-soothing-dry-shampoo-250ml\/"},"modified":"2026-03-11T21:56:54","modified_gmt":"2026-03-11T21:56:54","slug":"maria-nila-soothing-dry-shampoo-250ml","status":"publish","type":"product","link":"https:\/\/stylingagenten.com\/fi\/tuote\/maria-nila-soothing-dry-shampoo-250ml\/","title":{"rendered":"Maria Nila Soothing Dry Shampoo 250ml"},"content":{"rendered":"<p>Soothing Dry Shampoo on viilent\u00e4v\u00e4 kuivashampoo, joka raikastaa hiukset rasvasta ja lialta sekunneissa ja rauhoittaa kutisevaa p\u00e4\u00e4nahkaa. Sis\u00e4lt\u00e4\u00e4 aktiivisia rauhoittavia ainesosia, kuten Aloe Veraa ja Niasiiniamidia, jotka edist\u00e4v\u00e4t p\u00e4\u00e4nahan terveytt\u00e4. Tarjoaa kevyen pidon ilmavan ja puhtaan tunteen saamiseksi. Soothing Dry shampoossa on raikas kukkainen tuoksu iiriksest\u00e4, valkoisesta jasmiinista ja ambrasta.<\/p>\n<p>Soothing Dry Shampoo on hell\u00e4varaisten ja huolellisesti valittujen ainesosien ansiosta t\u00e4ydellinen tuote sinulle, joka olet liikkeell\u00e4 etk\u00e4 halua tinki\u00e4 p\u00e4\u00e4nahasi hoidosta.<\/p>\n<p>Rauhoittava kuivashampoo sis\u00e4lt\u00e4\u00e4 250 ml.<\/p>\n","protected":false},"excerpt":{"rendered":"<p>Soothing Dry Shampoo on viilent\u00e4v\u00e4 kuivashampoo, joka raikastaa hiukset rasvasta ja lialta sekunneissa ja rauhoittaa kutisevaa p\u00e4\u00e4nahkaa. Sis\u00e4lt\u00e4\u00e4 aktiivisia rauhoittavia ainesosia, kuten Aloe Veraa ja Niasiiniamidia, jotka edist\u00e4v\u00e4t p\u00e4\u00e4nahan terveytt\u00e4. Tarjoaa kevyen pidon ilmavan ja puhtaan tunteen saamiseksi. Soothing Dry shampoossa on raikas kukkainen tuoksu iiriksest\u00e4, valkoisesta jasmiinista ja ambrasta. Soothing Dry Shampoo on hell\u00e4varaisten [&hellip;]<\/p>\n","protected":false},"featured_media":144592,"comment_status":"open","ping_status":"closed","template":"","meta":{"_trash_the_other_posts":false},"product_brand":[],"product_cat":[575],"product_tag":[],"berocket_brand":[1388],"class_list":{"0":"post-144595","1":"product","2":"type-product","3":"status-publish","4":"has-post-thumbnail","6":"product_cat-kuivashampoo","7":"pa_brand-maria-nila","8":"berocket_brand-maria-nila","10":"first","11":"instock","12":"sale","13":"taxable","14":"shipping-taxable","15":"purchasable","16":"product-type-simple"},"_links":{"self":[{"href":"https:\/\/stylingagenten.com\/fi\/wp-json\/wp\/v2\/product\/144595","targetHints":{"allow":["GET"]}}],"collection":[{"href":"https:\/\/stylingagenten.com\/fi\/wp-json\/wp\/v2\/product"}],"about":[{"href":"https:\/\/stylingagenten.com\/fi\/wp-json\/wp\/v2\/types\/product"}],"replies":[{"embeddable":true,"href":"https:\/\/stylingagenten.com\/fi\/wp-json\/wp\/v2\/comments?post=144595"}],"version-history":[{"count":0,"href":"https:\/\/stylingagenten.com\/fi\/wp-json\/wp\/v2\/product\/144595\/revisions"}],"wp:featuredmedia":[{"embeddable":true,"href":"https:\/\/stylingagenten.com\/fi\/wp-json\/wp\/v2\/media\/144592"}],"wp:attachment":[{"href":"https:\/\/stylingagenten.com\/fi\/wp-json\/wp\/v2\/media?parent=144595"}],"wp:term":[{"taxonomy":"product_brand","embeddable":true,"href":"https:\/\/stylingagenten.com\/fi\/wp-json\/wp\/v2\/product_brand?post=144595"},{"taxonomy":"product_cat","embeddable":true,"href":"https:\/\/stylingagenten.com\/fi\/wp-json\/wp\/v2\/product_cat?post=144595"},{"taxonomy":"product_tag","embeddable":true,"href":"https:\/\/stylingagenten.com\/fi\/wp-json\/wp\/v2\/product_tag?post=144595"},{"taxonomy":"berocket_brand","embeddable":true,"href":"https:\/\/stylingagenten.com\/fi\/wp-json\/wp\/v2\/berocket_brand?post=144595"}],"curies":[{"name":"wp","href":"https:\/\/api.w.org\/{rel}","templated":true}]}}