{"id":144590,"date":"2025-05-18T23:31:22","date_gmt":"2025-05-18T23:31:22","guid":{"rendered":"https:\/\/staging2.stylingagenten.com\/fi\/produkt\/schwarzkopf-osis-refresh-dust-300ml\/"},"modified":"2026-03-29T16:38:29","modified_gmt":"2026-03-29T16:38:29","slug":"schwarzkopf-osis-refresh-dust-300ml","status":"publish","type":"product","link":"https:\/\/stylingagenten.com\/fi\/tuote\/schwarzkopf-osis-refresh-dust-300ml\/","title":{"rendered":"Schwarzkopf Osis Refresh Dust 300ml"},"content":{"rendered":"<p>?Schwarzkopf Osis Refresh Dust 300ml<br \/>OSiS Refresh Dust on vegaaninen kuivashampoo, joka t\u00e4ytt\u00e4\u00e4 hiukset ja ehk\u00e4isee rasvaista p\u00e4\u00e4nahkaa antaen samalla v\u00e4lit\u00f6nt\u00e4 volyymia ja pitoa.<\/p>\n","protected":false},"excerpt":{"rendered":"<p>?Schwarzkopf Osis Refresh Dust 300mlOSiS Refresh Dust on vegaaninen kuivashampoo, joka t\u00e4ytt\u00e4\u00e4 hiukset ja ehk\u00e4isee rasvaista p\u00e4\u00e4nahkaa antaen samalla v\u00e4lit\u00f6nt\u00e4 volyymia ja pitoa.<\/p>\n","protected":false},"featured_media":144589,"comment_status":"open","ping_status":"closed","template":"","meta":{"_trash_the_other_posts":false},"product_brand":[],"product_cat":[575,1003],"product_tag":[],"berocket_brand":[1060],"class_list":{"0":"post-144590","1":"product","2":"type-product","3":"status-publish","4":"has-post-thumbnail","6":"product_cat-kuivashampoo","7":"product_cat-myydyimmat","8":"pa_brand-schwarzkopf","9":"berocket_brand-schwarzkopf","11":"first","12":"instock","13":"sale","14":"taxable","15":"shipping-taxable","16":"purchasable","17":"product-type-simple"},"_links":{"self":[{"href":"https:\/\/stylingagenten.com\/fi\/wp-json\/wp\/v2\/product\/144590","targetHints":{"allow":["GET"]}}],"collection":[{"href":"https:\/\/stylingagenten.com\/fi\/wp-json\/wp\/v2\/product"}],"about":[{"href":"https:\/\/stylingagenten.com\/fi\/wp-json\/wp\/v2\/types\/product"}],"replies":[{"embeddable":true,"href":"https:\/\/stylingagenten.com\/fi\/wp-json\/wp\/v2\/comments?post=144590"}],"version-history":[{"count":0,"href":"https:\/\/stylingagenten.com\/fi\/wp-json\/wp\/v2\/product\/144590\/revisions"}],"wp:featuredmedia":[{"embeddable":true,"href":"https:\/\/stylingagenten.com\/fi\/wp-json\/wp\/v2\/media\/144589"}],"wp:attachment":[{"href":"https:\/\/stylingagenten.com\/fi\/wp-json\/wp\/v2\/media?parent=144590"}],"wp:term":[{"taxonomy":"product_brand","embeddable":true,"href":"https:\/\/stylingagenten.com\/fi\/wp-json\/wp\/v2\/product_brand?post=144590"},{"taxonomy":"product_cat","embeddable":true,"href":"https:\/\/stylingagenten.com\/fi\/wp-json\/wp\/v2\/product_cat?post=144590"},{"taxonomy":"product_tag","embeddable":true,"href":"https:\/\/stylingagenten.com\/fi\/wp-json\/wp\/v2\/product_tag?post=144590"},{"taxonomy":"berocket_brand","embeddable":true,"href":"https:\/\/stylingagenten.com\/fi\/wp-json\/wp\/v2\/berocket_brand?post=144590"}],"curies":[{"name":"wp","href":"https:\/\/api.w.org\/{rel}","templated":true}]}}