{"id":144572,"date":"2025-05-18T23:31:18","date_gmt":"2025-05-18T23:31:18","guid":{"rendered":"https:\/\/staging2.stylingagenten.com\/fi\/produkt\/bjork-skydda-torr-dry-heat-protection-100ml\/"},"modified":"2026-03-16T09:29:57","modified_gmt":"2026-03-16T09:29:57","slug":"bjork-skydda-torr-dry-heat-protection-100ml","status":"publish","type":"product","link":"https:\/\/stylingagenten.com\/fi\/tuote\/bjork-skydda-torr-dry-heat-protection-100ml\/","title":{"rendered":"Bj\u00f6rk SKYDDA TORR Dry Heat Protection 100ml"},"content":{"rendered":"<p>Bj\u00f6rk SKYDDA TORR Dry Heat Protection on kuiva l\u00e4mp\u00f6suojus kaikille hiustyypeille. Ravitseva koostumus, joka sis\u00e4lt\u00e4\u00e4 ruusu- ja mustikkauutetta, suojaa ja antaa luonnollista kiiltoa. V\u00e4ri\u00e4 s\u00e4ilytt\u00e4v\u00e4, ehk\u00e4isee p\u00f6rr\u00f6isyytt\u00e4 ja antaa kevyen pidon. Suojaa hiuksia kosteudelta ja l\u00e4mp\u00f6vaurioilta jopa 210 asteeseen asti.<\/p>\n<p>Tuoksu: Ylellinen ja raikas tuoksu, jossa on vivahteita persikasta.<\/p>\n<p>100ml<\/p>\n","protected":false},"excerpt":{"rendered":"<p>Bj\u00f6rk SKYDDA TORR Dry Heat Protection on kuiva l\u00e4mp\u00f6suojus kaikille hiustyypeille. Ravitseva koostumus, joka sis\u00e4lt\u00e4\u00e4 ruusu- ja mustikkauutetta, suojaa ja antaa luonnollista kiiltoa. V\u00e4ri\u00e4 s\u00e4ilytt\u00e4v\u00e4, ehk\u00e4isee p\u00f6rr\u00f6isyytt\u00e4 ja antaa kevyen pidon. Suojaa hiuksia kosteudelta ja l\u00e4mp\u00f6vaurioilta jopa 210 asteeseen asti. Tuoksu: Ylellinen ja raikas tuoksu, jossa on vivahteita persikasta. 100ml<\/p>\n","protected":false},"featured_media":144570,"comment_status":"open","ping_status":"closed","template":"","meta":{"_trash_the_other_posts":false},"product_brand":[],"product_cat":[624],"product_tag":[2571],"berocket_brand":[1418],"class_list":{"0":"post-144572","1":"product","2":"type-product","3":"status-publish","4":"has-post-thumbnail","6":"product_cat-lamposuoja","7":"product_tag-bjork-skydda-torr-dry-heat-protection","8":"pa_brand-bjork","9":"pa_variantti-100ml","10":"berocket_brand-bjork","12":"first","13":"instock","14":"sale","15":"taxable","16":"shipping-taxable","17":"purchasable","18":"product-type-simple"},"_links":{"self":[{"href":"https:\/\/stylingagenten.com\/fi\/wp-json\/wp\/v2\/product\/144572","targetHints":{"allow":["GET"]}}],"collection":[{"href":"https:\/\/stylingagenten.com\/fi\/wp-json\/wp\/v2\/product"}],"about":[{"href":"https:\/\/stylingagenten.com\/fi\/wp-json\/wp\/v2\/types\/product"}],"replies":[{"embeddable":true,"href":"https:\/\/stylingagenten.com\/fi\/wp-json\/wp\/v2\/comments?post=144572"}],"version-history":[{"count":0,"href":"https:\/\/stylingagenten.com\/fi\/wp-json\/wp\/v2\/product\/144572\/revisions"}],"wp:featuredmedia":[{"embeddable":true,"href":"https:\/\/stylingagenten.com\/fi\/wp-json\/wp\/v2\/media\/144570"}],"wp:attachment":[{"href":"https:\/\/stylingagenten.com\/fi\/wp-json\/wp\/v2\/media?parent=144572"}],"wp:term":[{"taxonomy":"product_brand","embeddable":true,"href":"https:\/\/stylingagenten.com\/fi\/wp-json\/wp\/v2\/product_brand?post=144572"},{"taxonomy":"product_cat","embeddable":true,"href":"https:\/\/stylingagenten.com\/fi\/wp-json\/wp\/v2\/product_cat?post=144572"},{"taxonomy":"product_tag","embeddable":true,"href":"https:\/\/stylingagenten.com\/fi\/wp-json\/wp\/v2\/product_tag?post=144572"},{"taxonomy":"berocket_brand","embeddable":true,"href":"https:\/\/stylingagenten.com\/fi\/wp-json\/wp\/v2\/berocket_brand?post=144572"}],"curies":[{"name":"wp","href":"https:\/\/api.w.org\/{rel}","templated":true}]}}