{"id":144565,"date":"2025-05-18T23:31:16","date_gmt":"2025-05-18T23:31:16","guid":{"rendered":"https:\/\/staging2.stylingagenten.com\/fi\/produkt\/balmain-dry-shampoo-75ml\/"},"modified":"2026-03-11T21:47:36","modified_gmt":"2026-03-11T21:47:36","slug":"balmain-dry-shampoo-75ml","status":"publish","type":"product","link":"https:\/\/stylingagenten.com\/fi\/tuote\/balmain-dry-shampoo-75ml\/","title":{"rendered":"Balmain Dry Shampoo 75ml"},"content":{"rendered":"<p>Heti virkist\u00e4v\u00e4 kuivasampoosuihke. Kuivasampoo imee \u00f6ljyt ja ylim\u00e4\u00e4r\u00e4isen talin samalla kun se kohottaa juuria ja antaa volyymia. Pident\u00e4\u00e4 hiustyylin kestoa ja luo mattapintaisen tekstuurin ja tuuhean hiuksen.<\/p>\n<p>75 ml<\/p>\n","protected":false},"excerpt":{"rendered":"<p>Heti virkist\u00e4v\u00e4 kuivasampoosuihke. Kuivasampoo imee \u00f6ljyt ja ylim\u00e4\u00e4r\u00e4isen talin samalla kun se kohottaa juuria ja antaa volyymia. Pident\u00e4\u00e4 hiustyylin kestoa ja luo mattapintaisen tekstuurin ja tuuhean hiuksen. 75 ml<\/p>\n","protected":false},"featured_media":144563,"comment_status":"open","ping_status":"closed","template":"","meta":{"_trash_the_other_posts":false},"product_brand":[],"product_cat":[575],"product_tag":[2456],"berocket_brand":[1144],"class_list":{"0":"post-144565","1":"product","2":"type-product","3":"status-publish","4":"has-post-thumbnail","6":"product_cat-kuivashampoo","7":"product_tag-balmain-dry-shampoo","8":"pa_brand-balmain","9":"pa_variantti-75ml","10":"berocket_brand-balmain","12":"first","13":"instock","14":"sale","15":"taxable","16":"shipping-taxable","17":"purchasable","18":"product-type-simple"},"_links":{"self":[{"href":"https:\/\/stylingagenten.com\/fi\/wp-json\/wp\/v2\/product\/144565","targetHints":{"allow":["GET"]}}],"collection":[{"href":"https:\/\/stylingagenten.com\/fi\/wp-json\/wp\/v2\/product"}],"about":[{"href":"https:\/\/stylingagenten.com\/fi\/wp-json\/wp\/v2\/types\/product"}],"replies":[{"embeddable":true,"href":"https:\/\/stylingagenten.com\/fi\/wp-json\/wp\/v2\/comments?post=144565"}],"version-history":[{"count":0,"href":"https:\/\/stylingagenten.com\/fi\/wp-json\/wp\/v2\/product\/144565\/revisions"}],"wp:featuredmedia":[{"embeddable":true,"href":"https:\/\/stylingagenten.com\/fi\/wp-json\/wp\/v2\/media\/144563"}],"wp:attachment":[{"href":"https:\/\/stylingagenten.com\/fi\/wp-json\/wp\/v2\/media?parent=144565"}],"wp:term":[{"taxonomy":"product_brand","embeddable":true,"href":"https:\/\/stylingagenten.com\/fi\/wp-json\/wp\/v2\/product_brand?post=144565"},{"taxonomy":"product_cat","embeddable":true,"href":"https:\/\/stylingagenten.com\/fi\/wp-json\/wp\/v2\/product_cat?post=144565"},{"taxonomy":"product_tag","embeddable":true,"href":"https:\/\/stylingagenten.com\/fi\/wp-json\/wp\/v2\/product_tag?post=144565"},{"taxonomy":"berocket_brand","embeddable":true,"href":"https:\/\/stylingagenten.com\/fi\/wp-json\/wp\/v2\/berocket_brand?post=144565"}],"curies":[{"name":"wp","href":"https:\/\/api.w.org\/{rel}","templated":true}]}}