{"id":144562,"date":"2025-05-18T23:31:14","date_gmt":"2025-05-18T23:31:14","guid":{"rendered":"https:\/\/staging2.stylingagenten.com\/fi\/produkt\/kokie-after-math-post-makeup-spray\/"},"modified":"2025-11-19T11:28:08","modified_gmt":"2025-11-19T11:28:08","slug":"kokie-after-math-post-makeup-spray","status":"publish","type":"product","link":"https:\/\/stylingagenten.com\/fi\/tuote\/kokie-after-math-post-makeup-spray\/","title":{"rendered":"Kokie After Math Post Makeup Spray"},"content":{"rendered":"<p>Kokie After Math Post Makeup Spray on kasvosuihke, joka sis\u00e4lt\u00e4\u00e4 vitamiineja ja kivenn\u00e4isaineita, jotka rypist\u00e4v\u00e4t, uudistavat, rauhoittavat ja virkist\u00e4v\u00e4t sameaa ihoa. <br \/>K\u00e4yt\u00e4 meikinpoiston j\u00e4lkeen ihonhoitorutiinin kanssa tai ilman. Taikap\u00e4hkin\u00e4nruskea s\u00e4vytt\u00e4\u00e4 ja virkist\u00e4\u00e4 ihoa. Magnesium, sinkki ja pajunkuoriuute auttavat pit\u00e4m\u00e4\u00e4n ihon terveen\u00e4 ja kirkkaana, kun taas muut aktiiviset ainesosat kosteuttavat ja hehkuvat.<\/p>\n<p>Sis\u00e4lt\u00e4\u00e4: 88,7 ml<\/p>\n<p> p&gt;<\/p>\n","protected":false},"excerpt":{"rendered":"<p>Kokie After Math Post Makeup Spray on kasvosuihke, joka sis\u00e4lt\u00e4\u00e4 vitamiineja ja kivenn\u00e4isaineita, jotka rypist\u00e4v\u00e4t, uudistavat, rauhoittavat ja virkist\u00e4v\u00e4t sameaa ihoa. K\u00e4yt\u00e4 meikinpoiston j\u00e4lkeen ihonhoitorutiinin kanssa tai ilman. Taikap\u00e4hkin\u00e4nruskea s\u00e4vytt\u00e4\u00e4 ja virkist\u00e4\u00e4 ihoa. Magnesium, sinkki ja pajunkuoriuute auttavat pit\u00e4m\u00e4\u00e4n ihon terveen\u00e4 ja kirkkaana, kun taas muut aktiiviset ainesosat kosteuttavat ja hehkuvat. Sis\u00e4lt\u00e4\u00e4: 88,7 ml p&gt;<\/p>\n","protected":false},"featured_media":144551,"comment_status":"open","ping_status":"closed","template":"","meta":{"_trash_the_other_posts":false},"product_brand":[],"product_cat":[654],"product_tag":[],"berocket_brand":[1198],"class_list":{"0":"post-144562","1":"product","2":"type-product","3":"status-publish","4":"has-post-thumbnail","6":"product_cat-aania","7":"pa_brand-kokie-cosmetics","8":"berocket_brand-kokie-cosmetics","10":"first","11":"instock","12":"sale","13":"taxable","14":"shipping-taxable","15":"purchasable","16":"product-type-simple"},"_links":{"self":[{"href":"https:\/\/stylingagenten.com\/fi\/wp-json\/wp\/v2\/product\/144562","targetHints":{"allow":["GET"]}}],"collection":[{"href":"https:\/\/stylingagenten.com\/fi\/wp-json\/wp\/v2\/product"}],"about":[{"href":"https:\/\/stylingagenten.com\/fi\/wp-json\/wp\/v2\/types\/product"}],"replies":[{"embeddable":true,"href":"https:\/\/stylingagenten.com\/fi\/wp-json\/wp\/v2\/comments?post=144562"}],"version-history":[{"count":0,"href":"https:\/\/stylingagenten.com\/fi\/wp-json\/wp\/v2\/product\/144562\/revisions"}],"wp:featuredmedia":[{"embeddable":true,"href":"https:\/\/stylingagenten.com\/fi\/wp-json\/wp\/v2\/media\/144551"}],"wp:attachment":[{"href":"https:\/\/stylingagenten.com\/fi\/wp-json\/wp\/v2\/media?parent=144562"}],"wp:term":[{"taxonomy":"product_brand","embeddable":true,"href":"https:\/\/stylingagenten.com\/fi\/wp-json\/wp\/v2\/product_brand?post=144562"},{"taxonomy":"product_cat","embeddable":true,"href":"https:\/\/stylingagenten.com\/fi\/wp-json\/wp\/v2\/product_cat?post=144562"},{"taxonomy":"product_tag","embeddable":true,"href":"https:\/\/stylingagenten.com\/fi\/wp-json\/wp\/v2\/product_tag?post=144562"},{"taxonomy":"berocket_brand","embeddable":true,"href":"https:\/\/stylingagenten.com\/fi\/wp-json\/wp\/v2\/berocket_brand?post=144562"}],"curies":[{"name":"wp","href":"https:\/\/api.w.org\/{rel}","templated":true}]}}