{"id":144559,"date":"2025-05-18T23:31:14","date_gmt":"2025-05-18T23:31:14","guid":{"rendered":"https:\/\/staging2.stylingagenten.com\/fi\/produkt\/bjork-forma-torr-brown-dry-shampoo-200ml\/"},"modified":"2026-03-16T09:30:18","modified_gmt":"2026-03-16T09:30:18","slug":"bjork-forma-torr-brown-dry-shampoo-200ml","status":"publish","type":"product","link":"https:\/\/stylingagenten.com\/fi\/tuote\/bjork-forma-torr-brown-dry-shampoo-200ml\/","title":{"rendered":"Bj\u00f6rk FORMA TORR Brown Dry Shampoo 200ml"},"content":{"rendered":"<p>Bj\u00f6rk FORMA TORR Brown Dry Shampoo on kuivashampoo ruskeilla pigmentteill\u00e4, joka virkist\u00e4\u00e4 hiukset hetkess\u00e4. Korkeasti imeytyv\u00e4 koostumus poistaa ylim\u00e4\u00e4r\u00e4iset \u00f6ljyt ja neutraloi ei-toivotut hajut. Antaa kevyen volyymia ja tekstuuria. Sis\u00e4lt\u00e4\u00e4 koivu-uutteita, jotka rauhoittavat ja elvytt\u00e4v\u00e4t hiuspohjaa. Saa hiukset n\u00e4ytt\u00e4m\u00e4\u00e4n, tuntumaan ja tuoksumaan puhtailta. Raikas ja hedelm\u00e4inen tuoksu vesimelonin vivahteilla.<\/p>\n<p>Tuoksu: Raikas ja hedelm\u00e4inen tuoksu vesimelonin vivahteilla.<\/p>\n<p>200 ml<\/p>\n","protected":false},"excerpt":{"rendered":"<p>Bj\u00f6rk FORMA TORR Brown Dry Shampoo on kuivashampoo ruskeilla pigmentteill\u00e4, joka virkist\u00e4\u00e4 hiukset hetkess\u00e4. Korkeasti imeytyv\u00e4 koostumus poistaa ylim\u00e4\u00e4r\u00e4iset \u00f6ljyt ja neutraloi ei-toivotut hajut. Antaa kevyen volyymia ja tekstuuria. Sis\u00e4lt\u00e4\u00e4 koivu-uutteita, jotka rauhoittavat ja elvytt\u00e4v\u00e4t hiuspohjaa. Saa hiukset n\u00e4ytt\u00e4m\u00e4\u00e4n, tuntumaan ja tuoksumaan puhtailta. Raikas ja hedelm\u00e4inen tuoksu vesimelonin vivahteilla. Tuoksu: Raikas ja hedelm\u00e4inen tuoksu vesimelonin [&hellip;]<\/p>\n","protected":false},"featured_media":144556,"comment_status":"open","ping_status":"closed","template":"","meta":{"_trash_the_other_posts":false},"product_brand":[],"product_cat":[575],"product_tag":[],"berocket_brand":[1418],"class_list":{"0":"post-144559","1":"product","2":"type-product","3":"status-publish","4":"has-post-thumbnail","6":"product_cat-kuivashampoo","7":"pa_brand-bjork","8":"berocket_brand-bjork","10":"first","11":"instock","12":"sale","13":"taxable","14":"shipping-taxable","15":"purchasable","16":"product-type-simple"},"_links":{"self":[{"href":"https:\/\/stylingagenten.com\/fi\/wp-json\/wp\/v2\/product\/144559","targetHints":{"allow":["GET"]}}],"collection":[{"href":"https:\/\/stylingagenten.com\/fi\/wp-json\/wp\/v2\/product"}],"about":[{"href":"https:\/\/stylingagenten.com\/fi\/wp-json\/wp\/v2\/types\/product"}],"replies":[{"embeddable":true,"href":"https:\/\/stylingagenten.com\/fi\/wp-json\/wp\/v2\/comments?post=144559"}],"version-history":[{"count":0,"href":"https:\/\/stylingagenten.com\/fi\/wp-json\/wp\/v2\/product\/144559\/revisions"}],"wp:featuredmedia":[{"embeddable":true,"href":"https:\/\/stylingagenten.com\/fi\/wp-json\/wp\/v2\/media\/144556"}],"wp:attachment":[{"href":"https:\/\/stylingagenten.com\/fi\/wp-json\/wp\/v2\/media?parent=144559"}],"wp:term":[{"taxonomy":"product_brand","embeddable":true,"href":"https:\/\/stylingagenten.com\/fi\/wp-json\/wp\/v2\/product_brand?post=144559"},{"taxonomy":"product_cat","embeddable":true,"href":"https:\/\/stylingagenten.com\/fi\/wp-json\/wp\/v2\/product_cat?post=144559"},{"taxonomy":"product_tag","embeddable":true,"href":"https:\/\/stylingagenten.com\/fi\/wp-json\/wp\/v2\/product_tag?post=144559"},{"taxonomy":"berocket_brand","embeddable":true,"href":"https:\/\/stylingagenten.com\/fi\/wp-json\/wp\/v2\/berocket_brand?post=144559"}],"curies":[{"name":"wp","href":"https:\/\/api.w.org\/{rel}","templated":true}]}}