{"id":144517,"date":"2025-05-18T23:31:03","date_gmt":"2025-05-18T23:31:03","guid":{"rendered":"https:\/\/staging2.stylingagenten.com\/fi\/produkt\/elizabeth-arden-white-tea-skin-solutions-bi-phase-toning-lotion-200-ml\/"},"modified":"2025-11-19T12:28:42","modified_gmt":"2025-11-19T12:28:42","slug":"elizabeth-arden-white-tea-skin-solutions-bi-phase-toning-lotion-200-ml","status":"publish","type":"product","link":"https:\/\/stylingagenten.com\/fi\/tuote\/elizabeth-arden-white-tea-skin-solutions-bi-phase-toning-lotion-200-ml\/","title":{"rendered":"Elizabeth Arden White Tea Skin Solutions Bi-Phase Toning Lotion 200 ml"},"content":{"rendered":"<p>Elizabeth Arden White Tea Skin Solutions Bi-Phase Toning Lotion 200 ml<br \/>White Tea Skin Solutions on Elizabeth Ardenin vegaaninen ihonhoitosarja, joka on luotu valkoisessa teess\u00e4 olevasta luonnon voimakkaasta antioksidanttisesta EGCG:st\u00e4, joka antaa iholle nuorekasta elinvoimaa ja vahvistaa ihoa. ihon puolustusvoimaa. Jokainen kaava on huolellisesti suunniteltu EGCG:ll\u00e4, biotekniikalla, joka vahvistaa ihon luonnollista kollageenia vain 6 tunnissa. Koe aistinvaraiset koostumukset ja puhtaat koostumukset kest\u00e4v\u00e4sti tuotettujen ainesosien ja pakkausten avulla. Hell\u00e4varainen ihonhoito, joka sopii kaikille &#8211; my\u00f6s niille, joilla on herkk\u00e4 iho. EGCG:ll\u00e4* rikastettu White Tea Skin Solutions Moisture Infusing Bi-Phase Toning Lotion on rauhoittava, alkoholiton kosteusvoide, joka t\u00e4ydent\u00e4\u00e4 ihon menetetty\u00e4 kosteutta ja tasoittaa, pehment\u00e4\u00e4 ja tasoittaa ihoa.<br \/>&#8211;<br \/> T\u00e4m\u00e4 v\u00e4riaine. on rikastettu vesimeloni-, linssi- ja omenauutteiden sekoituksella, joka puhdistaa ja ravitsee hell\u00e4sti. Koe n\u00e4kyv\u00e4sti parantunut iho terveell\u00e4, s\u00e4teilev\u00e4ll\u00e4 hehkulla vain 7 p\u00e4iv\u00e4ss\u00e4. Tarpeeksi hell\u00e4varainen kaikille ihotyypeille, my\u00f6s herk\u00e4lle iholle**. 100 % vegaaninen 1) Epigallokatekiinigallaattiglukosidi, aktiivinen molekyyli valkoisessa teess\u00e4. 2) Itsen\u00e4inen.<\/p>\n","protected":false},"excerpt":{"rendered":"<p>Elizabeth Arden White Tea Skin Solutions Bi-Phase Toning Lotion 200 mlWhite Tea Skin Solutions on Elizabeth Ardenin vegaaninen ihonhoitosarja, joka on luotu valkoisessa teess\u00e4 olevasta luonnon voimakkaasta antioksidanttisesta EGCG:st\u00e4, joka antaa iholle nuorekasta elinvoimaa ja vahvistaa ihoa. ihon puolustusvoimaa. Jokainen kaava on huolellisesti suunniteltu EGCG:ll\u00e4, biotekniikalla, joka vahvistaa ihon luonnollista kollageenia vain 6 tunnissa. Koe [&hellip;]<\/p>\n","protected":false},"featured_media":144508,"comment_status":"open","ping_status":"closed","template":"","meta":{"_trash_the_other_posts":false},"product_brand":[],"product_cat":[654],"product_tag":[],"berocket_brand":[1303],"class_list":{"0":"post-144517","1":"product","2":"type-product","3":"status-publish","4":"has-post-thumbnail","6":"product_cat-aania","7":"pa_brand-elizabeth-arden","8":"berocket_brand-elizabeth-arden","10":"first","11":"instock","12":"sale","13":"taxable","14":"shipping-taxable","15":"purchasable","16":"product-type-simple"},"_links":{"self":[{"href":"https:\/\/stylingagenten.com\/fi\/wp-json\/wp\/v2\/product\/144517","targetHints":{"allow":["GET"]}}],"collection":[{"href":"https:\/\/stylingagenten.com\/fi\/wp-json\/wp\/v2\/product"}],"about":[{"href":"https:\/\/stylingagenten.com\/fi\/wp-json\/wp\/v2\/types\/product"}],"replies":[{"embeddable":true,"href":"https:\/\/stylingagenten.com\/fi\/wp-json\/wp\/v2\/comments?post=144517"}],"version-history":[{"count":0,"href":"https:\/\/stylingagenten.com\/fi\/wp-json\/wp\/v2\/product\/144517\/revisions"}],"wp:featuredmedia":[{"embeddable":true,"href":"https:\/\/stylingagenten.com\/fi\/wp-json\/wp\/v2\/media\/144508"}],"wp:attachment":[{"href":"https:\/\/stylingagenten.com\/fi\/wp-json\/wp\/v2\/media?parent=144517"}],"wp:term":[{"taxonomy":"product_brand","embeddable":true,"href":"https:\/\/stylingagenten.com\/fi\/wp-json\/wp\/v2\/product_brand?post=144517"},{"taxonomy":"product_cat","embeddable":true,"href":"https:\/\/stylingagenten.com\/fi\/wp-json\/wp\/v2\/product_cat?post=144517"},{"taxonomy":"product_tag","embeddable":true,"href":"https:\/\/stylingagenten.com\/fi\/wp-json\/wp\/v2\/product_tag?post=144517"},{"taxonomy":"berocket_brand","embeddable":true,"href":"https:\/\/stylingagenten.com\/fi\/wp-json\/wp\/v2\/berocket_brand?post=144517"}],"curies":[{"name":"wp","href":"https:\/\/api.w.org\/{rel}","templated":true}]}}