{"id":144476,"date":"2025-05-18T23:30:54","date_gmt":"2025-05-18T23:30:54","guid":{"rendered":"https:\/\/staging2.stylingagenten.com\/fi\/produkt\/neutrogena-clear-soothe-toning-mist-125ml\/"},"modified":"2026-03-10T15:49:07","modified_gmt":"2026-03-10T15:49:07","slug":"neutrogena-clear-soothe-toning-mist-125ml","status":"publish","type":"product","link":"https:\/\/stylingagenten.com\/fi\/tuote\/neutrogena-clear-soothe-toning-mist-125ml\/","title":{"rendered":"Neutrogena Clear &amp; Soothe Toning Mist 125ml"},"content":{"rendered":"<p>Neutrogena Clear &amp; Soothe Toning Mist 125ml<br \/>Neutrogena Clear &amp; Soothe Toning Mist on kevyt suihke kasvoille, joka virkist\u00e4\u00e4, kosteuttaa ja rauhoittaa akneen taipuvaista tai stressaantunutta ihoa.<br \/>Suihke antaa iholle nopean kosteuslis\u00e4yksen. Voidaan k\u00e4ytt\u00e4\u00e4 aamu- tai iltarutiinisi p\u00e4\u00e4tteeksi tai milloin tahansa p\u00e4iv\u00e4n aikana.<\/p>\n","protected":false},"excerpt":{"rendered":"<p>Neutrogena Clear &amp; Soothe Toning Mist 125mlNeutrogena Clear &amp; Soothe Toning Mist on kevyt suihke kasvoille, joka virkist\u00e4\u00e4, kosteuttaa ja rauhoittaa akneen taipuvaista tai stressaantunutta ihoa.Suihke antaa iholle nopean kosteuslis\u00e4yksen. Voidaan k\u00e4ytt\u00e4\u00e4 aamu- tai iltarutiinisi p\u00e4\u00e4tteeksi tai milloin tahansa p\u00e4iv\u00e4n aikana.<\/p>\n","protected":false},"featured_media":144475,"comment_status":"open","ping_status":"closed","template":"","meta":{"_trash_the_other_posts":false},"product_brand":[],"product_cat":[571],"product_tag":[],"berocket_brand":[1262],"class_list":{"0":"post-144476","1":"product","2":"type-product","3":"status-publish","4":"has-post-thumbnail","6":"product_cat-kasvovesi","7":"pa_brand-neutrogena","8":"berocket_brand-neutrogena","10":"first","11":"instock","12":"sale","13":"taxable","14":"shipping-taxable","15":"purchasable","16":"product-type-simple"},"_links":{"self":[{"href":"https:\/\/stylingagenten.com\/fi\/wp-json\/wp\/v2\/product\/144476","targetHints":{"allow":["GET"]}}],"collection":[{"href":"https:\/\/stylingagenten.com\/fi\/wp-json\/wp\/v2\/product"}],"about":[{"href":"https:\/\/stylingagenten.com\/fi\/wp-json\/wp\/v2\/types\/product"}],"replies":[{"embeddable":true,"href":"https:\/\/stylingagenten.com\/fi\/wp-json\/wp\/v2\/comments?post=144476"}],"version-history":[{"count":0,"href":"https:\/\/stylingagenten.com\/fi\/wp-json\/wp\/v2\/product\/144476\/revisions"}],"wp:featuredmedia":[{"embeddable":true,"href":"https:\/\/stylingagenten.com\/fi\/wp-json\/wp\/v2\/media\/144475"}],"wp:attachment":[{"href":"https:\/\/stylingagenten.com\/fi\/wp-json\/wp\/v2\/media?parent=144476"}],"wp:term":[{"taxonomy":"product_brand","embeddable":true,"href":"https:\/\/stylingagenten.com\/fi\/wp-json\/wp\/v2\/product_brand?post=144476"},{"taxonomy":"product_cat","embeddable":true,"href":"https:\/\/stylingagenten.com\/fi\/wp-json\/wp\/v2\/product_cat?post=144476"},{"taxonomy":"product_tag","embeddable":true,"href":"https:\/\/stylingagenten.com\/fi\/wp-json\/wp\/v2\/product_tag?post=144476"},{"taxonomy":"berocket_brand","embeddable":true,"href":"https:\/\/stylingagenten.com\/fi\/wp-json\/wp\/v2\/berocket_brand?post=144476"}],"curies":[{"name":"wp","href":"https:\/\/api.w.org\/{rel}","templated":true}]}}