{"id":144457,"date":"2025-05-18T23:30:50","date_gmt":"2025-05-18T23:30:50","guid":{"rendered":"https:\/\/staging2.stylingagenten.com\/fi\/produkt\/cosrx-ac-collection-calming-liquid-intensive-toner-125ml\/"},"modified":"2025-11-19T12:32:45","modified_gmt":"2025-11-19T12:32:45","slug":"cosrx-ac-collection-calming-liquid-intensive-toner-125ml","status":"publish","type":"product","link":"https:\/\/stylingagenten.com\/fi\/tuote\/cosrx-ac-collection-calming-liquid-intensive-toner-125ml\/","title":{"rendered":"COSRX AC Collection Calming Liquid Intensive Toner 125ml"},"content":{"rendered":"<p>COSRX AC Collection Calming Liquid Intensive Toner 125ml<br \/>AC Collection Calming Liquid Intensive on intensiivinen, nopeasti vaikuttava neste, joka virkist\u00e4\u00e4 ja puhdistaa akneen taipuvaisen ihon. Se tarjoaa mukavan viilent\u00e4v\u00e4n vaikutuksen ja sopii erityisesti ongelmaiselle iholle.<\/p>\n<p>Sis\u00e4lt\u00e4\u00e4 CentellAC-Rx-kompleksia.<br \/>T\u00e4m\u00e4 koostumus hoitaa tehokkaasti aknea ja auttaa my\u00f6s palautumaan ja elvytt\u00e4m\u00e4\u00e4n ihoa t\u00e4ysin ilman \u00e4rsytyst\u00e4 COSRX Centella AC-Rx Complexin ansiosta. Rauhoittava koostumus sis\u00e4lt\u00e4\u00e4 kolme legendaarista parantavaa ainesosaa &#8211; Madekassiinihappoa, Asiaticosidea ja Asiatic acidia.<\/p>\n<p>Se on my\u00f6s rikastettu yli 60 %:lla propolis-uutetta, joka auttaa yll\u00e4pit\u00e4m\u00e4\u00e4n ihon kosteustasapainoa koko p\u00e4iv\u00e4n ajan. Sinkki-PCA auttaa v\u00e4hent\u00e4m\u00e4\u00e4n infektioriski\u00e4 ja lievitt\u00e4m\u00e4\u00e4n kystist\u00e4 aknea. Lis\u00e4ksi se sis\u00e4lt\u00e4\u00e4 sek\u00e4 BHA:ta ett\u00e4 AHA-happoa, jotka poistavat ylim\u00e4\u00e4r\u00e4ist\u00e4 rasvaa ja tekev\u00e4t ihosta tasaisemman ja kirkkaamman.<br \/>Sopii kaikille ihotyypeille, erityisesti ongelmalliselle, \u00e4rtyneelle akneen taipuvaiselle iholle.<\/p>\n","protected":false},"excerpt":{"rendered":"<p>COSRX AC Collection Calming Liquid Intensive Toner 125mlAC Collection Calming Liquid Intensive on intensiivinen, nopeasti vaikuttava neste, joka virkist\u00e4\u00e4 ja puhdistaa akneen taipuvaisen ihon. Se tarjoaa mukavan viilent\u00e4v\u00e4n vaikutuksen ja sopii erityisesti ongelmaiselle iholle. Sis\u00e4lt\u00e4\u00e4 CentellAC-Rx-kompleksia.T\u00e4m\u00e4 koostumus hoitaa tehokkaasti aknea ja auttaa my\u00f6s palautumaan ja elvytt\u00e4m\u00e4\u00e4n ihoa t\u00e4ysin ilman \u00e4rsytyst\u00e4 COSRX Centella AC-Rx Complexin ansiosta. [&hellip;]<\/p>\n","protected":false},"featured_media":144438,"comment_status":"open","ping_status":"closed","template":"","meta":{"_trash_the_other_posts":false},"product_brand":[],"product_cat":[654,1001,1005],"product_tag":[],"berocket_brand":[1396],"class_list":{"0":"post-144457","1":"product","2":"type-product","3":"status-publish","4":"has-post-thumbnail","6":"product_cat-aania","7":"product_cat-k-beauty","8":"product_cat-outlet","9":"pa_brand-cosrx","10":"berocket_brand-cosrx","12":"first","13":"instock","14":"sale","15":"taxable","16":"shipping-taxable","17":"purchasable","18":"product-type-simple"},"_links":{"self":[{"href":"https:\/\/stylingagenten.com\/fi\/wp-json\/wp\/v2\/product\/144457","targetHints":{"allow":["GET"]}}],"collection":[{"href":"https:\/\/stylingagenten.com\/fi\/wp-json\/wp\/v2\/product"}],"about":[{"href":"https:\/\/stylingagenten.com\/fi\/wp-json\/wp\/v2\/types\/product"}],"replies":[{"embeddable":true,"href":"https:\/\/stylingagenten.com\/fi\/wp-json\/wp\/v2\/comments?post=144457"}],"version-history":[{"count":0,"href":"https:\/\/stylingagenten.com\/fi\/wp-json\/wp\/v2\/product\/144457\/revisions"}],"wp:featuredmedia":[{"embeddable":true,"href":"https:\/\/stylingagenten.com\/fi\/wp-json\/wp\/v2\/media\/144438"}],"wp:attachment":[{"href":"https:\/\/stylingagenten.com\/fi\/wp-json\/wp\/v2\/media?parent=144457"}],"wp:term":[{"taxonomy":"product_brand","embeddable":true,"href":"https:\/\/stylingagenten.com\/fi\/wp-json\/wp\/v2\/product_brand?post=144457"},{"taxonomy":"product_cat","embeddable":true,"href":"https:\/\/stylingagenten.com\/fi\/wp-json\/wp\/v2\/product_cat?post=144457"},{"taxonomy":"product_tag","embeddable":true,"href":"https:\/\/stylingagenten.com\/fi\/wp-json\/wp\/v2\/product_tag?post=144457"},{"taxonomy":"berocket_brand","embeddable":true,"href":"https:\/\/stylingagenten.com\/fi\/wp-json\/wp\/v2\/berocket_brand?post=144457"}],"curies":[{"name":"wp","href":"https:\/\/api.w.org\/{rel}","templated":true}]}}