{"id":144433,"date":"2025-05-18T23:30:46","date_gmt":"2025-05-18T23:30:46","guid":{"rendered":"https:\/\/staging2.stylingagenten.com\/fi\/produkt\/anua-peach-77-niacin-essence-toner-250ml\/"},"modified":"2025-11-19T12:50:43","modified_gmt":"2025-11-19T12:50:43","slug":"anua-peach-77-niacin-essence-toner-250ml","status":"publish","type":"product","link":"https:\/\/stylingagenten.com\/fi\/tuote\/anua-peach-77-niacin-essence-toner-250ml\/","title":{"rendered":"Anua Peach 77% Niacin Essence Toner 250ml"},"content":{"rendered":"<p>ANUA Peach 77% Niacin Essence Toner on kevyt ja kosteuttava kasvovesi ja essenssi, joka kirkastaa ihoa ja v\u00e4hent\u00e4\u00e4 ep\u00e4tasaisuuksia.<\/p>\n<p>T\u00e4m\u00e4 kasvovesi on monitoiminen tuote, joka toimii sek\u00e4 kasvoveten\u00e4 ett\u00e4 essenssin\u00e4. T\u00e4m\u00e4 kevyt ja kosteuttava koostumus sopii kaikille ihotyypeille, erityisesti niille, joilla on samea ihons\u00e4vy ja ep\u00e4tasainen iho. Kasvovesi sis\u00e4lt\u00e4\u00e4 77 % persikkaekstraktia (Prunus persica), joka on rikas vitamiineista, mineraaleista ja antioksidanteista. Se auttaa kosteuttamaan ihoa, kirkastamaan sit\u00e4 ja v\u00e4hent\u00e4m\u00e4\u00e4n punoitusta. Niacinamidi (B3-vitamiini) 2 %:n pitoisuudella v\u00e4hent\u00e4\u00e4 hyperpigmentaatiota ja tummia l\u00e4iski\u00e4, tasoittaa ihons\u00e4vy\u00e4 ja auttaa hallitsemaan talin tuotantoa sek\u00e4 pienent\u00e4m\u00e4\u00e4n suuria ihohuokosia. Hyaluronihappo pit\u00e4\u00e4 ihon kosteutettuna ja elastisena, kun taas Alpha Arbutin kirkastaa ihoa ja v\u00e4hent\u00e4\u00e4 hyperpigmentaatiota. Centella Asiatica rauhoittaa \u00e4rsyyntynytt\u00e4 ihoa ja vahvistaa ihon suojabarri\u00e4\u00e4ri\u00e4.<\/p>\n<p>250ml<\/p>\n","protected":false},"excerpt":{"rendered":"<p>ANUA Peach 77% Niacin Essence Toner on kevyt ja kosteuttava kasvovesi ja essenssi, joka kirkastaa ihoa ja v\u00e4hent\u00e4\u00e4 ep\u00e4tasaisuuksia. T\u00e4m\u00e4 kasvovesi on monitoiminen tuote, joka toimii sek\u00e4 kasvoveten\u00e4 ett\u00e4 essenssin\u00e4. T\u00e4m\u00e4 kevyt ja kosteuttava koostumus sopii kaikille ihotyypeille, erityisesti niille, joilla on samea ihons\u00e4vy ja ep\u00e4tasainen iho. Kasvovesi sis\u00e4lt\u00e4\u00e4 77 % persikkaekstraktia (Prunus persica), joka [&hellip;]<\/p>\n","protected":false},"featured_media":144407,"comment_status":"open","ping_status":"closed","template":"","meta":{"_trash_the_other_posts":false},"product_brand":[],"product_cat":[654],"product_tag":[],"berocket_brand":[1421],"class_list":{"0":"post-144433","1":"product","2":"type-product","3":"status-publish","4":"has-post-thumbnail","6":"product_cat-aania","7":"pa_brand-anua","8":"berocket_brand-anua","10":"first","11":"instock","12":"sale","13":"taxable","14":"shipping-taxable","15":"purchasable","16":"product-type-simple"},"_links":{"self":[{"href":"https:\/\/stylingagenten.com\/fi\/wp-json\/wp\/v2\/product\/144433","targetHints":{"allow":["GET"]}}],"collection":[{"href":"https:\/\/stylingagenten.com\/fi\/wp-json\/wp\/v2\/product"}],"about":[{"href":"https:\/\/stylingagenten.com\/fi\/wp-json\/wp\/v2\/types\/product"}],"replies":[{"embeddable":true,"href":"https:\/\/stylingagenten.com\/fi\/wp-json\/wp\/v2\/comments?post=144433"}],"version-history":[{"count":0,"href":"https:\/\/stylingagenten.com\/fi\/wp-json\/wp\/v2\/product\/144433\/revisions"}],"wp:featuredmedia":[{"embeddable":true,"href":"https:\/\/stylingagenten.com\/fi\/wp-json\/wp\/v2\/media\/144407"}],"wp:attachment":[{"href":"https:\/\/stylingagenten.com\/fi\/wp-json\/wp\/v2\/media?parent=144433"}],"wp:term":[{"taxonomy":"product_brand","embeddable":true,"href":"https:\/\/stylingagenten.com\/fi\/wp-json\/wp\/v2\/product_brand?post=144433"},{"taxonomy":"product_cat","embeddable":true,"href":"https:\/\/stylingagenten.com\/fi\/wp-json\/wp\/v2\/product_cat?post=144433"},{"taxonomy":"product_tag","embeddable":true,"href":"https:\/\/stylingagenten.com\/fi\/wp-json\/wp\/v2\/product_tag?post=144433"},{"taxonomy":"berocket_brand","embeddable":true,"href":"https:\/\/stylingagenten.com\/fi\/wp-json\/wp\/v2\/berocket_brand?post=144433"}],"curies":[{"name":"wp","href":"https:\/\/api.w.org\/{rel}","templated":true}]}}