{"id":144418,"date":"2025-05-18T23:30:42","date_gmt":"2025-05-18T23:30:42","guid":{"rendered":"https:\/\/staging2.stylingagenten.com\/fi\/produkt\/anua-peach-77-niacin-conditioning-milk-150ml\/"},"modified":"2025-11-19T12:50:43","modified_gmt":"2025-11-19T12:50:43","slug":"anua-peach-77-niacin-conditioning-milk-150ml","status":"publish","type":"product","link":"https:\/\/stylingagenten.com\/fi\/tuote\/anua-peach-77-niacin-conditioning-milk-150ml\/","title":{"rendered":"Anua Peach 77% Niacin Conditioning Milk 150ml"},"content":{"rendered":"<p>Peach 77% Niacin Conditioning Milk palkitulta Anua-merkilta on vahvistava, kirkastava ja syv\u00e4sti kosteuttava essenssi\/maito kaikille ihotyypeille, my\u00f6s herk\u00e4lle iholle. Se on erityisen t\u00e4ydellinen valinta, jos haluat saavuttaa lasi-ihoefektin ja persikkasofistikoinnin meikille.<\/p>\n<p>Essenssi sis\u00e4lt\u00e4\u00e4 77 % ravitsevaa persikkaekstraktia, ceramideja, adenosiinia ja kolmoishyaluronihappoa, jotka yhdess\u00e4 vahvistavat ihon suojabarri\u00e4\u00e4ri\u00e4 ulkoisia \u00e4rsytt\u00e4ji\u00e4 vastaan (kuten kylmyys ja kuiva ilma) samalla kun ne tarjoavat pitk\u00e4kestoista syv\u00e4kosteutusta. Peach Melting Peel\u2122 -kompleksi, joka sis\u00e4lt\u00e4\u00e4 salisyylihappoa ja kosteuttavaa betaiinia, auttaa kuorimaan kuolleita ihosoluja, jotka ovat muodostuneet ihon pinnalle p\u00e4iv\u00e4n aikana.<\/p>\n<p>Essenssi on rikastettu 2 % niacinamidilla ja B12-vitamiinilla, jotka auttavat minimoimaan hyperpigmentaation n\u00e4kyvyytt\u00e4, kirkastamaan ihon yleisilmett\u00e4 ja antamaan iholle raikkaan hehkun. Pantenoli ja maitohappobakteerit auttavat rauhoittamaan ihon \u00e4rsytyst\u00e4 ja punoitusta, mik\u00e4 tekee ihosta rauhallisen ja tasapainoisen. Formulassa on pehme\u00e4 persikan tuoksu, se on t\u00e4ytel\u00e4inen kuten emulsio, levittyy helposti ja toimii erinomaisesti meikin alla \u2013 lopputulos on tasapainoinen, persikkasofistikoitunut ja lasimainen iho.<\/p>\n<p>150ml<\/p>\n","protected":false},"excerpt":{"rendered":"<p>Peach 77% Niacin Conditioning Milk palkitulta Anua-merkilta on vahvistava, kirkastava ja syv\u00e4sti kosteuttava essenssi\/maito kaikille ihotyypeille, my\u00f6s herk\u00e4lle iholle. Se on erityisen t\u00e4ydellinen valinta, jos haluat saavuttaa lasi-ihoefektin ja persikkasofistikoinnin meikille. Essenssi sis\u00e4lt\u00e4\u00e4 77 % ravitsevaa persikkaekstraktia, ceramideja, adenosiinia ja kolmoishyaluronihappoa, jotka yhdess\u00e4 vahvistavat ihon suojabarri\u00e4\u00e4ri\u00e4 ulkoisia \u00e4rsytt\u00e4ji\u00e4 vastaan (kuten kylmyys ja kuiva ilma) samalla [&hellip;]<\/p>\n","protected":false},"featured_media":144398,"comment_status":"open","ping_status":"closed","template":"","meta":{"_trash_the_other_posts":false},"product_brand":[],"product_cat":[654],"product_tag":[],"berocket_brand":[1421],"class_list":{"0":"post-144418","1":"product","2":"type-product","3":"status-publish","4":"has-post-thumbnail","6":"product_cat-aania","7":"pa_brand-anua","8":"berocket_brand-anua","10":"first","11":"instock","12":"taxable","13":"shipping-taxable","14":"purchasable","15":"product-type-simple"},"_links":{"self":[{"href":"https:\/\/stylingagenten.com\/fi\/wp-json\/wp\/v2\/product\/144418","targetHints":{"allow":["GET"]}}],"collection":[{"href":"https:\/\/stylingagenten.com\/fi\/wp-json\/wp\/v2\/product"}],"about":[{"href":"https:\/\/stylingagenten.com\/fi\/wp-json\/wp\/v2\/types\/product"}],"replies":[{"embeddable":true,"href":"https:\/\/stylingagenten.com\/fi\/wp-json\/wp\/v2\/comments?post=144418"}],"version-history":[{"count":0,"href":"https:\/\/stylingagenten.com\/fi\/wp-json\/wp\/v2\/product\/144418\/revisions"}],"wp:featuredmedia":[{"embeddable":true,"href":"https:\/\/stylingagenten.com\/fi\/wp-json\/wp\/v2\/media\/144398"}],"wp:attachment":[{"href":"https:\/\/stylingagenten.com\/fi\/wp-json\/wp\/v2\/media?parent=144418"}],"wp:term":[{"taxonomy":"product_brand","embeddable":true,"href":"https:\/\/stylingagenten.com\/fi\/wp-json\/wp\/v2\/product_brand?post=144418"},{"taxonomy":"product_cat","embeddable":true,"href":"https:\/\/stylingagenten.com\/fi\/wp-json\/wp\/v2\/product_cat?post=144418"},{"taxonomy":"product_tag","embeddable":true,"href":"https:\/\/stylingagenten.com\/fi\/wp-json\/wp\/v2\/product_tag?post=144418"},{"taxonomy":"berocket_brand","embeddable":true,"href":"https:\/\/stylingagenten.com\/fi\/wp-json\/wp\/v2\/berocket_brand?post=144418"}],"curies":[{"name":"wp","href":"https:\/\/api.w.org\/{rel}","templated":true}]}}