{"id":144271,"date":"2025-05-18T23:29:59","date_gmt":"2025-05-18T23:29:59","guid":{"rendered":"https:\/\/staging2.stylingagenten.com\/fi\/produkt\/nuxe-sun-melting-cream-high-protection-spf50-50ml\/"},"modified":"2025-11-27T15:11:36","modified_gmt":"2025-11-27T15:11:36","slug":"nuxe-sun-melting-cream-high-protection-spf50-50ml","status":"publish","type":"product","link":"https:\/\/stylingagenten.com\/fi\/tuote\/nuxe-sun-melting-cream-high-protection-spf50-50ml\/","title":{"rendered":"Nuxe Sun Melting Cream High Protection SPF50 50ml"},"content":{"rendered":"<p>Nuxe Sun Melting Cream High Protection SPF 50 on aurinkovoide, jossa on aurinko- ja vesikukkia, joka suojaa soluja auringon ik\u00e4\u00e4ntymiselt\u00e4 ja auttaa saavuttamaan t\u00e4ydellinen rusketus. Suunniteltu erityisesti herk\u00e4lle iholle kasvoille, se imeytyy helposti eik\u00e4 j\u00e4t\u00e4 valkoista kalvoa. <br \/>Lumoava tuoksu, jossa on makean appelsiinin, tiare-kukan ja vaniljan vivahteita. <\/p>\n","protected":false},"excerpt":{"rendered":"<p>Nuxe Sun Melting Cream High Protection SPF 50 on aurinkovoide, jossa on aurinko- ja vesikukkia, joka suojaa soluja auringon ik\u00e4\u00e4ntymiselt\u00e4 ja auttaa saavuttamaan t\u00e4ydellinen rusketus. Suunniteltu erityisesti herk\u00e4lle iholle kasvoille, se imeytyy helposti eik\u00e4 j\u00e4t\u00e4 valkoista kalvoa. Lumoava tuoksu, jossa on makean appelsiinin, tiare-kukan ja vaniljan vivahteita.<\/p>\n","protected":false},"featured_media":144265,"comment_status":"open","ping_status":"closed","template":"","meta":{"_trash_the_other_posts":false},"product_brand":[],"product_cat":[573],"product_tag":[],"berocket_brand":[1024],"class_list":{"0":"post-144271","1":"product","2":"type-product","3":"status-publish","4":"has-post-thumbnail","6":"product_cat-aurinkosuoja","7":"pa_brand-nuxe","8":"berocket_brand-nuxe","10":"first","11":"instock","12":"sale","13":"taxable","14":"shipping-taxable","15":"purchasable","16":"product-type-simple"},"_links":{"self":[{"href":"https:\/\/stylingagenten.com\/fi\/wp-json\/wp\/v2\/product\/144271","targetHints":{"allow":["GET"]}}],"collection":[{"href":"https:\/\/stylingagenten.com\/fi\/wp-json\/wp\/v2\/product"}],"about":[{"href":"https:\/\/stylingagenten.com\/fi\/wp-json\/wp\/v2\/types\/product"}],"replies":[{"embeddable":true,"href":"https:\/\/stylingagenten.com\/fi\/wp-json\/wp\/v2\/comments?post=144271"}],"version-history":[{"count":0,"href":"https:\/\/stylingagenten.com\/fi\/wp-json\/wp\/v2\/product\/144271\/revisions"}],"wp:featuredmedia":[{"embeddable":true,"href":"https:\/\/stylingagenten.com\/fi\/wp-json\/wp\/v2\/media\/144265"}],"wp:attachment":[{"href":"https:\/\/stylingagenten.com\/fi\/wp-json\/wp\/v2\/media?parent=144271"}],"wp:term":[{"taxonomy":"product_brand","embeddable":true,"href":"https:\/\/stylingagenten.com\/fi\/wp-json\/wp\/v2\/product_brand?post=144271"},{"taxonomy":"product_cat","embeddable":true,"href":"https:\/\/stylingagenten.com\/fi\/wp-json\/wp\/v2\/product_cat?post=144271"},{"taxonomy":"product_tag","embeddable":true,"href":"https:\/\/stylingagenten.com\/fi\/wp-json\/wp\/v2\/product_tag?post=144271"},{"taxonomy":"berocket_brand","embeddable":true,"href":"https:\/\/stylingagenten.com\/fi\/wp-json\/wp\/v2\/berocket_brand?post=144271"}],"curies":[{"name":"wp","href":"https:\/\/api.w.org\/{rel}","templated":true}]}}