{"id":144253,"date":"2025-05-18T23:29:53","date_gmt":"2025-05-18T23:29:53","guid":{"rendered":"https:\/\/staging2.stylingagenten.com\/fi\/produkt\/nuxe-sun-light-fluid-high-protection-spf50-50ml\/"},"modified":"2025-11-19T11:41:50","modified_gmt":"2025-11-19T11:41:50","slug":"nuxe-sun-light-fluid-high-protection-spf50-50ml","status":"publish","type":"product","link":"https:\/\/stylingagenten.com\/fi\/tuote\/nuxe-sun-light-fluid-high-protection-spf50-50ml\/","title":{"rendered":"Nuxe Sun Light Fluid High Protection SPF50 50ml"},"content":{"rendered":"<p>NUXE Sun Light Fluid High Protection SPF50 suojaa ihoa auringons\u00e4teilt\u00e4 ja ehk\u00e4isee ik\u00e4\u00e4ntymisen merkkej\u00e4. Vett\u00e4 hylkiv\u00e4 koostumus on rikastettu vesihyasinttiuutteella, joka vahvistaa ihosuojaa, suojaa ihoa kuivumiselta ja parantaa rusketusta. Siin\u00e4 on tarttumaton, kevyt koostumus, joka imeytyy nopeasti ihoon ja j\u00e4tt\u00e4\u00e4 sen puhtaan ja raikkaan tunteen. Tuoksuva tiare ja vanilja. Sopii normaalille ja sekaiholle.<\/p>\n","protected":false},"excerpt":{"rendered":"<p>NUXE Sun Light Fluid High Protection SPF50 suojaa ihoa auringons\u00e4teilt\u00e4 ja ehk\u00e4isee ik\u00e4\u00e4ntymisen merkkej\u00e4. Vett\u00e4 hylkiv\u00e4 koostumus on rikastettu vesihyasinttiuutteella, joka vahvistaa ihosuojaa, suojaa ihoa kuivumiselta ja parantaa rusketusta. Siin\u00e4 on tarttumaton, kevyt koostumus, joka imeytyy nopeasti ihoon ja j\u00e4tt\u00e4\u00e4 sen puhtaan ja raikkaan tunteen. Tuoksuva tiare ja vanilja. Sopii normaalille ja sekaiholle.<\/p>\n","protected":false},"featured_media":144252,"comment_status":"open","ping_status":"closed","template":"","meta":{"_trash_the_other_posts":false},"product_brand":[],"product_cat":[573],"product_tag":[],"berocket_brand":[1024],"class_list":{"0":"post-144253","1":"product","2":"type-product","3":"status-publish","4":"has-post-thumbnail","6":"product_cat-aurinkosuoja","7":"pa_brand-nuxe","8":"berocket_brand-nuxe","10":"first","11":"instock","12":"sale","13":"taxable","14":"shipping-taxable","15":"purchasable","16":"product-type-simple"},"_links":{"self":[{"href":"https:\/\/stylingagenten.com\/fi\/wp-json\/wp\/v2\/product\/144253","targetHints":{"allow":["GET"]}}],"collection":[{"href":"https:\/\/stylingagenten.com\/fi\/wp-json\/wp\/v2\/product"}],"about":[{"href":"https:\/\/stylingagenten.com\/fi\/wp-json\/wp\/v2\/types\/product"}],"replies":[{"embeddable":true,"href":"https:\/\/stylingagenten.com\/fi\/wp-json\/wp\/v2\/comments?post=144253"}],"version-history":[{"count":0,"href":"https:\/\/stylingagenten.com\/fi\/wp-json\/wp\/v2\/product\/144253\/revisions"}],"wp:featuredmedia":[{"embeddable":true,"href":"https:\/\/stylingagenten.com\/fi\/wp-json\/wp\/v2\/media\/144252"}],"wp:attachment":[{"href":"https:\/\/stylingagenten.com\/fi\/wp-json\/wp\/v2\/media?parent=144253"}],"wp:term":[{"taxonomy":"product_brand","embeddable":true,"href":"https:\/\/stylingagenten.com\/fi\/wp-json\/wp\/v2\/product_brand?post=144253"},{"taxonomy":"product_cat","embeddable":true,"href":"https:\/\/stylingagenten.com\/fi\/wp-json\/wp\/v2\/product_cat?post=144253"},{"taxonomy":"product_tag","embeddable":true,"href":"https:\/\/stylingagenten.com\/fi\/wp-json\/wp\/v2\/product_tag?post=144253"},{"taxonomy":"berocket_brand","embeddable":true,"href":"https:\/\/stylingagenten.com\/fi\/wp-json\/wp\/v2\/berocket_brand?post=144253"}],"curies":[{"name":"wp","href":"https:\/\/api.w.org\/{rel}","templated":true}]}}