{"id":144235,"date":"2025-05-18T23:29:47","date_gmt":"2025-05-18T23:29:47","guid":{"rendered":"https:\/\/staging2.stylingagenten.com\/fi\/produkt\/nuxe-sun-tanning-oil-high-protection-spf30-150ml\/"},"modified":"2025-11-19T11:41:50","modified_gmt":"2025-11-19T11:41:50","slug":"nuxe-sun-tanning-oil-high-protection-spf30-150ml","status":"publish","type":"product","link":"https:\/\/stylingagenten.com\/fi\/tuote\/nuxe-sun-tanning-oil-high-protection-spf30-150ml\/","title":{"rendered":"Nuxe Sun Tanning Oil High Protection SPF30 150ml"},"content":{"rendered":"<p>Nuxe Sun Tanning Oil High Protection SPF30 suojaa ihoa auringons\u00e4teilt\u00e4, \u200b\u200behk\u00e4isee ik\u00e4\u00e4ntymisen merkkej\u00e4 ja auttaa saavuttamaan t\u00e4ydellinen rusketus. Imeytyy helposti ja j\u00e4tt\u00e4\u00e4 ihon samettisen pehme\u00e4ksi ilman tahroja. Ravitsee ja kosteuttaa ihoa eik\u00e4 sis\u00e4ll\u00e4 silikonia, alkoholia eik\u00e4 mineraali\u00f6ljy\u00e4.<\/p>\n","protected":false},"excerpt":{"rendered":"<p>Nuxe Sun Tanning Oil High Protection SPF30 suojaa ihoa auringons\u00e4teilt\u00e4, \u200b\u200behk\u00e4isee ik\u00e4\u00e4ntymisen merkkej\u00e4 ja auttaa saavuttamaan t\u00e4ydellinen rusketus. Imeytyy helposti ja j\u00e4tt\u00e4\u00e4 ihon samettisen pehme\u00e4ksi ilman tahroja. Ravitsee ja kosteuttaa ihoa eik\u00e4 sis\u00e4ll\u00e4 silikonia, alkoholia eik\u00e4 mineraali\u00f6ljy\u00e4.<\/p>\n","protected":false},"featured_media":144233,"comment_status":"open","ping_status":"closed","template":"","meta":{"_trash_the_other_posts":false},"product_brand":[],"product_cat":[573],"product_tag":[],"berocket_brand":[1024],"class_list":{"0":"post-144235","1":"product","2":"type-product","3":"status-publish","4":"has-post-thumbnail","6":"product_cat-aurinkosuoja","7":"pa_brand-nuxe","8":"berocket_brand-nuxe","10":"first","11":"instock","12":"sale","13":"taxable","14":"shipping-taxable","15":"purchasable","16":"product-type-simple"},"_links":{"self":[{"href":"https:\/\/stylingagenten.com\/fi\/wp-json\/wp\/v2\/product\/144235","targetHints":{"allow":["GET"]}}],"collection":[{"href":"https:\/\/stylingagenten.com\/fi\/wp-json\/wp\/v2\/product"}],"about":[{"href":"https:\/\/stylingagenten.com\/fi\/wp-json\/wp\/v2\/types\/product"}],"replies":[{"embeddable":true,"href":"https:\/\/stylingagenten.com\/fi\/wp-json\/wp\/v2\/comments?post=144235"}],"version-history":[{"count":0,"href":"https:\/\/stylingagenten.com\/fi\/wp-json\/wp\/v2\/product\/144235\/revisions"}],"wp:featuredmedia":[{"embeddable":true,"href":"https:\/\/stylingagenten.com\/fi\/wp-json\/wp\/v2\/media\/144233"}],"wp:attachment":[{"href":"https:\/\/stylingagenten.com\/fi\/wp-json\/wp\/v2\/media?parent=144235"}],"wp:term":[{"taxonomy":"product_brand","embeddable":true,"href":"https:\/\/stylingagenten.com\/fi\/wp-json\/wp\/v2\/product_brand?post=144235"},{"taxonomy":"product_cat","embeddable":true,"href":"https:\/\/stylingagenten.com\/fi\/wp-json\/wp\/v2\/product_cat?post=144235"},{"taxonomy":"product_tag","embeddable":true,"href":"https:\/\/stylingagenten.com\/fi\/wp-json\/wp\/v2\/product_tag?post=144235"},{"taxonomy":"berocket_brand","embeddable":true,"href":"https:\/\/stylingagenten.com\/fi\/wp-json\/wp\/v2\/berocket_brand?post=144235"}],"curies":[{"name":"wp","href":"https:\/\/api.w.org\/{rel}","templated":true}]}}