{"id":144166,"date":"2025-05-18T23:29:24","date_gmt":"2025-05-18T23:29:24","guid":{"rendered":"https:\/\/staging2.stylingagenten.com\/fi\/produkt\/malibu-continuous-dry-oil-spray-spf15-175ml\/"},"modified":"2026-04-11T19:58:27","modified_gmt":"2026-04-11T19:58:27","slug":"malibu-continuous-dry-oil-spray-spf15-175ml","status":"publish","type":"product","link":"https:\/\/stylingagenten.com\/fi\/tuote\/malibu-continuous-dry-oil-spray-spf15-175ml\/","title":{"rendered":"Malibu Continuous Dry Oil Spray SPF15 175ml"},"content":{"rendered":"<p>Malibu Continuous Dry Oil Spray SPF 15 tarjoaa keskitason suojan UVA- ja UVB-s\u00e4teit\u00e4 vastaan. Se on valonkest\u00e4v\u00e4 \u00f6ljysuihke, jonka on kliinisesti todistettu olevan lempe\u00e4 kaikille ihotyypeille. Lis\u00e4ksi se on vitamiinirikas, vesiliukoinen ja rasvaton kaavaltaan. Se on helposti levitett\u00e4v\u00e4 aurinkovoide, joka sopii t\u00e4ydellisesti rannalle ja lomalle.<\/p>\n","protected":false},"excerpt":{"rendered":"<p>Malibu Continuous Dry Oil Spray SPF 15 tarjoaa keskitason suojan UVA- ja UVB-s\u00e4teit\u00e4 vastaan. Se on valonkest\u00e4v\u00e4 \u00f6ljysuihke, jonka on kliinisesti todistettu olevan lempe\u00e4 kaikille ihotyypeille. Lis\u00e4ksi se on vitamiinirikas, vesiliukoinen ja rasvaton kaavaltaan. Se on helposti levitett\u00e4v\u00e4 aurinkovoide, joka sopii t\u00e4ydellisesti rannalle ja lomalle.<\/p>\n","protected":false},"featured_media":144165,"comment_status":"open","ping_status":"closed","template":"","meta":{"_trash_the_other_posts":false},"product_brand":[],"product_cat":[573],"product_tag":[],"berocket_brand":[1241],"class_list":{"0":"post-144166","1":"product","2":"type-product","3":"status-publish","4":"has-post-thumbnail","6":"product_cat-aurinkosuoja","7":"pa_brand-malibu","8":"berocket_brand-malibu","10":"first","11":"instock","12":"sale","13":"taxable","14":"shipping-taxable","15":"purchasable","16":"product-type-simple"},"_links":{"self":[{"href":"https:\/\/stylingagenten.com\/fi\/wp-json\/wp\/v2\/product\/144166","targetHints":{"allow":["GET"]}}],"collection":[{"href":"https:\/\/stylingagenten.com\/fi\/wp-json\/wp\/v2\/product"}],"about":[{"href":"https:\/\/stylingagenten.com\/fi\/wp-json\/wp\/v2\/types\/product"}],"replies":[{"embeddable":true,"href":"https:\/\/stylingagenten.com\/fi\/wp-json\/wp\/v2\/comments?post=144166"}],"version-history":[{"count":0,"href":"https:\/\/stylingagenten.com\/fi\/wp-json\/wp\/v2\/product\/144166\/revisions"}],"wp:featuredmedia":[{"embeddable":true,"href":"https:\/\/stylingagenten.com\/fi\/wp-json\/wp\/v2\/media\/144165"}],"wp:attachment":[{"href":"https:\/\/stylingagenten.com\/fi\/wp-json\/wp\/v2\/media?parent=144166"}],"wp:term":[{"taxonomy":"product_brand","embeddable":true,"href":"https:\/\/stylingagenten.com\/fi\/wp-json\/wp\/v2\/product_brand?post=144166"},{"taxonomy":"product_cat","embeddable":true,"href":"https:\/\/stylingagenten.com\/fi\/wp-json\/wp\/v2\/product_cat?post=144166"},{"taxonomy":"product_tag","embeddable":true,"href":"https:\/\/stylingagenten.com\/fi\/wp-json\/wp\/v2\/product_tag?post=144166"},{"taxonomy":"berocket_brand","embeddable":true,"href":"https:\/\/stylingagenten.com\/fi\/wp-json\/wp\/v2\/berocket_brand?post=144166"}],"curies":[{"name":"wp","href":"https:\/\/api.w.org\/{rel}","templated":true}]}}