{"id":144156,"date":"2025-05-18T23:29:20","date_gmt":"2025-05-18T23:29:20","guid":{"rendered":"https:\/\/staging2.stylingagenten.com\/fi\/produkt\/malibu-lip-care-balm-spf30-3x5g-2\/"},"modified":"2026-04-13T07:09:52","modified_gmt":"2026-04-13T07:09:52","slug":"malibu-lip-care-balm-spf30-3x5g-2","status":"publish","type":"product","link":"https:\/\/stylingagenten.com\/fi\/tuote\/malibu-lip-care-balm-spf30-3x5g-2\/","title":{"rendered":"Malibu Lip Care Balm SPF30 3x5g"},"content":{"rendered":"<p>Malibu SPF30 Moisturizing Lip Protection toimitetaan kolmen kappaleen pakkauksessa ja se on suunniteltu suojaamaan huulet auringolta, tuulelta ja kylm\u00e4lt\u00e4. Valikoimapakkaus, jossa on 3 makua: vesimeloni, minttu ja vanilja. Hoitoaineen koostumus on erityisesti valmistettu kest\u00e4m\u00e4\u00e4n ja vastustamaan; aurinkoa, hike\u00e4 ja vett\u00e4. T\u00e4ydellinen aurinkoiseen p\u00e4iv\u00e4\u00e4n rannalla, pitki\u00e4 k\u00e4velylenkkej\u00e4 tai ostosp\u00e4iv\u00e4\u00e4 kaupungissa.<\/p>\n","protected":false},"excerpt":{"rendered":"<p>Malibu SPF30 Moisturizing Lip Protection toimitetaan kolmen kappaleen pakkauksessa ja se on suunniteltu suojaamaan huulet auringolta, tuulelta ja kylm\u00e4lt\u00e4. Valikoimapakkaus, jossa on 3 makua: vesimeloni, minttu ja vanilja. Hoitoaineen koostumus on erityisesti valmistettu kest\u00e4m\u00e4\u00e4n ja vastustamaan; aurinkoa, hike\u00e4 ja vett\u00e4. T\u00e4ydellinen aurinkoiseen p\u00e4iv\u00e4\u00e4n rannalla, pitki\u00e4 k\u00e4velylenkkej\u00e4 tai ostosp\u00e4iv\u00e4\u00e4 kaupungissa.<\/p>\n","protected":false},"featured_media":144155,"comment_status":"open","ping_status":"closed","template":"","meta":{"_trash_the_other_posts":false},"product_brand":[],"product_cat":[573,580],"product_tag":[],"berocket_brand":[1241],"class_list":{"0":"post-144156","1":"product","2":"type-product","3":"status-publish","4":"has-post-thumbnail","6":"product_cat-aurinkosuoja","7":"product_cat-huulirasva","8":"pa_brand-malibu","9":"berocket_brand-malibu","11":"first","12":"instock","13":"sale","14":"taxable","15":"shipping-taxable","16":"purchasable","17":"product-type-simple"},"_links":{"self":[{"href":"https:\/\/stylingagenten.com\/fi\/wp-json\/wp\/v2\/product\/144156","targetHints":{"allow":["GET"]}}],"collection":[{"href":"https:\/\/stylingagenten.com\/fi\/wp-json\/wp\/v2\/product"}],"about":[{"href":"https:\/\/stylingagenten.com\/fi\/wp-json\/wp\/v2\/types\/product"}],"replies":[{"embeddable":true,"href":"https:\/\/stylingagenten.com\/fi\/wp-json\/wp\/v2\/comments?post=144156"}],"version-history":[{"count":0,"href":"https:\/\/stylingagenten.com\/fi\/wp-json\/wp\/v2\/product\/144156\/revisions"}],"wp:featuredmedia":[{"embeddable":true,"href":"https:\/\/stylingagenten.com\/fi\/wp-json\/wp\/v2\/media\/144155"}],"wp:attachment":[{"href":"https:\/\/stylingagenten.com\/fi\/wp-json\/wp\/v2\/media?parent=144156"}],"wp:term":[{"taxonomy":"product_brand","embeddable":true,"href":"https:\/\/stylingagenten.com\/fi\/wp-json\/wp\/v2\/product_brand?post=144156"},{"taxonomy":"product_cat","embeddable":true,"href":"https:\/\/stylingagenten.com\/fi\/wp-json\/wp\/v2\/product_cat?post=144156"},{"taxonomy":"product_tag","embeddable":true,"href":"https:\/\/stylingagenten.com\/fi\/wp-json\/wp\/v2\/product_tag?post=144156"},{"taxonomy":"berocket_brand","embeddable":true,"href":"https:\/\/stylingagenten.com\/fi\/wp-json\/wp\/v2\/berocket_brand?post=144156"}],"curies":[{"name":"wp","href":"https:\/\/api.w.org\/{rel}","templated":true}]}}