{"id":144150,"date":"2025-05-18T23:29:19","date_gmt":"2025-05-18T23:29:19","guid":{"rendered":"https:\/\/staging2.stylingagenten.com\/fi\/produkt\/malibu-dry-oil-spray-spf10-200ml\/"},"modified":"2026-04-13T07:09:54","modified_gmt":"2026-04-13T07:09:54","slug":"malibu-dry-oil-spray-spf10-200ml","status":"publish","type":"product","link":"https:\/\/stylingagenten.com\/fi\/tuote\/malibu-dry-oil-spray-spf10-200ml\/","title":{"rendered":"Malibu Dry Oil Spray SPF10 200ml"},"content":{"rendered":"<p>Malibu Dry Oil Spray SPF 10 antaa heikon suojan UVA- ja UVB-s\u00e4teit\u00e4 vastaan. Se on valonkest\u00e4v\u00e4 \u00f6ljy, jonka on kliinisesti todistettu olevan lempe\u00e4 useimmille ihotyypeille. Lis\u00e4ksi se on rikastettu vitamiinilla, vett\u00e4 hylkiv\u00e4, kuiva rakenne ja helppo levitt\u00e4\u00e4 koko vartalolle.<\/p>\n","protected":false},"excerpt":{"rendered":"<p>Malibu Dry Oil Spray SPF 10 antaa heikon suojan UVA- ja UVB-s\u00e4teit\u00e4 vastaan. Se on valonkest\u00e4v\u00e4 \u00f6ljy, jonka on kliinisesti todistettu olevan lempe\u00e4 useimmille ihotyypeille. Lis\u00e4ksi se on rikastettu vitamiinilla, vett\u00e4 hylkiv\u00e4, kuiva rakenne ja helppo levitt\u00e4\u00e4 koko vartalolle.<\/p>\n","protected":false},"featured_media":144149,"comment_status":"open","ping_status":"closed","template":"","meta":{"_trash_the_other_posts":false},"product_brand":[],"product_cat":[573],"product_tag":[3360],"berocket_brand":[1241],"class_list":{"0":"post-144150","1":"product","2":"type-product","3":"status-publish","4":"has-post-thumbnail","6":"product_cat-aurinkosuoja","7":"product_tag-malibu-dry-oil-spray-spf10","8":"pa_brand-malibu","9":"pa_variantti-200ml","10":"berocket_brand-malibu","12":"first","13":"instock","14":"sale","15":"taxable","16":"shipping-taxable","17":"purchasable","18":"product-type-simple"},"_links":{"self":[{"href":"https:\/\/stylingagenten.com\/fi\/wp-json\/wp\/v2\/product\/144150","targetHints":{"allow":["GET"]}}],"collection":[{"href":"https:\/\/stylingagenten.com\/fi\/wp-json\/wp\/v2\/product"}],"about":[{"href":"https:\/\/stylingagenten.com\/fi\/wp-json\/wp\/v2\/types\/product"}],"replies":[{"embeddable":true,"href":"https:\/\/stylingagenten.com\/fi\/wp-json\/wp\/v2\/comments?post=144150"}],"version-history":[{"count":0,"href":"https:\/\/stylingagenten.com\/fi\/wp-json\/wp\/v2\/product\/144150\/revisions"}],"wp:featuredmedia":[{"embeddable":true,"href":"https:\/\/stylingagenten.com\/fi\/wp-json\/wp\/v2\/media\/144149"}],"wp:attachment":[{"href":"https:\/\/stylingagenten.com\/fi\/wp-json\/wp\/v2\/media?parent=144150"}],"wp:term":[{"taxonomy":"product_brand","embeddable":true,"href":"https:\/\/stylingagenten.com\/fi\/wp-json\/wp\/v2\/product_brand?post=144150"},{"taxonomy":"product_cat","embeddable":true,"href":"https:\/\/stylingagenten.com\/fi\/wp-json\/wp\/v2\/product_cat?post=144150"},{"taxonomy":"product_tag","embeddable":true,"href":"https:\/\/stylingagenten.com\/fi\/wp-json\/wp\/v2\/product_tag?post=144150"},{"taxonomy":"berocket_brand","embeddable":true,"href":"https:\/\/stylingagenten.com\/fi\/wp-json\/wp\/v2\/berocket_brand?post=144150"}],"curies":[{"name":"wp","href":"https:\/\/api.w.org\/{rel}","templated":true}]}}