{"id":144148,"date":"2025-05-18T23:29:17","date_gmt":"2025-05-18T23:29:17","guid":{"rendered":"https:\/\/staging2.stylingagenten.com\/fi\/produkt\/malibu-fast-tanning-oil-with-beta-carotene-100ml\/"},"modified":"2026-04-14T21:37:35","modified_gmt":"2026-04-14T21:37:35","slug":"malibu-fast-tanning-oil-with-beta-carotene-100ml","status":"publish","type":"product","link":"https:\/\/stylingagenten.com\/fi\/tuote\/malibu-fast-tanning-oil-with-beta-carotene-100ml\/","title":{"rendered":"Malibu Fast Tanning Oil with Beta Carotene 100ml"},"content":{"rendered":"<p>Malibu Fast Tanning Oil with Beta-Carotene on aurinko\u00f6ljy, joka ei sis\u00e4ll\u00e4 aurinkovoidetta. Se on t\u00e4ydellinen ihmisille, joilla on korkea melaniinitaso ihossaan ja jotka eiv\u00e4t koskaan pala auringossa. T\u00e4m\u00e4 tuote tekee ihostasi sile\u00e4n ja kostean, mutta ei suojaa auringolta.<\/p>\n","protected":false},"excerpt":{"rendered":"<p>Malibu Fast Tanning Oil with Beta-Carotene on aurinko\u00f6ljy, joka ei sis\u00e4ll\u00e4 aurinkovoidetta. Se on t\u00e4ydellinen ihmisille, joilla on korkea melaniinitaso ihossaan ja jotka eiv\u00e4t koskaan pala auringossa. T\u00e4m\u00e4 tuote tekee ihostasi sile\u00e4n ja kostean, mutta ei suojaa auringolta.<\/p>\n","protected":false},"featured_media":144147,"comment_status":"open","ping_status":"closed","template":"","meta":{"_trash_the_other_posts":false},"product_brand":[],"product_cat":[573,1003],"product_tag":[3365],"berocket_brand":[1241],"class_list":{"0":"post-144148","1":"product","2":"type-product","3":"status-publish","4":"has-post-thumbnail","6":"product_cat-aurinkosuoja","7":"product_cat-myydyimmat","8":"product_tag-malibu-fast-tanning-oil-with-beta-carotene","9":"pa_brand-malibu","10":"pa_variantti-100ml","11":"berocket_brand-malibu","13":"first","14":"instock","15":"sale","16":"taxable","17":"shipping-taxable","18":"purchasable","19":"product-type-simple"},"_links":{"self":[{"href":"https:\/\/stylingagenten.com\/fi\/wp-json\/wp\/v2\/product\/144148","targetHints":{"allow":["GET"]}}],"collection":[{"href":"https:\/\/stylingagenten.com\/fi\/wp-json\/wp\/v2\/product"}],"about":[{"href":"https:\/\/stylingagenten.com\/fi\/wp-json\/wp\/v2\/types\/product"}],"replies":[{"embeddable":true,"href":"https:\/\/stylingagenten.com\/fi\/wp-json\/wp\/v2\/comments?post=144148"}],"version-history":[{"count":0,"href":"https:\/\/stylingagenten.com\/fi\/wp-json\/wp\/v2\/product\/144148\/revisions"}],"wp:featuredmedia":[{"embeddable":true,"href":"https:\/\/stylingagenten.com\/fi\/wp-json\/wp\/v2\/media\/144147"}],"wp:attachment":[{"href":"https:\/\/stylingagenten.com\/fi\/wp-json\/wp\/v2\/media?parent=144148"}],"wp:term":[{"taxonomy":"product_brand","embeddable":true,"href":"https:\/\/stylingagenten.com\/fi\/wp-json\/wp\/v2\/product_brand?post=144148"},{"taxonomy":"product_cat","embeddable":true,"href":"https:\/\/stylingagenten.com\/fi\/wp-json\/wp\/v2\/product_cat?post=144148"},{"taxonomy":"product_tag","embeddable":true,"href":"https:\/\/stylingagenten.com\/fi\/wp-json\/wp\/v2\/product_tag?post=144148"},{"taxonomy":"berocket_brand","embeddable":true,"href":"https:\/\/stylingagenten.com\/fi\/wp-json\/wp\/v2\/berocket_brand?post=144148"}],"curies":[{"name":"wp","href":"https:\/\/api.w.org\/{rel}","templated":true}]}}