{"id":144140,"date":"2025-05-18T23:29:14","date_gmt":"2025-05-18T23:29:14","guid":{"rendered":"https:\/\/staging2.stylingagenten.com\/fi\/produkt\/malibu-lotion-spray-spf50-200ml\/"},"modified":"2026-04-02T06:37:45","modified_gmt":"2026-04-02T06:37:45","slug":"malibu-lotion-spray-spf50-200ml","status":"publish","type":"product","link":"https:\/\/stylingagenten.com\/fi\/tuote\/malibu-lotion-spray-spf50-200ml\/","title":{"rendered":"Malibu Lotion Spray SPF50 200ml"},"content":{"rendered":"<p>Malibu SPF50 Lotion Spray tarjoaa korkean suojan UVA- ja UVB-s\u00e4teit\u00e4 vastaan. Se on valonkest\u00e4v\u00e4 voide, jonka on kliinisesti todistettu olevan lempe\u00e4 useimmille ihotyypeille. Lis\u00e4ksi se on vitamiinirikas ja vesiliukoinen. Aurinkosuojavoide on helppo levitt\u00e4\u00e4 ja sopii t\u00e4ydellisesti rannalle ja lomalle.<\/p>\n","protected":false},"excerpt":{"rendered":"<p>Malibu SPF50 Lotion Spray tarjoaa korkean suojan UVA- ja UVB-s\u00e4teit\u00e4 vastaan. Se on valonkest\u00e4v\u00e4 voide, jonka on kliinisesti todistettu olevan lempe\u00e4 useimmille ihotyypeille. Lis\u00e4ksi se on vitamiinirikas ja vesiliukoinen. Aurinkosuojavoide on helppo levitt\u00e4\u00e4 ja sopii t\u00e4ydellisesti rannalle ja lomalle.<\/p>\n","protected":false},"featured_media":144139,"comment_status":"open","ping_status":"closed","template":"","meta":{"_trash_the_other_posts":false},"product_brand":[],"product_cat":[573],"product_tag":[],"berocket_brand":[1241],"class_list":{"0":"post-144140","1":"product","2":"type-product","3":"status-publish","4":"has-post-thumbnail","6":"product_cat-aurinkosuoja","7":"pa_brand-malibu","8":"berocket_brand-malibu","10":"first","11":"instock","12":"sale","13":"taxable","14":"shipping-taxable","15":"purchasable","16":"product-type-simple"},"_links":{"self":[{"href":"https:\/\/stylingagenten.com\/fi\/wp-json\/wp\/v2\/product\/144140","targetHints":{"allow":["GET"]}}],"collection":[{"href":"https:\/\/stylingagenten.com\/fi\/wp-json\/wp\/v2\/product"}],"about":[{"href":"https:\/\/stylingagenten.com\/fi\/wp-json\/wp\/v2\/types\/product"}],"replies":[{"embeddable":true,"href":"https:\/\/stylingagenten.com\/fi\/wp-json\/wp\/v2\/comments?post=144140"}],"version-history":[{"count":0,"href":"https:\/\/stylingagenten.com\/fi\/wp-json\/wp\/v2\/product\/144140\/revisions"}],"wp:featuredmedia":[{"embeddable":true,"href":"https:\/\/stylingagenten.com\/fi\/wp-json\/wp\/v2\/media\/144139"}],"wp:attachment":[{"href":"https:\/\/stylingagenten.com\/fi\/wp-json\/wp\/v2\/media?parent=144140"}],"wp:term":[{"taxonomy":"product_brand","embeddable":true,"href":"https:\/\/stylingagenten.com\/fi\/wp-json\/wp\/v2\/product_brand?post=144140"},{"taxonomy":"product_cat","embeddable":true,"href":"https:\/\/stylingagenten.com\/fi\/wp-json\/wp\/v2\/product_cat?post=144140"},{"taxonomy":"product_tag","embeddable":true,"href":"https:\/\/stylingagenten.com\/fi\/wp-json\/wp\/v2\/product_tag?post=144140"},{"taxonomy":"berocket_brand","embeddable":true,"href":"https:\/\/stylingagenten.com\/fi\/wp-json\/wp\/v2\/berocket_brand?post=144140"}],"curies":[{"name":"wp","href":"https:\/\/api.w.org\/{rel}","templated":true}]}}