{"id":144134,"date":"2025-05-18T23:29:11","date_gmt":"2025-05-18T23:29:11","guid":{"rendered":"https:\/\/staging2.stylingagenten.com\/fi\/produkt\/malibu-kids-sun-lotion-spf30-200ml\/"},"modified":"2026-03-10T15:42:26","modified_gmt":"2026-03-10T15:42:26","slug":"malibu-kids-sun-lotion-spf30-200ml","status":"publish","type":"product","link":"https:\/\/stylingagenten.com\/fi\/tuote\/malibu-kids-sun-lotion-spf30-200ml\/","title":{"rendered":"Malibu Kids Sun Lotion SPF30 200ml"},"content":{"rendered":"<p>Malibu Kids SPF30 Protective Lotion tarjoaa korkean suojan UVA- ja UVB-s\u00e4teit\u00e4 vastaan, ja se on erityisesti kehitetty suojaamaan kaikki lasten rantaaktiviteetit. Se on valonkest\u00e4v\u00e4 voide, jonka on kliinisesti todistettu olevan lempe\u00e4 useimmille ihotyypeille. Lis\u00e4ksi se on rikastettu vitamiineilla, sis\u00e4lt\u00e4\u00e4 Aloe Veraa ja on vedenkest\u00e4v\u00e4. Aurinkosuojavoide on helppo levitt\u00e4\u00e4 ja sopii t\u00e4ydellisesti rannalle ja lomalle.<\/p>\n","protected":false},"excerpt":{"rendered":"<p>Malibu Kids SPF30 Protective Lotion tarjoaa korkean suojan UVA- ja UVB-s\u00e4teit\u00e4 vastaan, ja se on erityisesti kehitetty suojaamaan kaikki lasten rantaaktiviteetit. Se on valonkest\u00e4v\u00e4 voide, jonka on kliinisesti todistettu olevan lempe\u00e4 useimmille ihotyypeille. Lis\u00e4ksi se on rikastettu vitamiineilla, sis\u00e4lt\u00e4\u00e4 Aloe Veraa ja on vedenkest\u00e4v\u00e4. Aurinkosuojavoide on helppo levitt\u00e4\u00e4 ja sopii t\u00e4ydellisesti rannalle ja lomalle.<\/p>\n","protected":false},"featured_media":144133,"comment_status":"open","ping_status":"closed","template":"","meta":{"_trash_the_other_posts":false},"product_brand":[],"product_cat":[573,1011],"product_tag":[3366],"berocket_brand":[1241],"class_list":{"0":"post-144134","1":"product","2":"type-product","3":"status-publish","4":"has-post-thumbnail","6":"product_cat-aurinkosuoja","7":"product_cat-lasten-aurinkosuoja","8":"product_tag-malibu-kids-sun-lotion-spf30","9":"pa_brand-malibu","10":"pa_variantti-200ml","11":"berocket_brand-malibu","13":"first","14":"instock","15":"sale","16":"taxable","17":"shipping-taxable","18":"purchasable","19":"product-type-simple"},"_links":{"self":[{"href":"https:\/\/stylingagenten.com\/fi\/wp-json\/wp\/v2\/product\/144134","targetHints":{"allow":["GET"]}}],"collection":[{"href":"https:\/\/stylingagenten.com\/fi\/wp-json\/wp\/v2\/product"}],"about":[{"href":"https:\/\/stylingagenten.com\/fi\/wp-json\/wp\/v2\/types\/product"}],"replies":[{"embeddable":true,"href":"https:\/\/stylingagenten.com\/fi\/wp-json\/wp\/v2\/comments?post=144134"}],"version-history":[{"count":0,"href":"https:\/\/stylingagenten.com\/fi\/wp-json\/wp\/v2\/product\/144134\/revisions"}],"wp:featuredmedia":[{"embeddable":true,"href":"https:\/\/stylingagenten.com\/fi\/wp-json\/wp\/v2\/media\/144133"}],"wp:attachment":[{"href":"https:\/\/stylingagenten.com\/fi\/wp-json\/wp\/v2\/media?parent=144134"}],"wp:term":[{"taxonomy":"product_brand","embeddable":true,"href":"https:\/\/stylingagenten.com\/fi\/wp-json\/wp\/v2\/product_brand?post=144134"},{"taxonomy":"product_cat","embeddable":true,"href":"https:\/\/stylingagenten.com\/fi\/wp-json\/wp\/v2\/product_cat?post=144134"},{"taxonomy":"product_tag","embeddable":true,"href":"https:\/\/stylingagenten.com\/fi\/wp-json\/wp\/v2\/product_tag?post=144134"},{"taxonomy":"berocket_brand","embeddable":true,"href":"https:\/\/stylingagenten.com\/fi\/wp-json\/wp\/v2\/berocket_brand?post=144134"}],"curies":[{"name":"wp","href":"https:\/\/api.w.org\/{rel}","templated":true}]}}