{"id":144045,"date":"2025-05-18T23:28:35","date_gmt":"2025-05-18T23:28:35","guid":{"rendered":"https:\/\/staging2.stylingagenten.com\/fi\/produkt\/shiseido-sun-expert-pro-face-body-lotion-spf30-150ml\/"},"modified":"2026-02-20T09:06:26","modified_gmt":"2026-02-20T09:06:26","slug":"shiseido-sun-expert-pro-face-body-lotion-spf30-150ml","status":"publish","type":"product","link":"https:\/\/stylingagenten.com\/fi\/tuote\/shiseido-sun-expert-pro-face-body-lotion-spf30-150ml\/","title":{"rendered":"Shiseido Sun Expert Pro Face &amp; Body Lotion SPF30 150ml"},"content":{"rendered":"<p>SHISEIDO-aurinkosuojavoide tarjoaa suojaa UVA- ja UVB-s\u00e4teilt\u00e4, \u200b\u200bkaupunkien saasteilta** ja kuivumiselta.<\/p>\n<p>SynchroShield Technology &trade;:n, hien tai veden ansiosta, sit\u00e4 vahvempi se tulee. * Rikastettu ihonhoitoaineilla, se auttaa est\u00e4m\u00e4\u00e4n UV-s\u00e4teiden aiheuttamien hienojen juonteiden, ryppyjen ja ep\u00e4tasaisen ihon s\u00e4vyn. *<\/p>\n<p>Kevyt ja nopeasti imeytyv\u00e4, tuntuu ihonhoidolta. Sen \u00e4lyk\u00e4s tuoksu synkronoituu hien kanssa: sekoittamalla sit\u00e4 toisiaan t\u00e4ydent\u00e4viin tuoksuaineisiin luoda houkutteleva &#8211; ja persoonallinen &#8211; tuoksu.<\/p>\n<p>&nbsp;<\/p>\n<p>&#8211; Voide ei j\u00e4t\u00e4 rasvaisuutta tai valkoisia j\u00e4\u00e4mi\u00e4<\/p>\n<p>&#8211; Helppo poistaa tavallisella saippualla tai kasvojenpuhdistusaineella<\/p>\n<p>&#8211; Eritt\u00e4in vedenkest\u00e4v\u00e4<\/p>\n<p>&nbsp;<\/p>\n<p>* In vitro.<\/p>\n<p> *** P\u00f6ly ja noki<\/p>\n","protected":false},"excerpt":{"rendered":"<p>SHISEIDO-aurinkosuojavoide tarjoaa suojaa UVA- ja UVB-s\u00e4teilt\u00e4, \u200b\u200bkaupunkien saasteilta** ja kuivumiselta. SynchroShield Technology &trade;:n, hien tai veden ansiosta, sit\u00e4 vahvempi se tulee. * Rikastettu ihonhoitoaineilla, se auttaa est\u00e4m\u00e4\u00e4n UV-s\u00e4teiden aiheuttamien hienojen juonteiden, ryppyjen ja ep\u00e4tasaisen ihon s\u00e4vyn. * Kevyt ja nopeasti imeytyv\u00e4, tuntuu ihonhoidolta. Sen \u00e4lyk\u00e4s tuoksu synkronoituu hien kanssa: sekoittamalla sit\u00e4 toisiaan t\u00e4ydent\u00e4viin tuoksuaineisiin luoda [&hellip;]<\/p>\n","protected":false},"featured_media":439474,"comment_status":"open","ping_status":"closed","template":"","meta":{"_trash_the_other_posts":false},"product_brand":[],"product_cat":[573],"product_tag":[],"berocket_brand":[1193],"class_list":{"0":"post-144045","1":"product","2":"type-product","3":"status-publish","4":"has-post-thumbnail","6":"product_cat-aurinkosuoja","7":"pa_brand-shiseido","8":"berocket_brand-shiseido","10":"first","11":"instock","12":"sale","13":"taxable","14":"shipping-taxable","15":"purchasable","16":"product-type-simple"},"_links":{"self":[{"href":"https:\/\/stylingagenten.com\/fi\/wp-json\/wp\/v2\/product\/144045","targetHints":{"allow":["GET"]}}],"collection":[{"href":"https:\/\/stylingagenten.com\/fi\/wp-json\/wp\/v2\/product"}],"about":[{"href":"https:\/\/stylingagenten.com\/fi\/wp-json\/wp\/v2\/types\/product"}],"replies":[{"embeddable":true,"href":"https:\/\/stylingagenten.com\/fi\/wp-json\/wp\/v2\/comments?post=144045"}],"version-history":[{"count":0,"href":"https:\/\/stylingagenten.com\/fi\/wp-json\/wp\/v2\/product\/144045\/revisions"}],"wp:featuredmedia":[{"embeddable":true,"href":"https:\/\/stylingagenten.com\/fi\/wp-json\/wp\/v2\/media\/439474"}],"wp:attachment":[{"href":"https:\/\/stylingagenten.com\/fi\/wp-json\/wp\/v2\/media?parent=144045"}],"wp:term":[{"taxonomy":"product_brand","embeddable":true,"href":"https:\/\/stylingagenten.com\/fi\/wp-json\/wp\/v2\/product_brand?post=144045"},{"taxonomy":"product_cat","embeddable":true,"href":"https:\/\/stylingagenten.com\/fi\/wp-json\/wp\/v2\/product_cat?post=144045"},{"taxonomy":"product_tag","embeddable":true,"href":"https:\/\/stylingagenten.com\/fi\/wp-json\/wp\/v2\/product_tag?post=144045"},{"taxonomy":"berocket_brand","embeddable":true,"href":"https:\/\/stylingagenten.com\/fi\/wp-json\/wp\/v2\/berocket_brand?post=144045"}],"curies":[{"name":"wp","href":"https:\/\/api.w.org\/{rel}","templated":true}]}}