{"id":144016,"date":"2025-05-18T23:28:24","date_gmt":"2025-05-18T23:28:24","guid":{"rendered":"https:\/\/staging2.stylingagenten.com\/fi\/produkt\/malibu-sun-lotion-spf50-200ml\/"},"modified":"2026-04-14T08:38:43","modified_gmt":"2026-04-14T08:38:43","slug":"malibu-sun-lotion-spf50-200ml","status":"publish","type":"product","link":"https:\/\/stylingagenten.com\/fi\/tuote\/malibu-sun-lotion-spf50-200ml\/","title":{"rendered":"Malibu Sun Lotion SPF50 200ml"},"content":{"rendered":"<p>Malibu SPF50 Protective Lotion tarjoaa korkean suojan UVA- ja UVB-s\u00e4teit\u00e4 vastaan. Se on valonkest\u00e4v\u00e4 voide, jonka on kliinisesti todistettu olevan lempe\u00e4 useimmille ihotyypeille. Aurinkosuojavoide on vedenpit\u00e4v\u00e4 ja rikastettu E-vitamiinilla ja aloe veralla. <br \/>Aurinkosuojavoide on helppo levitt\u00e4\u00e4 ja sopii t\u00e4ydellisesti rannalle ja lomalle. <\/p>\n","protected":false},"excerpt":{"rendered":"<p>Malibu SPF50 Protective Lotion tarjoaa korkean suojan UVA- ja UVB-s\u00e4teit\u00e4 vastaan. Se on valonkest\u00e4v\u00e4 voide, jonka on kliinisesti todistettu olevan lempe\u00e4 useimmille ihotyypeille. Aurinkosuojavoide on vedenpit\u00e4v\u00e4 ja rikastettu E-vitamiinilla ja aloe veralla. Aurinkosuojavoide on helppo levitt\u00e4\u00e4 ja sopii t\u00e4ydellisesti rannalle ja lomalle.<\/p>\n","protected":false},"featured_media":144015,"comment_status":"open","ping_status":"closed","template":"","meta":{"_trash_the_other_posts":false},"product_brand":[],"product_cat":[573,1003],"product_tag":[3372],"berocket_brand":[1241],"class_list":{"0":"post-144016","1":"product","2":"type-product","3":"status-publish","4":"has-post-thumbnail","6":"product_cat-aurinkosuoja","7":"product_cat-myydyimmat","8":"product_tag-malibu-sun-lotion-spf50","9":"pa_brand-malibu","10":"pa_variantti-200ml","11":"berocket_brand-malibu","13":"first","14":"instock","15":"sale","16":"taxable","17":"shipping-taxable","18":"purchasable","19":"product-type-simple"},"_links":{"self":[{"href":"https:\/\/stylingagenten.com\/fi\/wp-json\/wp\/v2\/product\/144016","targetHints":{"allow":["GET"]}}],"collection":[{"href":"https:\/\/stylingagenten.com\/fi\/wp-json\/wp\/v2\/product"}],"about":[{"href":"https:\/\/stylingagenten.com\/fi\/wp-json\/wp\/v2\/types\/product"}],"replies":[{"embeddable":true,"href":"https:\/\/stylingagenten.com\/fi\/wp-json\/wp\/v2\/comments?post=144016"}],"version-history":[{"count":0,"href":"https:\/\/stylingagenten.com\/fi\/wp-json\/wp\/v2\/product\/144016\/revisions"}],"wp:featuredmedia":[{"embeddable":true,"href":"https:\/\/stylingagenten.com\/fi\/wp-json\/wp\/v2\/media\/144015"}],"wp:attachment":[{"href":"https:\/\/stylingagenten.com\/fi\/wp-json\/wp\/v2\/media?parent=144016"}],"wp:term":[{"taxonomy":"product_brand","embeddable":true,"href":"https:\/\/stylingagenten.com\/fi\/wp-json\/wp\/v2\/product_brand?post=144016"},{"taxonomy":"product_cat","embeddable":true,"href":"https:\/\/stylingagenten.com\/fi\/wp-json\/wp\/v2\/product_cat?post=144016"},{"taxonomy":"product_tag","embeddable":true,"href":"https:\/\/stylingagenten.com\/fi\/wp-json\/wp\/v2\/product_tag?post=144016"},{"taxonomy":"berocket_brand","embeddable":true,"href":"https:\/\/stylingagenten.com\/fi\/wp-json\/wp\/v2\/berocket_brand?post=144016"}],"curies":[{"name":"wp","href":"https:\/\/api.w.org\/{rel}","templated":true}]}}