{"id":143930,"date":"2025-05-18T23:27:41","date_gmt":"2025-05-18T23:27:41","guid":{"rendered":"https:\/\/staging2.stylingagenten.com\/fi\/produkt\/malibu-lip-care-balm-trio-spf30\/"},"modified":"2026-04-13T08:28:41","modified_gmt":"2026-04-13T08:28:41","slug":"malibu-lip-care-balm-trio-spf30","status":"publish","type":"product","link":"https:\/\/stylingagenten.com\/fi\/tuote\/malibu-lip-care-balm-trio-spf30\/","title":{"rendered":"Malibu Lip Care Balm Trio SPF30"},"content":{"rendered":"<p>Malibu SPF30 Moisturizing Lip Protection toimitetaan kolmen kappaleen pakkauksessa ja se on suunniteltu suojaamaan huulet auringolta, tuulelta ja kylm\u00e4lt\u00e4. Valikoimapaketti, jossa on 3 makua: vanilja, mansikka ja trooppinen. Balmin koostumus on erityisesti valmistettu kest\u00e4m\u00e4\u00e4n ja vastustamaan aurinkoa, hike\u00e4 ja vett\u00e4. T\u00e4ydellinen aurinkoiseen p\u00e4iv\u00e4\u00e4n rannalla, pitkille k\u00e4velyretkille tai ostosp\u00e4iv\u00e4\u00e4n kaupungissa.<\/p>\n","protected":false},"excerpt":{"rendered":"<p>Malibu SPF30 Moisturizing Lip Protection toimitetaan kolmen kappaleen pakkauksessa ja se on suunniteltu suojaamaan huulet auringolta, tuulelta ja kylm\u00e4lt\u00e4. Valikoimapaketti, jossa on 3 makua: vanilja, mansikka ja trooppinen. Balmin koostumus on erityisesti valmistettu kest\u00e4m\u00e4\u00e4n ja vastustamaan aurinkoa, hike\u00e4 ja vett\u00e4. T\u00e4ydellinen aurinkoiseen p\u00e4iv\u00e4\u00e4n rannalla, pitkille k\u00e4velyretkille tai ostosp\u00e4iv\u00e4\u00e4n kaupungissa.<\/p>\n","protected":false},"featured_media":143928,"comment_status":"open","ping_status":"closed","template":"","meta":{"_trash_the_other_posts":false},"product_brand":[],"product_cat":[580],"product_tag":[],"berocket_brand":[1241],"class_list":{"0":"post-143930","1":"product","2":"type-product","3":"status-publish","4":"has-post-thumbnail","6":"product_cat-huulirasva","7":"pa_brand-malibu","8":"berocket_brand-malibu","10":"first","11":"instock","12":"sale","13":"taxable","14":"shipping-taxable","15":"purchasable","16":"product-type-simple"},"_links":{"self":[{"href":"https:\/\/stylingagenten.com\/fi\/wp-json\/wp\/v2\/product\/143930","targetHints":{"allow":["GET"]}}],"collection":[{"href":"https:\/\/stylingagenten.com\/fi\/wp-json\/wp\/v2\/product"}],"about":[{"href":"https:\/\/stylingagenten.com\/fi\/wp-json\/wp\/v2\/types\/product"}],"replies":[{"embeddable":true,"href":"https:\/\/stylingagenten.com\/fi\/wp-json\/wp\/v2\/comments?post=143930"}],"version-history":[{"count":0,"href":"https:\/\/stylingagenten.com\/fi\/wp-json\/wp\/v2\/product\/143930\/revisions"}],"wp:featuredmedia":[{"embeddable":true,"href":"https:\/\/stylingagenten.com\/fi\/wp-json\/wp\/v2\/media\/143928"}],"wp:attachment":[{"href":"https:\/\/stylingagenten.com\/fi\/wp-json\/wp\/v2\/media?parent=143930"}],"wp:term":[{"taxonomy":"product_brand","embeddable":true,"href":"https:\/\/stylingagenten.com\/fi\/wp-json\/wp\/v2\/product_brand?post=143930"},{"taxonomy":"product_cat","embeddable":true,"href":"https:\/\/stylingagenten.com\/fi\/wp-json\/wp\/v2\/product_cat?post=143930"},{"taxonomy":"product_tag","embeddable":true,"href":"https:\/\/stylingagenten.com\/fi\/wp-json\/wp\/v2\/product_tag?post=143930"},{"taxonomy":"berocket_brand","embeddable":true,"href":"https:\/\/stylingagenten.com\/fi\/wp-json\/wp\/v2\/berocket_brand?post=143930"}],"curies":[{"name":"wp","href":"https:\/\/api.w.org\/{rel}","templated":true}]}}