{"id":143922,"date":"2025-05-18T23:27:37","date_gmt":"2025-05-18T23:27:37","guid":{"rendered":"https:\/\/staging2.stylingagenten.com\/fi\/produkt\/milk_shake-sun-more-sunscreen-face-cream-spf50-75ml\/"},"modified":"2025-11-19T12:14:51","modified_gmt":"2025-11-19T12:14:51","slug":"milk_shake-sun-more-sunscreen-face-cream-spf50-75ml","status":"publish","type":"product","link":"https:\/\/stylingagenten.com\/fi\/tuote\/milk_shake-sun-more-sunscreen-face-cream-spf50-75ml\/","title":{"rendered":"Milk_Shake Sun &amp; More Sunscreen Face Cream Spf50 + 75ml"},"content":{"rendered":"<p>Herk\u00e4lle ja herk\u00e4lle iholle sopiva aurinkovoide kasvoille. Kevyt koostumus, joka imeytyy nopeasti j\u00e4tt\u00e4m\u00e4tt\u00e4 j\u00e4\u00e4mi\u00e4. Ravitseva ja eritt\u00e4in suojattu SPF 50+:lla.<\/p>\n","protected":false},"excerpt":{"rendered":"<p>Herk\u00e4lle ja herk\u00e4lle iholle sopiva aurinkovoide kasvoille. Kevyt koostumus, joka imeytyy nopeasti j\u00e4tt\u00e4m\u00e4tt\u00e4 j\u00e4\u00e4mi\u00e4. Ravitseva ja eritt\u00e4in suojattu SPF 50+:lla.<\/p>\n","protected":false},"featured_media":143921,"comment_status":"open","ping_status":"closed","template":"","meta":{"_trash_the_other_posts":false},"product_brand":[],"product_cat":[573],"product_tag":[],"berocket_brand":[1085],"class_list":{"0":"post-143922","1":"product","2":"type-product","3":"status-publish","4":"has-post-thumbnail","6":"product_cat-aurinkosuoja","7":"pa_brand-milk_shake","8":"berocket_brand-milk_shake","10":"first","11":"instock","12":"sale","13":"taxable","14":"shipping-taxable","15":"purchasable","16":"product-type-simple"},"_links":{"self":[{"href":"https:\/\/stylingagenten.com\/fi\/wp-json\/wp\/v2\/product\/143922","targetHints":{"allow":["GET"]}}],"collection":[{"href":"https:\/\/stylingagenten.com\/fi\/wp-json\/wp\/v2\/product"}],"about":[{"href":"https:\/\/stylingagenten.com\/fi\/wp-json\/wp\/v2\/types\/product"}],"replies":[{"embeddable":true,"href":"https:\/\/stylingagenten.com\/fi\/wp-json\/wp\/v2\/comments?post=143922"}],"version-history":[{"count":0,"href":"https:\/\/stylingagenten.com\/fi\/wp-json\/wp\/v2\/product\/143922\/revisions"}],"wp:featuredmedia":[{"embeddable":true,"href":"https:\/\/stylingagenten.com\/fi\/wp-json\/wp\/v2\/media\/143921"}],"wp:attachment":[{"href":"https:\/\/stylingagenten.com\/fi\/wp-json\/wp\/v2\/media?parent=143922"}],"wp:term":[{"taxonomy":"product_brand","embeddable":true,"href":"https:\/\/stylingagenten.com\/fi\/wp-json\/wp\/v2\/product_brand?post=143922"},{"taxonomy":"product_cat","embeddable":true,"href":"https:\/\/stylingagenten.com\/fi\/wp-json\/wp\/v2\/product_cat?post=143922"},{"taxonomy":"product_tag","embeddable":true,"href":"https:\/\/stylingagenten.com\/fi\/wp-json\/wp\/v2\/product_tag?post=143922"},{"taxonomy":"berocket_brand","embeddable":true,"href":"https:\/\/stylingagenten.com\/fi\/wp-json\/wp\/v2\/berocket_brand?post=143922"}],"curies":[{"name":"wp","href":"https:\/\/api.w.org\/{rel}","templated":true}]}}