{"id":143913,"date":"2025-05-18T23:27:34","date_gmt":"2025-05-18T23:27:34","guid":{"rendered":"https:\/\/staging2.stylingagenten.com\/fi\/produkt\/malibu-clear-hair-and-scalp-protector-spf-50-50ml\/"},"modified":"2026-04-13T17:28:28","modified_gmt":"2026-04-13T17:28:28","slug":"malibu-clear-hair-and-scalp-protector-spf-50-50ml","status":"publish","type":"product","link":"https:\/\/stylingagenten.com\/fi\/tuote\/malibu-clear-hair-and-scalp-protector-spf-50-50ml\/","title":{"rendered":"Malibu Clear Hair and Scalp Protector SPF 50 50ml"},"content":{"rendered":"<p>Muista suojata p\u00e4\u00e4nahkaa UV-s\u00e4teilt\u00e4! Malibu Scalp Protection SPF 50 -suojakertoimella suojaa hiusten alla olevaa ihoa ja sis\u00e4lt\u00e4\u00e4 rasvattoman, vitamiinipitoisen koostumuksen, joka ei vaikuta tyyliin.<br \/>K\u00e4ytt\u00f6:<br \/>Levit\u00e4 30 minuuttia ennen auringolle altistumista.<br \/> &gt;Varmista, ett\u00e4 kaikki paljastunut iho on tasainen ja runsaasti peitetty<br \/>Levit\u00e4 uudelleen kylvyn j\u00e4lkeen<\/p>\n","protected":false},"excerpt":{"rendered":"<p>Muista suojata p\u00e4\u00e4nahkaa UV-s\u00e4teilt\u00e4! Malibu Scalp Protection SPF 50 -suojakertoimella suojaa hiusten alla olevaa ihoa ja sis\u00e4lt\u00e4\u00e4 rasvattoman, vitamiinipitoisen koostumuksen, joka ei vaikuta tyyliin.K\u00e4ytt\u00f6:Levit\u00e4 30 minuuttia ennen auringolle altistumista. &gt;Varmista, ett\u00e4 kaikki paljastunut iho on tasainen ja runsaasti peitettyLevit\u00e4 uudelleen kylvyn j\u00e4lkeen<\/p>\n","protected":false},"featured_media":143912,"comment_status":"open","ping_status":"closed","template":"","meta":{"_trash_the_other_posts":false},"product_brand":[],"product_cat":[573],"product_tag":[3359],"berocket_brand":[1241],"class_list":{"0":"post-143913","1":"product","2":"type-product","3":"status-publish","4":"has-post-thumbnail","6":"product_cat-aurinkosuoja","7":"product_tag-malibu-clear-hair-and-scalp-protector-spf50","8":"pa_brand-malibu","9":"pa_variantti-50ml","10":"berocket_brand-malibu","12":"first","13":"instock","14":"sale","15":"taxable","16":"shipping-taxable","17":"purchasable","18":"product-type-simple"},"_links":{"self":[{"href":"https:\/\/stylingagenten.com\/fi\/wp-json\/wp\/v2\/product\/143913","targetHints":{"allow":["GET"]}}],"collection":[{"href":"https:\/\/stylingagenten.com\/fi\/wp-json\/wp\/v2\/product"}],"about":[{"href":"https:\/\/stylingagenten.com\/fi\/wp-json\/wp\/v2\/types\/product"}],"replies":[{"embeddable":true,"href":"https:\/\/stylingagenten.com\/fi\/wp-json\/wp\/v2\/comments?post=143913"}],"version-history":[{"count":0,"href":"https:\/\/stylingagenten.com\/fi\/wp-json\/wp\/v2\/product\/143913\/revisions"}],"wp:featuredmedia":[{"embeddable":true,"href":"https:\/\/stylingagenten.com\/fi\/wp-json\/wp\/v2\/media\/143912"}],"wp:attachment":[{"href":"https:\/\/stylingagenten.com\/fi\/wp-json\/wp\/v2\/media?parent=143913"}],"wp:term":[{"taxonomy":"product_brand","embeddable":true,"href":"https:\/\/stylingagenten.com\/fi\/wp-json\/wp\/v2\/product_brand?post=143913"},{"taxonomy":"product_cat","embeddable":true,"href":"https:\/\/stylingagenten.com\/fi\/wp-json\/wp\/v2\/product_cat?post=143913"},{"taxonomy":"product_tag","embeddable":true,"href":"https:\/\/stylingagenten.com\/fi\/wp-json\/wp\/v2\/product_tag?post=143913"},{"taxonomy":"berocket_brand","embeddable":true,"href":"https:\/\/stylingagenten.com\/fi\/wp-json\/wp\/v2\/berocket_brand?post=143913"}],"curies":[{"name":"wp","href":"https:\/\/api.w.org\/{rel}","templated":true}]}}