{"id":143911,"date":"2025-05-18T23:27:32","date_gmt":"2025-05-18T23:27:32","guid":{"rendered":"https:\/\/staging2.stylingagenten.com\/fi\/produkt\/balmain-sun-protection-spray-200-ml\/"},"modified":"2025-11-19T12:23:42","modified_gmt":"2025-11-19T12:23:42","slug":"balmain-sun-protection-spray-200-ml","status":"publish","type":"product","link":"https:\/\/stylingagenten.com\/fi\/tuote\/balmain-sun-protection-spray-200-ml\/","title":{"rendered":"Balmain Sun Protection Spray 200 ml"},"content":{"rendered":"<p>Suojaavilla UVA- ja UVB-suodattimilla rikastettu koostumus, joka auttaa hiuksia alttiiksi auringolle, merelle tai naarmuille.<br \/>Est\u00e4\u00e4 vaurioitunutta keratiinia ja hiusten v\u00e4rin haalistumista.<br \/>Pehmeille, vahvoille auringon suutelemille hiuksille, joilla on loistava kiilto.<\/p>\n<p>Sis\u00e4lt\u00e4\u00e4 Balmainin silkkiproteiinia ja argan\u00f6ljy\u00e4 sek\u00e4 v\u00e4rin haalistumista ehk\u00e4isev\u00e4\u00e4 antioksidanttia E-vitamiinia sek\u00e4 proteiinipitoista B5-vitamiinia.<\/p>\n","protected":false},"excerpt":{"rendered":"<p>Suojaavilla UVA- ja UVB-suodattimilla rikastettu koostumus, joka auttaa hiuksia alttiiksi auringolle, merelle tai naarmuille.Est\u00e4\u00e4 vaurioitunutta keratiinia ja hiusten v\u00e4rin haalistumista.Pehmeille, vahvoille auringon suutelemille hiuksille, joilla on loistava kiilto. Sis\u00e4lt\u00e4\u00e4 Balmainin silkkiproteiinia ja argan\u00f6ljy\u00e4 sek\u00e4 v\u00e4rin haalistumista ehk\u00e4isev\u00e4\u00e4 antioksidanttia E-vitamiinia sek\u00e4 proteiinipitoista B5-vitamiinia.<\/p>\n","protected":false},"featured_media":143910,"comment_status":"open","ping_status":"closed","template":"","meta":{"_trash_the_other_posts":false},"product_brand":[],"product_cat":[573],"product_tag":[],"berocket_brand":[1144],"class_list":{"0":"post-143911","1":"product","2":"type-product","3":"status-publish","4":"has-post-thumbnail","6":"product_cat-aurinkosuoja","7":"pa_brand-balmain","8":"berocket_brand-balmain","10":"first","11":"instock","12":"sale","13":"taxable","14":"shipping-taxable","15":"purchasable","16":"product-type-simple"},"_links":{"self":[{"href":"https:\/\/stylingagenten.com\/fi\/wp-json\/wp\/v2\/product\/143911","targetHints":{"allow":["GET"]}}],"collection":[{"href":"https:\/\/stylingagenten.com\/fi\/wp-json\/wp\/v2\/product"}],"about":[{"href":"https:\/\/stylingagenten.com\/fi\/wp-json\/wp\/v2\/types\/product"}],"replies":[{"embeddable":true,"href":"https:\/\/stylingagenten.com\/fi\/wp-json\/wp\/v2\/comments?post=143911"}],"version-history":[{"count":0,"href":"https:\/\/stylingagenten.com\/fi\/wp-json\/wp\/v2\/product\/143911\/revisions"}],"wp:featuredmedia":[{"embeddable":true,"href":"https:\/\/stylingagenten.com\/fi\/wp-json\/wp\/v2\/media\/143910"}],"wp:attachment":[{"href":"https:\/\/stylingagenten.com\/fi\/wp-json\/wp\/v2\/media?parent=143911"}],"wp:term":[{"taxonomy":"product_brand","embeddable":true,"href":"https:\/\/stylingagenten.com\/fi\/wp-json\/wp\/v2\/product_brand?post=143911"},{"taxonomy":"product_cat","embeddable":true,"href":"https:\/\/stylingagenten.com\/fi\/wp-json\/wp\/v2\/product_cat?post=143911"},{"taxonomy":"product_tag","embeddable":true,"href":"https:\/\/stylingagenten.com\/fi\/wp-json\/wp\/v2\/product_tag?post=143911"},{"taxonomy":"berocket_brand","embeddable":true,"href":"https:\/\/stylingagenten.com\/fi\/wp-json\/wp\/v2\/berocket_brand?post=143911"}],"curies":[{"name":"wp","href":"https:\/\/api.w.org\/{rel}","templated":true}]}}