{"id":143891,"date":"2025-05-18T23:27:22","date_gmt":"2025-05-18T23:27:22","guid":{"rendered":"https:\/\/staging2.stylingagenten.com\/fi\/produkt\/malibu-bronzing-tanning-oil-spf10-200ml\/"},"modified":"2026-03-10T16:37:35","modified_gmt":"2026-03-10T16:37:35","slug":"malibu-bronzing-tanning-oil-spf10-200ml","status":"publish","type":"product","link":"https:\/\/stylingagenten.com\/fi\/tuote\/malibu-bronzing-tanning-oil-spf10-200ml\/","title":{"rendered":"Malibu Bronzing Tanning Oil SPF10 200ml"},"content":{"rendered":"<p>Malibu Bronzing Tanning Oil SPF10 on aurinko\u00f6ljy, jolla on alhainen suoja UV-s\u00e4teit\u00e4 vastaan. Se sopii t\u00e4ydellisesti ihmisille, joiden ihossa on korkea melaniinipitoisuus ja jotka ruskettuvat helposti eiv\u00e4tk\u00e4 koskaan pala. Se on vedenkest\u00e4v\u00e4 ja sen on kliinisesti todistettu olevan hell\u00e4varainen iholle.<\/p>\n","protected":false},"excerpt":{"rendered":"<p>Malibu Bronzing Tanning Oil SPF10 on aurinko\u00f6ljy, jolla on alhainen suoja UV-s\u00e4teit\u00e4 vastaan. Se sopii t\u00e4ydellisesti ihmisille, joiden ihossa on korkea melaniinipitoisuus ja jotka ruskettuvat helposti eiv\u00e4tk\u00e4 koskaan pala. Se on vedenkest\u00e4v\u00e4 ja sen on kliinisesti todistettu olevan hell\u00e4varainen iholle.<\/p>\n","protected":false},"featured_media":143890,"comment_status":"open","ping_status":"closed","template":"","meta":{"_trash_the_other_posts":false},"product_brand":[],"product_cat":[573],"product_tag":[],"berocket_brand":[1241],"class_list":{"0":"post-143891","1":"product","2":"type-product","3":"status-publish","4":"has-post-thumbnail","6":"product_cat-aurinkosuoja","7":"pa_brand-malibu","8":"berocket_brand-malibu","10":"first","11":"instock","12":"sale","13":"taxable","14":"shipping-taxable","15":"purchasable","16":"product-type-simple"},"_links":{"self":[{"href":"https:\/\/stylingagenten.com\/fi\/wp-json\/wp\/v2\/product\/143891","targetHints":{"allow":["GET"]}}],"collection":[{"href":"https:\/\/stylingagenten.com\/fi\/wp-json\/wp\/v2\/product"}],"about":[{"href":"https:\/\/stylingagenten.com\/fi\/wp-json\/wp\/v2\/types\/product"}],"replies":[{"embeddable":true,"href":"https:\/\/stylingagenten.com\/fi\/wp-json\/wp\/v2\/comments?post=143891"}],"version-history":[{"count":0,"href":"https:\/\/stylingagenten.com\/fi\/wp-json\/wp\/v2\/product\/143891\/revisions"}],"wp:featuredmedia":[{"embeddable":true,"href":"https:\/\/stylingagenten.com\/fi\/wp-json\/wp\/v2\/media\/143890"}],"wp:attachment":[{"href":"https:\/\/stylingagenten.com\/fi\/wp-json\/wp\/v2\/media?parent=143891"}],"wp:term":[{"taxonomy":"product_brand","embeddable":true,"href":"https:\/\/stylingagenten.com\/fi\/wp-json\/wp\/v2\/product_brand?post=143891"},{"taxonomy":"product_cat","embeddable":true,"href":"https:\/\/stylingagenten.com\/fi\/wp-json\/wp\/v2\/product_cat?post=143891"},{"taxonomy":"product_tag","embeddable":true,"href":"https:\/\/stylingagenten.com\/fi\/wp-json\/wp\/v2\/product_tag?post=143891"},{"taxonomy":"berocket_brand","embeddable":true,"href":"https:\/\/stylingagenten.com\/fi\/wp-json\/wp\/v2\/berocket_brand?post=143891"}],"curies":[{"name":"wp","href":"https:\/\/api.w.org\/{rel}","templated":true}]}}