{"id":143885,"date":"2025-05-18T23:27:18","date_gmt":"2025-05-18T23:27:18","guid":{"rendered":"https:\/\/staging2.stylingagenten.com\/fi\/produkt\/beauty-of-joseon-relief-sun-rice-probiotics-cream-spf50-50ml\/"},"modified":"2026-04-07T20:28:41","modified_gmt":"2026-04-07T20:28:41","slug":"beauty-of-joseon-relief-sun-rice-probiotics-cream-spf50-50ml","status":"publish","type":"product","link":"https:\/\/stylingagenten.com\/fi\/tuote\/beauty-of-joseon-relief-sun-rice-probiotics-cream-spf50-50ml\/","title":{"rendered":"Beauty of Joseon Relief Sun Rice + Probiotics Cream SPF50 50ml"},"content":{"rendered":"<p>Beauty of Joseon Relief Sun Rice + Probiotics Cream SPF50 50 ml<br \/>Relief Sun SPF 50+ PA ++++ on kevyt ja kermainen orgaaninen (kemiallinen) aurinkovoide, joka tuntuu miellytt\u00e4v\u00e4lt\u00e4 iholla. Vaikka levit\u00e4t suuren m\u00e4\u00e4r\u00e4n useita kertoja, se ei ole tahmeaa, vaan antaa kostean lopputuloksen kuin kevyt kosteusvoide. Sis\u00e4lt\u00e4\u00e4 30 % riisiuutetta ja fermentoituja viljauutteita, kosteuttaa ja ravitsee ihoa.<\/p>\n","protected":false},"excerpt":{"rendered":"<p>Beauty of Joseon Relief Sun Rice + Probiotics Cream SPF50 50 mlRelief Sun SPF 50+ PA ++++ on kevyt ja kermainen orgaaninen (kemiallinen) aurinkovoide, joka tuntuu miellytt\u00e4v\u00e4lt\u00e4 iholla. Vaikka levit\u00e4t suuren m\u00e4\u00e4r\u00e4n useita kertoja, se ei ole tahmeaa, vaan antaa kostean lopputuloksen kuin kevyt kosteusvoide. Sis\u00e4lt\u00e4\u00e4 30 % riisiuutetta ja fermentoituja viljauutteita, kosteuttaa ja ravitsee [&hellip;]<\/p>\n","protected":false},"featured_media":143878,"comment_status":"open","ping_status":"closed","template":"","meta":{"_trash_the_other_posts":false},"product_brand":[],"product_cat":[1001,559,1003],"product_tag":[2483],"berocket_brand":[1395],"class_list":{"0":"post-143885","1":"product","2":"type-product","3":"status-publish","4":"has-post-thumbnail","6":"product_cat-k-beauty","7":"product_cat-ansiktskrem","8":"product_cat-myydyimmat","9":"product_tag-beauty-of-joseon-relief-sun-rice-probiotics-cream-spf50","10":"pa_brand-beauty-of-joseon","11":"pa_variantti-50ml","12":"berocket_brand-beauty-of-joseon","14":"first","15":"instock","16":"sale","17":"taxable","18":"shipping-taxable","19":"purchasable","20":"product-type-simple"},"_links":{"self":[{"href":"https:\/\/stylingagenten.com\/fi\/wp-json\/wp\/v2\/product\/143885","targetHints":{"allow":["GET"]}}],"collection":[{"href":"https:\/\/stylingagenten.com\/fi\/wp-json\/wp\/v2\/product"}],"about":[{"href":"https:\/\/stylingagenten.com\/fi\/wp-json\/wp\/v2\/types\/product"}],"replies":[{"embeddable":true,"href":"https:\/\/stylingagenten.com\/fi\/wp-json\/wp\/v2\/comments?post=143885"}],"version-history":[{"count":0,"href":"https:\/\/stylingagenten.com\/fi\/wp-json\/wp\/v2\/product\/143885\/revisions"}],"wp:featuredmedia":[{"embeddable":true,"href":"https:\/\/stylingagenten.com\/fi\/wp-json\/wp\/v2\/media\/143878"}],"wp:attachment":[{"href":"https:\/\/stylingagenten.com\/fi\/wp-json\/wp\/v2\/media?parent=143885"}],"wp:term":[{"taxonomy":"product_brand","embeddable":true,"href":"https:\/\/stylingagenten.com\/fi\/wp-json\/wp\/v2\/product_brand?post=143885"},{"taxonomy":"product_cat","embeddable":true,"href":"https:\/\/stylingagenten.com\/fi\/wp-json\/wp\/v2\/product_cat?post=143885"},{"taxonomy":"product_tag","embeddable":true,"href":"https:\/\/stylingagenten.com\/fi\/wp-json\/wp\/v2\/product_tag?post=143885"},{"taxonomy":"berocket_brand","embeddable":true,"href":"https:\/\/stylingagenten.com\/fi\/wp-json\/wp\/v2\/berocket_brand?post=143885"}],"curies":[{"name":"wp","href":"https:\/\/api.w.org\/{rel}","templated":true}]}}