{"id":143842,"date":"2025-05-18T23:26:54","date_gmt":"2025-05-18T23:26:54","guid":{"rendered":"https:\/\/staging2.stylingagenten.com\/fi\/produkt\/purito-daily-soft-touch-sunscreen-spf-50-60ml\/"},"modified":"2026-03-28T14:58:39","modified_gmt":"2026-03-28T14:58:39","slug":"purito-daily-soft-touch-sunscreen-spf-50-60ml","status":"publish","type":"product","link":"https:\/\/stylingagenten.com\/fi\/tuote\/purito-daily-soft-touch-sunscreen-spf-50-60ml\/","title":{"rendered":"Purito Daily Soft Touch Sunscreen SPF 50 60ml"},"content":{"rendered":"<p>Daily Soft Touch -aurinkovoide Puritolta on hoitava aurinkovoide, joka imeytyy nopeasti iholle kevyen geelikreemin koostumuksensa ansiosta ilman tahmeaa tuntua. Se tarjoaa korkean suojan SPF 50+ PA++++ samalla kosteuttaen ja hoitaen ihoa.<br \/>\n<br \/>Tuote sopii kaikille ihotyypeille &#8211; erityisesti rasvaiselle ja sekaiholle.<\/p>\n<p>T\u00e4\u00e4lt\u00e4 l\u00f6yd\u00e4t useita t\u00e4htiainesosia, kuten centella asiatica, jota kutsutaan my\u00f6s nimell\u00e4 CICA, ja per\u00e4ti viisi erilaista keramidia hoitoa ja suojaa varten. Keramidit NS, NP, AS, AP ja EOP ty\u00f6skentelev\u00e4t yhdess\u00e4 suojatakseen ihon suojakerrosta ulkoisilta rasituksilta samalla syv\u00e4kosteuttaen sit\u00e4. Alpha-Bisabolo, Panthenol ja Tocopherol (E-vitamiini) antavat lis\u00e4voimaa p\u00e4ivitt\u00e4iselle altistumiselle rasituksille ja vapaille radikaaleille.<\/p>\n<p>60 ml<\/p>\n","protected":false},"excerpt":{"rendered":"<p>Daily Soft Touch -aurinkovoide Puritolta on hoitava aurinkovoide, joka imeytyy nopeasti iholle kevyen geelikreemin koostumuksensa ansiosta ilman tahmeaa tuntua. Se tarjoaa korkean suojan SPF 50+ PA++++ samalla kosteuttaen ja hoitaen ihoa. Tuote sopii kaikille ihotyypeille &#8211; erityisesti rasvaiselle ja sekaiholle. T\u00e4\u00e4lt\u00e4 l\u00f6yd\u00e4t useita t\u00e4htiainesosia, kuten centella asiatica, jota kutsutaan my\u00f6s nimell\u00e4 CICA, ja per\u00e4ti viisi [&hellip;]<\/p>\n","protected":false},"featured_media":143830,"comment_status":"open","ping_status":"closed","template":"","meta":{"_trash_the_other_posts":false},"product_brand":[],"product_cat":[573,1001],"product_tag":[],"berocket_brand":[1412],"class_list":{"0":"post-143842","1":"product","2":"type-product","3":"status-publish","4":"has-post-thumbnail","6":"product_cat-aurinkosuoja","7":"product_cat-k-beauty","8":"pa_brand-purito","9":"berocket_brand-purito","11":"first","12":"instock","13":"sale","14":"taxable","15":"shipping-taxable","16":"purchasable","17":"product-type-simple"},"_links":{"self":[{"href":"https:\/\/stylingagenten.com\/fi\/wp-json\/wp\/v2\/product\/143842","targetHints":{"allow":["GET"]}}],"collection":[{"href":"https:\/\/stylingagenten.com\/fi\/wp-json\/wp\/v2\/product"}],"about":[{"href":"https:\/\/stylingagenten.com\/fi\/wp-json\/wp\/v2\/types\/product"}],"replies":[{"embeddable":true,"href":"https:\/\/stylingagenten.com\/fi\/wp-json\/wp\/v2\/comments?post=143842"}],"version-history":[{"count":0,"href":"https:\/\/stylingagenten.com\/fi\/wp-json\/wp\/v2\/product\/143842\/revisions"}],"wp:featuredmedia":[{"embeddable":true,"href":"https:\/\/stylingagenten.com\/fi\/wp-json\/wp\/v2\/media\/143830"}],"wp:attachment":[{"href":"https:\/\/stylingagenten.com\/fi\/wp-json\/wp\/v2\/media?parent=143842"}],"wp:term":[{"taxonomy":"product_brand","embeddable":true,"href":"https:\/\/stylingagenten.com\/fi\/wp-json\/wp\/v2\/product_brand?post=143842"},{"taxonomy":"product_cat","embeddable":true,"href":"https:\/\/stylingagenten.com\/fi\/wp-json\/wp\/v2\/product_cat?post=143842"},{"taxonomy":"product_tag","embeddable":true,"href":"https:\/\/stylingagenten.com\/fi\/wp-json\/wp\/v2\/product_tag?post=143842"},{"taxonomy":"berocket_brand","embeddable":true,"href":"https:\/\/stylingagenten.com\/fi\/wp-json\/wp\/v2\/berocket_brand?post=143842"}],"curies":[{"name":"wp","href":"https:\/\/api.w.org\/{rel}","templated":true}]}}