{"id":143821,"date":"2025-05-18T23:26:42","date_gmt":"2025-05-18T23:26:42","guid":{"rendered":"https:\/\/staging2.stylingagenten.com\/fi\/produkt\/malibu-bronzing-oil-with-coconut-spray-spf15-175ml\/"},"modified":"2026-02-16T09:56:39","modified_gmt":"2026-02-16T09:56:39","slug":"malibu-bronzing-oil-with-coconut-spray-spf15-175ml","status":"publish","type":"product","link":"https:\/\/stylingagenten.com\/fi\/tuote\/malibu-bronzing-oil-with-coconut-spray-spf15-175ml\/","title":{"rendered":"Malibu Bronzing Oil with Coconut Spray SPF15 175ml"},"content":{"rendered":"<p>Malibu Bronzing Oil with Coconut Spray SPF 15 on t\u00e4ydellinen ratkaisu kauniin ja luonnollisen auringonpoltettavan rusketuksen saavuttamiseen samalla kun se suojaa ihoa auringon haitallisilta s\u00e4teilt\u00e4. Ainutlaatuinen koostumus kookos\u00f6ljyll\u00e4 kosteuttaa ja hoitaa ihoa, kun taas kevyt suihke tekee \u00f6ljyn levitt\u00e4misest\u00e4 helposti tasaisesti koko vartalolle.<\/p>\n<p>175 ml<\/p>\n","protected":false},"excerpt":{"rendered":"<p>Malibu Bronzing Oil with Coconut Spray SPF 15 on t\u00e4ydellinen ratkaisu kauniin ja luonnollisen auringonpoltettavan rusketuksen saavuttamiseen samalla kun se suojaa ihoa auringon haitallisilta s\u00e4teilt\u00e4. Ainutlaatuinen koostumus kookos\u00f6ljyll\u00e4 kosteuttaa ja hoitaa ihoa, kun taas kevyt suihke tekee \u00f6ljyn levitt\u00e4misest\u00e4 helposti tasaisesti koko vartalolle. 175 ml<\/p>\n","protected":false},"featured_media":143820,"comment_status":"open","ping_status":"closed","template":"","meta":{"_trash_the_other_posts":false},"product_brand":[],"product_cat":[573],"product_tag":[],"berocket_brand":[1241],"class_list":{"0":"post-143821","1":"product","2":"type-product","3":"status-publish","4":"has-post-thumbnail","6":"product_cat-aurinkosuoja","7":"pa_brand-malibu","8":"berocket_brand-malibu","10":"first","11":"instock","12":"sale","13":"taxable","14":"shipping-taxable","15":"purchasable","16":"product-type-simple"},"_links":{"self":[{"href":"https:\/\/stylingagenten.com\/fi\/wp-json\/wp\/v2\/product\/143821","targetHints":{"allow":["GET"]}}],"collection":[{"href":"https:\/\/stylingagenten.com\/fi\/wp-json\/wp\/v2\/product"}],"about":[{"href":"https:\/\/stylingagenten.com\/fi\/wp-json\/wp\/v2\/types\/product"}],"replies":[{"embeddable":true,"href":"https:\/\/stylingagenten.com\/fi\/wp-json\/wp\/v2\/comments?post=143821"}],"version-history":[{"count":0,"href":"https:\/\/stylingagenten.com\/fi\/wp-json\/wp\/v2\/product\/143821\/revisions"}],"wp:featuredmedia":[{"embeddable":true,"href":"https:\/\/stylingagenten.com\/fi\/wp-json\/wp\/v2\/media\/143820"}],"wp:attachment":[{"href":"https:\/\/stylingagenten.com\/fi\/wp-json\/wp\/v2\/media?parent=143821"}],"wp:term":[{"taxonomy":"product_brand","embeddable":true,"href":"https:\/\/stylingagenten.com\/fi\/wp-json\/wp\/v2\/product_brand?post=143821"},{"taxonomy":"product_cat","embeddable":true,"href":"https:\/\/stylingagenten.com\/fi\/wp-json\/wp\/v2\/product_cat?post=143821"},{"taxonomy":"product_tag","embeddable":true,"href":"https:\/\/stylingagenten.com\/fi\/wp-json\/wp\/v2\/product_tag?post=143821"},{"taxonomy":"berocket_brand","embeddable":true,"href":"https:\/\/stylingagenten.com\/fi\/wp-json\/wp\/v2\/berocket_brand?post=143821"}],"curies":[{"name":"wp","href":"https:\/\/api.w.org\/{rel}","templated":true}]}}