{"id":143800,"date":"2025-05-18T23:26:29","date_gmt":"2025-05-18T23:26:29","guid":{"rendered":"https:\/\/staging2.stylingagenten.com\/fi\/produkt\/malibu-sun-lotion-spf50-100ml\/"},"modified":"2026-03-13T18:56:25","modified_gmt":"2026-03-13T18:56:25","slug":"malibu-sun-lotion-spf50-100ml","status":"publish","type":"product","link":"https:\/\/stylingagenten.com\/fi\/tuote\/malibu-sun-lotion-spf50-100ml\/","title":{"rendered":"Malibu Sun Lotion SPF50 100ml"},"content":{"rendered":"<p>Malibu SPF50 Lotion antaa korkean suojan UVA- ja UVB-s\u00e4teit\u00e4 vastaan. Se on fotostabiili voide, joka on kliinisesti todistettu sopivaksi useimmille ihotyypeille. Aurinkosuoja on vedenkest\u00e4v\u00e4 ja sis\u00e4lt\u00e4\u00e4 runsaasti E-vitamiinia ja aloe veraa. Sit\u00e4 on helppo levitt\u00e4\u00e4 ja se on t\u00e4ydellinen rannalle ja lomalle.<\/p>\n<p>100 ml<\/p>\n","protected":false},"excerpt":{"rendered":"<p>Malibu SPF50 Lotion antaa korkean suojan UVA- ja UVB-s\u00e4teit\u00e4 vastaan. Se on fotostabiili voide, joka on kliinisesti todistettu sopivaksi useimmille ihotyypeille. Aurinkosuoja on vedenkest\u00e4v\u00e4 ja sis\u00e4lt\u00e4\u00e4 runsaasti E-vitamiinia ja aloe veraa. Sit\u00e4 on helppo levitt\u00e4\u00e4 ja se on t\u00e4ydellinen rannalle ja lomalle. 100 ml<\/p>\n","protected":false},"featured_media":143799,"comment_status":"open","ping_status":"closed","template":"","meta":{"_trash_the_other_posts":false},"product_brand":[],"product_cat":[573],"product_tag":[3372],"berocket_brand":[1241],"class_list":{"0":"post-143800","1":"product","2":"type-product","3":"status-publish","4":"has-post-thumbnail","6":"product_cat-aurinkosuoja","7":"product_tag-malibu-sun-lotion-spf50","8":"pa_brand-malibu","9":"pa_variantti-100ml","10":"berocket_brand-malibu","12":"first","13":"instock","14":"sale","15":"taxable","16":"shipping-taxable","17":"purchasable","18":"product-type-simple"},"_links":{"self":[{"href":"https:\/\/stylingagenten.com\/fi\/wp-json\/wp\/v2\/product\/143800","targetHints":{"allow":["GET"]}}],"collection":[{"href":"https:\/\/stylingagenten.com\/fi\/wp-json\/wp\/v2\/product"}],"about":[{"href":"https:\/\/stylingagenten.com\/fi\/wp-json\/wp\/v2\/types\/product"}],"replies":[{"embeddable":true,"href":"https:\/\/stylingagenten.com\/fi\/wp-json\/wp\/v2\/comments?post=143800"}],"version-history":[{"count":0,"href":"https:\/\/stylingagenten.com\/fi\/wp-json\/wp\/v2\/product\/143800\/revisions"}],"wp:featuredmedia":[{"embeddable":true,"href":"https:\/\/stylingagenten.com\/fi\/wp-json\/wp\/v2\/media\/143799"}],"wp:attachment":[{"href":"https:\/\/stylingagenten.com\/fi\/wp-json\/wp\/v2\/media?parent=143800"}],"wp:term":[{"taxonomy":"product_brand","embeddable":true,"href":"https:\/\/stylingagenten.com\/fi\/wp-json\/wp\/v2\/product_brand?post=143800"},{"taxonomy":"product_cat","embeddable":true,"href":"https:\/\/stylingagenten.com\/fi\/wp-json\/wp\/v2\/product_cat?post=143800"},{"taxonomy":"product_tag","embeddable":true,"href":"https:\/\/stylingagenten.com\/fi\/wp-json\/wp\/v2\/product_tag?post=143800"},{"taxonomy":"berocket_brand","embeddable":true,"href":"https:\/\/stylingagenten.com\/fi\/wp-json\/wp\/v2\/berocket_brand?post=143800"}],"curies":[{"name":"wp","href":"https:\/\/api.w.org\/{rel}","templated":true}]}}