{"id":143796,"date":"2025-05-18T23:26:26","date_gmt":"2025-05-18T23:26:26","guid":{"rendered":"https:\/\/staging2.stylingagenten.com\/fi\/produkt\/malibu-clear-hair-and-scalp-protector-spf50-100ml\/"},"modified":"2026-04-14T16:18:45","modified_gmt":"2026-04-14T16:18:45","slug":"malibu-clear-hair-and-scalp-protector-spf50-100ml","status":"publish","type":"product","link":"https:\/\/stylingagenten.com\/fi\/tuote\/malibu-clear-hair-and-scalp-protector-spf50-100ml\/","title":{"rendered":"Malibu Clear Hair and Scalp Protector SPF50 100ml"},"content":{"rendered":"<p>\u00c4l\u00e4 unohda suojata hiuspohjaa UV-s\u00e4teilt\u00e4! Malibu hiuspohjan suoja SPF 50 suojaa ihon hiustesi alla. Se sis\u00e4lt\u00e4\u00e4 ei-rasvaisen, vitamiinirikkaan koostumuksen, joka ei vaikuta kampaukseesi.<\/p>\n<p>K\u00e4ytt\u00f6ohje:<br \/>\n<br \/>Levit\u00e4 30 minuuttia ennen auringolle altistumista.<br \/>\n<br \/>Varmista, ett\u00e4 kaikki altistunut iho on tasaisesti ja runsaasti peitetty.<br \/>\n<br \/>Levit\u00e4 uudelleen uinnin j\u00e4lkeen.<\/p>\n<p>100 ml<\/p>\n","protected":false},"excerpt":{"rendered":"<p>\u00c4l\u00e4 unohda suojata hiuspohjaa UV-s\u00e4teilt\u00e4! Malibu hiuspohjan suoja SPF 50 suojaa ihon hiustesi alla. Se sis\u00e4lt\u00e4\u00e4 ei-rasvaisen, vitamiinirikkaan koostumuksen, joka ei vaikuta kampaukseesi. K\u00e4ytt\u00f6ohje: Levit\u00e4 30 minuuttia ennen auringolle altistumista. Varmista, ett\u00e4 kaikki altistunut iho on tasaisesti ja runsaasti peitetty. Levit\u00e4 uudelleen uinnin j\u00e4lkeen. 100 ml<\/p>\n","protected":false},"featured_media":143795,"comment_status":"open","ping_status":"closed","template":"","meta":{"_trash_the_other_posts":false},"product_brand":[],"product_cat":[573],"product_tag":[3359],"berocket_brand":[1241],"class_list":{"0":"post-143796","1":"product","2":"type-product","3":"status-publish","4":"has-post-thumbnail","6":"product_cat-aurinkosuoja","7":"product_tag-malibu-clear-hair-and-scalp-protector-spf50","8":"pa_brand-malibu","9":"pa_variantti-100ml","10":"berocket_brand-malibu","12":"first","13":"instock","14":"sale","15":"taxable","16":"shipping-taxable","17":"purchasable","18":"product-type-simple"},"_links":{"self":[{"href":"https:\/\/stylingagenten.com\/fi\/wp-json\/wp\/v2\/product\/143796","targetHints":{"allow":["GET"]}}],"collection":[{"href":"https:\/\/stylingagenten.com\/fi\/wp-json\/wp\/v2\/product"}],"about":[{"href":"https:\/\/stylingagenten.com\/fi\/wp-json\/wp\/v2\/types\/product"}],"replies":[{"embeddable":true,"href":"https:\/\/stylingagenten.com\/fi\/wp-json\/wp\/v2\/comments?post=143796"}],"version-history":[{"count":0,"href":"https:\/\/stylingagenten.com\/fi\/wp-json\/wp\/v2\/product\/143796\/revisions"}],"wp:featuredmedia":[{"embeddable":true,"href":"https:\/\/stylingagenten.com\/fi\/wp-json\/wp\/v2\/media\/143795"}],"wp:attachment":[{"href":"https:\/\/stylingagenten.com\/fi\/wp-json\/wp\/v2\/media?parent=143796"}],"wp:term":[{"taxonomy":"product_brand","embeddable":true,"href":"https:\/\/stylingagenten.com\/fi\/wp-json\/wp\/v2\/product_brand?post=143796"},{"taxonomy":"product_cat","embeddable":true,"href":"https:\/\/stylingagenten.com\/fi\/wp-json\/wp\/v2\/product_cat?post=143796"},{"taxonomy":"product_tag","embeddable":true,"href":"https:\/\/stylingagenten.com\/fi\/wp-json\/wp\/v2\/product_tag?post=143796"},{"taxonomy":"berocket_brand","embeddable":true,"href":"https:\/\/stylingagenten.com\/fi\/wp-json\/wp\/v2\/berocket_brand?post=143796"}],"curies":[{"name":"wp","href":"https:\/\/api.w.org\/{rel}","templated":true}]}}