{"id":143792,"date":"2025-05-18T23:26:22","date_gmt":"2025-05-18T23:26:22","guid":{"rendered":"https:\/\/staging2.stylingagenten.com\/fi\/produkt\/malibu-sun-dry-oil-gel-spf15-200ml\/"},"modified":"2025-11-19T12:44:10","modified_gmt":"2025-11-19T12:44:10","slug":"malibu-sun-dry-oil-gel-spf15-200ml","status":"publish","type":"product","link":"https:\/\/stylingagenten.com\/fi\/tuote\/malibu-sun-dry-oil-gel-spf15-200ml\/","title":{"rendered":"Malibu Sun Dry Oil Gel SPF15 200ml"},"content":{"rendered":"<p>Malibu Dry Oil Gel SPF15 tarjoaa keskitason suojan UVA- ja UVB-s\u00e4teit\u00e4 vastaan. Se on fotostabiili \u00f6ljy, joka on kliinisesti todistettu sopivaksi useimmille ihotyypeille. Lis\u00e4ksi se on vitaminoitu, vedenkest\u00e4v\u00e4, kuivan geelim\u00e4inen koostumus ja helppo levitt\u00e4\u00e4 koko vartalolle.<\/p>\n<p>200 ml<\/p>\n","protected":false},"excerpt":{"rendered":"<p>Malibu Dry Oil Gel SPF15 tarjoaa keskitason suojan UVA- ja UVB-s\u00e4teit\u00e4 vastaan. Se on fotostabiili \u00f6ljy, joka on kliinisesti todistettu sopivaksi useimmille ihotyypeille. Lis\u00e4ksi se on vitaminoitu, vedenkest\u00e4v\u00e4, kuivan geelim\u00e4inen koostumus ja helppo levitt\u00e4\u00e4 koko vartalolle. 200 ml<\/p>\n","protected":false},"featured_media":143791,"comment_status":"open","ping_status":"closed","template":"","meta":{"_trash_the_other_posts":false},"product_brand":[],"product_cat":[573],"product_tag":[],"berocket_brand":[1241],"class_list":{"0":"post-143792","1":"product","2":"type-product","3":"status-publish","4":"has-post-thumbnail","6":"product_cat-aurinkosuoja","7":"pa_brand-malibu","8":"berocket_brand-malibu","10":"first","11":"instock","12":"sale","13":"taxable","14":"shipping-taxable","15":"purchasable","16":"product-type-simple"},"_links":{"self":[{"href":"https:\/\/stylingagenten.com\/fi\/wp-json\/wp\/v2\/product\/143792","targetHints":{"allow":["GET"]}}],"collection":[{"href":"https:\/\/stylingagenten.com\/fi\/wp-json\/wp\/v2\/product"}],"about":[{"href":"https:\/\/stylingagenten.com\/fi\/wp-json\/wp\/v2\/types\/product"}],"replies":[{"embeddable":true,"href":"https:\/\/stylingagenten.com\/fi\/wp-json\/wp\/v2\/comments?post=143792"}],"version-history":[{"count":0,"href":"https:\/\/stylingagenten.com\/fi\/wp-json\/wp\/v2\/product\/143792\/revisions"}],"wp:featuredmedia":[{"embeddable":true,"href":"https:\/\/stylingagenten.com\/fi\/wp-json\/wp\/v2\/media\/143791"}],"wp:attachment":[{"href":"https:\/\/stylingagenten.com\/fi\/wp-json\/wp\/v2\/media?parent=143792"}],"wp:term":[{"taxonomy":"product_brand","embeddable":true,"href":"https:\/\/stylingagenten.com\/fi\/wp-json\/wp\/v2\/product_brand?post=143792"},{"taxonomy":"product_cat","embeddable":true,"href":"https:\/\/stylingagenten.com\/fi\/wp-json\/wp\/v2\/product_cat?post=143792"},{"taxonomy":"product_tag","embeddable":true,"href":"https:\/\/stylingagenten.com\/fi\/wp-json\/wp\/v2\/product_tag?post=143792"},{"taxonomy":"berocket_brand","embeddable":true,"href":"https:\/\/stylingagenten.com\/fi\/wp-json\/wp\/v2\/berocket_brand?post=143792"}],"curies":[{"name":"wp","href":"https:\/\/api.w.org\/{rel}","templated":true}]}}