{"id":143774,"date":"2025-05-18T23:25:58","date_gmt":"2025-05-18T23:25:58","guid":{"rendered":"https:\/\/staging2.stylingagenten.com\/fi\/produkt\/malibu-kids-lotion-spray-spf50-200ml\/"},"modified":"2026-03-13T06:57:36","modified_gmt":"2026-03-13T06:57:36","slug":"malibu-kids-lotion-spray-spf50-200ml","status":"publish","type":"product","link":"https:\/\/stylingagenten.com\/fi\/tuote\/malibu-kids-lotion-spray-spf50-200ml\/","title":{"rendered":"Malibu Kids Lotion Spray SPF50 200ml"},"content":{"rendered":"<p>Malibu Kids Lotion Spray SPF50 tarjoaa korkean suojan UVA- ja UVB-s\u00e4teit\u00e4 vastaan ja on erityisesti suunniteltu kest\u00e4m\u00e4\u00e4n kaikki lasten rantatoimet. Se on fotostabiili voide, joka on kliinisesti osoittautunut hell\u00e4varaiseksi useimmille ihotyypeille. Lis\u00e4ksi se on vitamiinirikas, sis\u00e4lt\u00e4\u00e4 Aloe Veraa ja on vedenkest\u00e4v\u00e4. Aurinkosuoja on helppo levitt\u00e4\u00e4 ja t\u00e4ydellinen rannalle ja lomalle.<\/p>\n<p>200 ml<\/p>\n","protected":false},"excerpt":{"rendered":"<p>Malibu Kids Lotion Spray SPF50 tarjoaa korkean suojan UVA- ja UVB-s\u00e4teit\u00e4 vastaan ja on erityisesti suunniteltu kest\u00e4m\u00e4\u00e4n kaikki lasten rantatoimet. Se on fotostabiili voide, joka on kliinisesti osoittautunut hell\u00e4varaiseksi useimmille ihotyypeille. Lis\u00e4ksi se on vitamiinirikas, sis\u00e4lt\u00e4\u00e4 Aloe Veraa ja on vedenkest\u00e4v\u00e4. Aurinkosuoja on helppo levitt\u00e4\u00e4 ja t\u00e4ydellinen rannalle ja lomalle. 200 ml<\/p>\n","protected":false},"featured_media":143773,"comment_status":"open","ping_status":"closed","template":"","meta":{"_trash_the_other_posts":false},"product_brand":[],"product_cat":[573,1011],"product_tag":[],"berocket_brand":[1241],"class_list":{"0":"post-143774","1":"product","2":"type-product","3":"status-publish","4":"has-post-thumbnail","6":"product_cat-aurinkosuoja","7":"product_cat-lasten-aurinkosuoja","8":"pa_brand-malibu","9":"berocket_brand-malibu","11":"first","12":"instock","13":"sale","14":"taxable","15":"shipping-taxable","16":"purchasable","17":"product-type-simple"},"_links":{"self":[{"href":"https:\/\/stylingagenten.com\/fi\/wp-json\/wp\/v2\/product\/143774","targetHints":{"allow":["GET"]}}],"collection":[{"href":"https:\/\/stylingagenten.com\/fi\/wp-json\/wp\/v2\/product"}],"about":[{"href":"https:\/\/stylingagenten.com\/fi\/wp-json\/wp\/v2\/types\/product"}],"replies":[{"embeddable":true,"href":"https:\/\/stylingagenten.com\/fi\/wp-json\/wp\/v2\/comments?post=143774"}],"version-history":[{"count":0,"href":"https:\/\/stylingagenten.com\/fi\/wp-json\/wp\/v2\/product\/143774\/revisions"}],"wp:featuredmedia":[{"embeddable":true,"href":"https:\/\/stylingagenten.com\/fi\/wp-json\/wp\/v2\/media\/143773"}],"wp:attachment":[{"href":"https:\/\/stylingagenten.com\/fi\/wp-json\/wp\/v2\/media?parent=143774"}],"wp:term":[{"taxonomy":"product_brand","embeddable":true,"href":"https:\/\/stylingagenten.com\/fi\/wp-json\/wp\/v2\/product_brand?post=143774"},{"taxonomy":"product_cat","embeddable":true,"href":"https:\/\/stylingagenten.com\/fi\/wp-json\/wp\/v2\/product_cat?post=143774"},{"taxonomy":"product_tag","embeddable":true,"href":"https:\/\/stylingagenten.com\/fi\/wp-json\/wp\/v2\/product_tag?post=143774"},{"taxonomy":"berocket_brand","embeddable":true,"href":"https:\/\/stylingagenten.com\/fi\/wp-json\/wp\/v2\/berocket_brand?post=143774"}],"curies":[{"name":"wp","href":"https:\/\/api.w.org\/{rel}","templated":true}]}}