{"id":143772,"date":"2025-05-18T23:25:55","date_gmt":"2025-05-18T23:25:55","guid":{"rendered":"https:\/\/staging2.stylingagenten.com\/fi\/produkt\/dermalogica-invisible-physical-defense-spf30-50ml\/"},"modified":"2026-04-08T15:30:24","modified_gmt":"2026-04-08T15:30:24","slug":"dermalogica-invisible-physical-defense-spf30-50ml","status":"publish","type":"product","link":"https:\/\/stylingagenten.com\/fi\/tuote\/dermalogica-invisible-physical-defense-spf30-50ml\/","title":{"rendered":"Dermalogica Invisible Physical Defense SPF30 50ml"},"content":{"rendered":"<p>Dermalogica Invisible Physical Defense SPF30 on aurinkosuoja, jossa on ultra-l\u00e4pin\u00e4kyv\u00e4\u00e4 sinkkioksidia. Se tarjoaa fyysisen UV-suojan, joka tuntuu kevyelt\u00e4 ja sulautuu huomaamattomasti kaikkiin ihons\u00e4vyihin.<\/p>\n<p>Sopii kaikille ihotyypeille ja -tiloille, mukaan lukien herk\u00e4lle iholle.<\/p>\n<p>50ml<\/p>\n","protected":false},"excerpt":{"rendered":"<p>Dermalogica Invisible Physical Defense SPF30 on aurinkosuoja, jossa on ultra-l\u00e4pin\u00e4kyv\u00e4\u00e4 sinkkioksidia. Se tarjoaa fyysisen UV-suojan, joka tuntuu kevyelt\u00e4 ja sulautuu huomaamattomasti kaikkiin ihons\u00e4vyihin. Sopii kaikille ihotyypeille ja -tiloille, mukaan lukien herk\u00e4lle iholle. 50ml<\/p>\n","protected":false},"featured_media":143768,"comment_status":"open","ping_status":"closed","template":"","meta":{"_trash_the_other_posts":false},"product_brand":[],"product_cat":[573],"product_tag":[],"berocket_brand":[1420],"class_list":{"0":"post-143772","1":"product","2":"type-product","3":"status-publish","4":"has-post-thumbnail","6":"product_cat-aurinkosuoja","7":"pa_brand-dermalogica","8":"berocket_brand-dermalogica","10":"first","11":"instock","12":"sale","13":"taxable","14":"shipping-taxable","15":"purchasable","16":"product-type-simple"},"_links":{"self":[{"href":"https:\/\/stylingagenten.com\/fi\/wp-json\/wp\/v2\/product\/143772","targetHints":{"allow":["GET"]}}],"collection":[{"href":"https:\/\/stylingagenten.com\/fi\/wp-json\/wp\/v2\/product"}],"about":[{"href":"https:\/\/stylingagenten.com\/fi\/wp-json\/wp\/v2\/types\/product"}],"replies":[{"embeddable":true,"href":"https:\/\/stylingagenten.com\/fi\/wp-json\/wp\/v2\/comments?post=143772"}],"version-history":[{"count":0,"href":"https:\/\/stylingagenten.com\/fi\/wp-json\/wp\/v2\/product\/143772\/revisions"}],"wp:featuredmedia":[{"embeddable":true,"href":"https:\/\/stylingagenten.com\/fi\/wp-json\/wp\/v2\/media\/143768"}],"wp:attachment":[{"href":"https:\/\/stylingagenten.com\/fi\/wp-json\/wp\/v2\/media?parent=143772"}],"wp:term":[{"taxonomy":"product_brand","embeddable":true,"href":"https:\/\/stylingagenten.com\/fi\/wp-json\/wp\/v2\/product_brand?post=143772"},{"taxonomy":"product_cat","embeddable":true,"href":"https:\/\/stylingagenten.com\/fi\/wp-json\/wp\/v2\/product_cat?post=143772"},{"taxonomy":"product_tag","embeddable":true,"href":"https:\/\/stylingagenten.com\/fi\/wp-json\/wp\/v2\/product_tag?post=143772"},{"taxonomy":"berocket_brand","embeddable":true,"href":"https:\/\/stylingagenten.com\/fi\/wp-json\/wp\/v2\/berocket_brand?post=143772"}],"curies":[{"name":"wp","href":"https:\/\/api.w.org\/{rel}","templated":true}]}}