{"id":143767,"date":"2025-05-18T23:25:50","date_gmt":"2025-05-18T23:25:50","guid":{"rendered":"https:\/\/staging2.stylingagenten.com\/fi\/produkt\/malibu-clear-protection-spray-spf20-250ml\/"},"modified":"2026-02-02T09:08:55","modified_gmt":"2026-02-02T09:08:55","slug":"malibu-clear-protection-spray-spf20-250ml","status":"publish","type":"product","link":"https:\/\/stylingagenten.com\/fi\/tuote\/malibu-clear-protection-spray-spf20-250ml\/","title":{"rendered":"Malibu Clear Protection Spray SPF20 250ml"},"content":{"rendered":"<p>Malibu Clear Protection Spray SPF20 tarjoaa suojaa UVA- ja UVB-s\u00e4teilt\u00e4. Suojaa ihosi auringon voimakkailta s\u00e4teilt\u00e4 t\u00e4m\u00e4n suihkesuojavoiteen avulla. T\u00e4m\u00e4 l\u00e4pin\u00e4kyv\u00e4 aurinkosuoja imeytyy nopeasti ihoon, ei ole rasvainen ja on vedenkest\u00e4v\u00e4.<\/p>\n<p>250 ml<\/p>\n","protected":false},"excerpt":{"rendered":"<p>Malibu Clear Protection Spray SPF20 tarjoaa suojaa UVA- ja UVB-s\u00e4teilt\u00e4. Suojaa ihosi auringon voimakkailta s\u00e4teilt\u00e4 t\u00e4m\u00e4n suihkesuojavoiteen avulla. T\u00e4m\u00e4 l\u00e4pin\u00e4kyv\u00e4 aurinkosuoja imeytyy nopeasti ihoon, ei ole rasvainen ja on vedenkest\u00e4v\u00e4. 250 ml<\/p>\n","protected":false},"featured_media":143766,"comment_status":"open","ping_status":"closed","template":"","meta":{"_trash_the_other_posts":false},"product_brand":[],"product_cat":[573],"product_tag":[],"berocket_brand":[1241],"class_list":{"0":"post-143767","1":"product","2":"type-product","3":"status-publish","4":"has-post-thumbnail","6":"product_cat-aurinkosuoja","7":"pa_brand-malibu","8":"berocket_brand-malibu","10":"first","11":"instock","12":"sale","13":"taxable","14":"shipping-taxable","15":"purchasable","16":"product-type-simple"},"_links":{"self":[{"href":"https:\/\/stylingagenten.com\/fi\/wp-json\/wp\/v2\/product\/143767","targetHints":{"allow":["GET"]}}],"collection":[{"href":"https:\/\/stylingagenten.com\/fi\/wp-json\/wp\/v2\/product"}],"about":[{"href":"https:\/\/stylingagenten.com\/fi\/wp-json\/wp\/v2\/types\/product"}],"replies":[{"embeddable":true,"href":"https:\/\/stylingagenten.com\/fi\/wp-json\/wp\/v2\/comments?post=143767"}],"version-history":[{"count":0,"href":"https:\/\/stylingagenten.com\/fi\/wp-json\/wp\/v2\/product\/143767\/revisions"}],"wp:featuredmedia":[{"embeddable":true,"href":"https:\/\/stylingagenten.com\/fi\/wp-json\/wp\/v2\/media\/143766"}],"wp:attachment":[{"href":"https:\/\/stylingagenten.com\/fi\/wp-json\/wp\/v2\/media?parent=143767"}],"wp:term":[{"taxonomy":"product_brand","embeddable":true,"href":"https:\/\/stylingagenten.com\/fi\/wp-json\/wp\/v2\/product_brand?post=143767"},{"taxonomy":"product_cat","embeddable":true,"href":"https:\/\/stylingagenten.com\/fi\/wp-json\/wp\/v2\/product_cat?post=143767"},{"taxonomy":"product_tag","embeddable":true,"href":"https:\/\/stylingagenten.com\/fi\/wp-json\/wp\/v2\/product_tag?post=143767"},{"taxonomy":"berocket_brand","embeddable":true,"href":"https:\/\/stylingagenten.com\/fi\/wp-json\/wp\/v2\/berocket_brand?post=143767"}],"curies":[{"name":"wp","href":"https:\/\/api.w.org\/{rel}","templated":true}]}}