{"id":143765,"date":"2025-05-18T23:25:47","date_gmt":"2025-05-18T23:25:47","guid":{"rendered":"https:\/\/staging2.stylingagenten.com\/fi\/produkt\/malibu-sun-lotion-spray-spf20-100ml\/"},"modified":"2026-04-10T16:28:27","modified_gmt":"2026-04-10T16:28:27","slug":"malibu-sun-lotion-spray-spf20-100ml","status":"publish","type":"product","link":"https:\/\/stylingagenten.com\/fi\/tuote\/malibu-sun-lotion-spray-spf20-100ml\/","title":{"rendered":"Malibu Sun Lotion Spray SPF20 100ml"},"content":{"rendered":"<p>Malibu SPF20 Lotion Spray antaa keskitason suojan UVA- ja UVB-s\u00e4teit\u00e4 vastaan. Se on fotostabiili voide, joka on kliinisesti todistettu sopivaksi useimmille ihotyypeille. Lis\u00e4ksi se on vitaminoitu ja vedenkest\u00e4v\u00e4. Aurinkosuoja on helppo levitt\u00e4\u00e4 ja se on t\u00e4ydellinen rannalle ja lomalle.<\/p>\n<p>100 ml<\/p>\n","protected":false},"excerpt":{"rendered":"<p>Malibu SPF20 Lotion Spray antaa keskitason suojan UVA- ja UVB-s\u00e4teit\u00e4 vastaan. Se on fotostabiili voide, joka on kliinisesti todistettu sopivaksi useimmille ihotyypeille. Lis\u00e4ksi se on vitaminoitu ja vedenkest\u00e4v\u00e4. Aurinkosuoja on helppo levitt\u00e4\u00e4 ja se on t\u00e4ydellinen rannalle ja lomalle. 100 ml<\/p>\n","protected":false},"featured_media":143764,"comment_status":"open","ping_status":"closed","template":"","meta":{"_trash_the_other_posts":false},"product_brand":[],"product_cat":[573],"product_tag":[],"berocket_brand":[1241],"class_list":{"0":"post-143765","1":"product","2":"type-product","3":"status-publish","4":"has-post-thumbnail","6":"product_cat-aurinkosuoja","7":"pa_brand-malibu","8":"berocket_brand-malibu","10":"first","11":"instock","12":"sale","13":"taxable","14":"shipping-taxable","15":"purchasable","16":"product-type-simple"},"_links":{"self":[{"href":"https:\/\/stylingagenten.com\/fi\/wp-json\/wp\/v2\/product\/143765","targetHints":{"allow":["GET"]}}],"collection":[{"href":"https:\/\/stylingagenten.com\/fi\/wp-json\/wp\/v2\/product"}],"about":[{"href":"https:\/\/stylingagenten.com\/fi\/wp-json\/wp\/v2\/types\/product"}],"replies":[{"embeddable":true,"href":"https:\/\/stylingagenten.com\/fi\/wp-json\/wp\/v2\/comments?post=143765"}],"version-history":[{"count":0,"href":"https:\/\/stylingagenten.com\/fi\/wp-json\/wp\/v2\/product\/143765\/revisions"}],"wp:featuredmedia":[{"embeddable":true,"href":"https:\/\/stylingagenten.com\/fi\/wp-json\/wp\/v2\/media\/143764"}],"wp:attachment":[{"href":"https:\/\/stylingagenten.com\/fi\/wp-json\/wp\/v2\/media?parent=143765"}],"wp:term":[{"taxonomy":"product_brand","embeddable":true,"href":"https:\/\/stylingagenten.com\/fi\/wp-json\/wp\/v2\/product_brand?post=143765"},{"taxonomy":"product_cat","embeddable":true,"href":"https:\/\/stylingagenten.com\/fi\/wp-json\/wp\/v2\/product_cat?post=143765"},{"taxonomy":"product_tag","embeddable":true,"href":"https:\/\/stylingagenten.com\/fi\/wp-json\/wp\/v2\/product_tag?post=143765"},{"taxonomy":"berocket_brand","embeddable":true,"href":"https:\/\/stylingagenten.com\/fi\/wp-json\/wp\/v2\/berocket_brand?post=143765"}],"curies":[{"name":"wp","href":"https:\/\/api.w.org\/{rel}","templated":true}]}}