{"id":143763,"date":"2025-05-18T23:25:45","date_gmt":"2025-05-18T23:25:45","guid":{"rendered":"https:\/\/staging2.stylingagenten.com\/fi\/produkt\/tocobo-bio-watery-sun-cream-spf-50-pa-50ml\/"},"modified":"2025-11-19T12:48:17","modified_gmt":"2025-11-19T12:48:17","slug":"tocobo-bio-watery-sun-cream-spf-50-pa-50ml","status":"publish","type":"product","link":"https:\/\/stylingagenten.com\/fi\/tuote\/tocobo-bio-watery-sun-cream-spf-50-pa-50ml\/","title":{"rendered":"TOCOBO Bio Watery Sun Cream SPF 50+ Pa++++ 50ml"},"content":{"rendered":"<p>TOCOBO Bio Watery Sun Cream SPF 50+ PA++++ on kosteuttava ja allergiayst\u00e4v\u00e4llinen aurinkovoide, joka sis\u00e4lt\u00e4\u00e4 mungpavun uutetta ja bio-hyaluronihappoa, jotka tarjoavat syv\u00e4\u00e4 kosteutusta ja virkist\u00e4v\u00e4t ihoa.<\/p>\n<p>Bio-hyaluronihappo<br \/>\n<br \/>Vigna Radiata -siemenuutteet<\/p>\n<p>50ml<\/p>\n","protected":false},"excerpt":{"rendered":"<p>TOCOBO Bio Watery Sun Cream SPF 50+ PA++++ on kosteuttava ja allergiayst\u00e4v\u00e4llinen aurinkovoide, joka sis\u00e4lt\u00e4\u00e4 mungpavun uutetta ja bio-hyaluronihappoa, jotka tarjoavat syv\u00e4\u00e4 kosteutusta ja virkist\u00e4v\u00e4t ihoa. Bio-hyaluronihappo Vigna Radiata -siemenuutteet 50ml<\/p>\n","protected":false},"featured_media":143760,"comment_status":"open","ping_status":"closed","template":"","meta":{"_trash_the_other_posts":false},"product_brand":[],"product_cat":[573],"product_tag":[],"berocket_brand":[1423],"class_list":{"0":"post-143763","1":"product","2":"type-product","3":"status-publish","4":"has-post-thumbnail","6":"product_cat-aurinkosuoja","7":"pa_brand-tocobo","8":"berocket_brand-tocobo","10":"first","11":"instock","12":"sale","13":"taxable","14":"shipping-taxable","15":"purchasable","16":"product-type-simple"},"_links":{"self":[{"href":"https:\/\/stylingagenten.com\/fi\/wp-json\/wp\/v2\/product\/143763","targetHints":{"allow":["GET"]}}],"collection":[{"href":"https:\/\/stylingagenten.com\/fi\/wp-json\/wp\/v2\/product"}],"about":[{"href":"https:\/\/stylingagenten.com\/fi\/wp-json\/wp\/v2\/types\/product"}],"replies":[{"embeddable":true,"href":"https:\/\/stylingagenten.com\/fi\/wp-json\/wp\/v2\/comments?post=143763"}],"version-history":[{"count":0,"href":"https:\/\/stylingagenten.com\/fi\/wp-json\/wp\/v2\/product\/143763\/revisions"}],"wp:featuredmedia":[{"embeddable":true,"href":"https:\/\/stylingagenten.com\/fi\/wp-json\/wp\/v2\/media\/143760"}],"wp:attachment":[{"href":"https:\/\/stylingagenten.com\/fi\/wp-json\/wp\/v2\/media?parent=143763"}],"wp:term":[{"taxonomy":"product_brand","embeddable":true,"href":"https:\/\/stylingagenten.com\/fi\/wp-json\/wp\/v2\/product_brand?post=143763"},{"taxonomy":"product_cat","embeddable":true,"href":"https:\/\/stylingagenten.com\/fi\/wp-json\/wp\/v2\/product_cat?post=143763"},{"taxonomy":"product_tag","embeddable":true,"href":"https:\/\/stylingagenten.com\/fi\/wp-json\/wp\/v2\/product_tag?post=143763"},{"taxonomy":"berocket_brand","embeddable":true,"href":"https:\/\/stylingagenten.com\/fi\/wp-json\/wp\/v2\/berocket_brand?post=143763"}],"curies":[{"name":"wp","href":"https:\/\/api.w.org\/{rel}","templated":true}]}}