{"id":143759,"date":"2025-05-18T23:25:39","date_gmt":"2025-05-18T23:25:39","guid":{"rendered":"https:\/\/staging2.stylingagenten.com\/fi\/produkt\/beauty-of-joseon-relief-sun-aqua-fresh-spf50-pa-50ml\/"},"modified":"2025-11-19T12:51:01","modified_gmt":"2025-11-19T12:51:01","slug":"beauty-of-joseon-relief-sun-aqua-fresh-spf50-pa-50ml","status":"publish","type":"product","link":"https:\/\/stylingagenten.com\/fi\/tuote\/beauty-of-joseon-relief-sun-aqua-fresh-spf50-pa-50ml\/","title":{"rendered":"Beauty of Joseon Relief Sun Aqua Fresh SPF50+ PA++++ 50ml"},"content":{"rendered":"<p>Beauty of Joseon Relief Sun Aqua Fresh SPF50+ PA++++ on virkist\u00e4v\u00e4 ja kosteuttava aurinkovoide, joka sis\u00e4lt\u00e4\u00e4 riisisiemenvett\u00e4 ja pantenolia, jotka suojaavat ihoasi haitallisilta UV-s\u00e4teilt\u00e4 ja ymp\u00e4rist\u00f6tekij\u00f6ilt\u00e4. Se imeytyy nopeasti ja j\u00e4tt\u00e4\u00e4 kosteuden tuomaan hehkuvan lopputuloksen.<\/p>\n<p>Sis\u00e4lt\u00e4\u00e4 riisisiemenvett\u00e4 (30 %), joka on t\u00e4ynn\u00e4 vitamiineja, mineraaleja ja antioksidantteja, jotka auttavat palauttamaan ihon luonnollisen terveyden ja tekev\u00e4t siit\u00e4 kirkkaan ja s\u00e4teilev\u00e4n. Pantenoli (B5-vitamiini) tunnetaan erinomaisista kosteuttavista ja rauhoittavista ominaisuuksistaan, se auttaa vahvistamaan ihon kosteussuojakerrosta ja rauhoittaa ihoa, joka on \u00e4rtynyt UV-s\u00e4teist\u00e4 ja ymp\u00e4rist\u00f6tekij\u00f6ist\u00e4.<\/p>\n<p>Koe t\u00e4ydellinen tasapaino kosteutuksen ja suojan v\u00e4lill\u00e4 Relief Sun Aqua-Freshill\u00e4, joka on suunniteltu sinulle, joka etsit kevytt\u00e4 ja hehkuvaa lopputulosta ilman, ett\u00e4 aurinkosuoja j\u00e4\u00e4 uupumaan.<\/p>\n<p>50ml<\/p>\n","protected":false},"excerpt":{"rendered":"<p>Beauty of Joseon Relief Sun Aqua Fresh SPF50+ PA++++ on virkist\u00e4v\u00e4 ja kosteuttava aurinkovoide, joka sis\u00e4lt\u00e4\u00e4 riisisiemenvett\u00e4 ja pantenolia, jotka suojaavat ihoasi haitallisilta UV-s\u00e4teilt\u00e4 ja ymp\u00e4rist\u00f6tekij\u00f6ilt\u00e4. Se imeytyy nopeasti ja j\u00e4tt\u00e4\u00e4 kosteuden tuomaan hehkuvan lopputuloksen. Sis\u00e4lt\u00e4\u00e4 riisisiemenvett\u00e4 (30 %), joka on t\u00e4ynn\u00e4 vitamiineja, mineraaleja ja antioksidantteja, jotka auttavat palauttamaan ihon luonnollisen terveyden ja tekev\u00e4t siit\u00e4 [&hellip;]<\/p>\n","protected":false},"featured_media":143751,"comment_status":"open","ping_status":"closed","template":"","meta":{"_trash_the_other_posts":false},"product_brand":[],"product_cat":[573],"product_tag":[],"berocket_brand":[1395],"class_list":{"0":"post-143759","1":"product","2":"type-product","3":"status-publish","4":"has-post-thumbnail","6":"product_cat-aurinkosuoja","7":"pa_brand-beauty-of-joseon","8":"berocket_brand-beauty-of-joseon","10":"first","11":"instock","12":"sale","13":"taxable","14":"shipping-taxable","15":"purchasable","16":"product-type-simple"},"_links":{"self":[{"href":"https:\/\/stylingagenten.com\/fi\/wp-json\/wp\/v2\/product\/143759","targetHints":{"allow":["GET"]}}],"collection":[{"href":"https:\/\/stylingagenten.com\/fi\/wp-json\/wp\/v2\/product"}],"about":[{"href":"https:\/\/stylingagenten.com\/fi\/wp-json\/wp\/v2\/types\/product"}],"replies":[{"embeddable":true,"href":"https:\/\/stylingagenten.com\/fi\/wp-json\/wp\/v2\/comments?post=143759"}],"version-history":[{"count":0,"href":"https:\/\/stylingagenten.com\/fi\/wp-json\/wp\/v2\/product\/143759\/revisions"}],"wp:featuredmedia":[{"embeddable":true,"href":"https:\/\/stylingagenten.com\/fi\/wp-json\/wp\/v2\/media\/143751"}],"wp:attachment":[{"href":"https:\/\/stylingagenten.com\/fi\/wp-json\/wp\/v2\/media?parent=143759"}],"wp:term":[{"taxonomy":"product_brand","embeddable":true,"href":"https:\/\/stylingagenten.com\/fi\/wp-json\/wp\/v2\/product_brand?post=143759"},{"taxonomy":"product_cat","embeddable":true,"href":"https:\/\/stylingagenten.com\/fi\/wp-json\/wp\/v2\/product_cat?post=143759"},{"taxonomy":"product_tag","embeddable":true,"href":"https:\/\/stylingagenten.com\/fi\/wp-json\/wp\/v2\/product_tag?post=143759"},{"taxonomy":"berocket_brand","embeddable":true,"href":"https:\/\/stylingagenten.com\/fi\/wp-json\/wp\/v2\/berocket_brand?post=143759"}],"curies":[{"name":"wp","href":"https:\/\/api.w.org\/{rel}","templated":true}]}}