{"id":143732,"date":"2025-05-18T23:24:24","date_gmt":"2025-05-18T23:24:24","guid":{"rendered":"https:\/\/staging2.stylingagenten.com\/fi\/produkt\/nuxe-tanning-sun-oil-spf50-150ml\/"},"modified":"2025-11-19T12:51:29","modified_gmt":"2025-11-19T12:51:29","slug":"nuxe-tanning-sun-oil-spf50-150ml","status":"publish","type":"product","link":"https:\/\/stylingagenten.com\/fi\/tuote\/nuxe-tanning-sun-oil-spf50-150ml\/","title":{"rendered":"Nuxe Tanning Sun Oil SPF50 150ml"},"content":{"rendered":"<p>Nuxe Tanning Sun Oil SPF50 on aurinko\u00f6ljy, jossa on korkea aurinkosuojakerroin. K\u00e4yt\u00e4 \u00f6ljy\u00e4, jos haluat korostaa rusketustasi \u2013 sit\u00e4 voidaan k\u00e4ytt\u00e4\u00e4 sek\u00e4 kasvoille ett\u00e4 vartalolle. Se imeytyy nopeasti ihoon ja j\u00e4tt\u00e4\u00e4 sen silkkisen pehme\u00e4ksi. Siin\u00e4 on mieto kes\u00e4inen tuoksu, jossa on appelsiinia, tiar\u00e9-kukkaa ja vaniljaa. Se on my\u00f6s alkoholiton ja parabeeniton. Nuxe Tanning Oil tulee k\u00e4tev\u00e4ss\u00e4 suihkepullossa, mik\u00e4 tekee levityksest\u00e4 eritt\u00e4in helppoa. Sopii kaikille ihotyypeille. Korkea suoja.<\/p>\n<p>Aurinko\u00f6ljy, jossa on korkea suojakerroin ja joka auttaa saamaan kauniin rusketuksen kasvoille ja vartalolle.<br \/>Imeytyy nopeasti ihoon ja j\u00e4tt\u00e4\u00e4 sen silkkisen pehme\u00e4ksi.<br \/>Ei sis\u00e4ll\u00e4 alkoholia eik\u00e4 parabeeneja.<\/p>\n<p>150ml<\/p>\n","protected":false},"excerpt":{"rendered":"<p>Nuxe Tanning Sun Oil SPF50 on aurinko\u00f6ljy, jossa on korkea aurinkosuojakerroin. K\u00e4yt\u00e4 \u00f6ljy\u00e4, jos haluat korostaa rusketustasi \u2013 sit\u00e4 voidaan k\u00e4ytt\u00e4\u00e4 sek\u00e4 kasvoille ett\u00e4 vartalolle. Se imeytyy nopeasti ihoon ja j\u00e4tt\u00e4\u00e4 sen silkkisen pehme\u00e4ksi. Siin\u00e4 on mieto kes\u00e4inen tuoksu, jossa on appelsiinia, tiar\u00e9-kukkaa ja vaniljaa. Se on my\u00f6s alkoholiton ja parabeeniton. Nuxe Tanning Oil tulee [&hellip;]<\/p>\n","protected":false},"featured_media":143722,"comment_status":"open","ping_status":"closed","template":"","meta":{"_trash_the_other_posts":false},"product_brand":[],"product_cat":[573],"product_tag":[],"berocket_brand":[1024],"class_list":{"0":"post-143732","1":"product","2":"type-product","3":"status-publish","4":"has-post-thumbnail","6":"product_cat-aurinkosuoja","7":"pa_brand-nuxe","8":"berocket_brand-nuxe","10":"first","11":"instock","12":"sale","13":"taxable","14":"shipping-taxable","15":"purchasable","16":"product-type-simple"},"_links":{"self":[{"href":"https:\/\/stylingagenten.com\/fi\/wp-json\/wp\/v2\/product\/143732","targetHints":{"allow":["GET"]}}],"collection":[{"href":"https:\/\/stylingagenten.com\/fi\/wp-json\/wp\/v2\/product"}],"about":[{"href":"https:\/\/stylingagenten.com\/fi\/wp-json\/wp\/v2\/types\/product"}],"replies":[{"embeddable":true,"href":"https:\/\/stylingagenten.com\/fi\/wp-json\/wp\/v2\/comments?post=143732"}],"version-history":[{"count":0,"href":"https:\/\/stylingagenten.com\/fi\/wp-json\/wp\/v2\/product\/143732\/revisions"}],"wp:featuredmedia":[{"embeddable":true,"href":"https:\/\/stylingagenten.com\/fi\/wp-json\/wp\/v2\/media\/143722"}],"wp:attachment":[{"href":"https:\/\/stylingagenten.com\/fi\/wp-json\/wp\/v2\/media?parent=143732"}],"wp:term":[{"taxonomy":"product_brand","embeddable":true,"href":"https:\/\/stylingagenten.com\/fi\/wp-json\/wp\/v2\/product_brand?post=143732"},{"taxonomy":"product_cat","embeddable":true,"href":"https:\/\/stylingagenten.com\/fi\/wp-json\/wp\/v2\/product_cat?post=143732"},{"taxonomy":"product_tag","embeddable":true,"href":"https:\/\/stylingagenten.com\/fi\/wp-json\/wp\/v2\/product_tag?post=143732"},{"taxonomy":"berocket_brand","embeddable":true,"href":"https:\/\/stylingagenten.com\/fi\/wp-json\/wp\/v2\/berocket_brand?post=143732"}],"curies":[{"name":"wp","href":"https:\/\/api.w.org\/{rel}","templated":true}]}}